{"id":716131,"date":"2025-08-27T17:38:44","date_gmt":"2025-08-27T14:38:44","guid":{"rendered":"https:\/\/roveyayinevi.com.tr\/index.php\/urun\/yavuz-sultan-selim-kumandan-4\/"},"modified":"2026-04-16T02:24:32","modified_gmt":"2026-04-15T23:24:32","slug":"yavuz-sultan-selim-kumandan-4","status":"publish","type":"product","link":"https:\/\/roveyayinevi.com.tr\/index.php\/urun\/yavuz-sultan-selim-kumandan-4\/","title":{"rendered":"Yavuz Sultan Selim: Kumandan 4"},"content":{"rendered":"<p>\u0130stanbul\u2019un fethi ile birlikte toprak b\u00fct\u00fcnl\u00fc\u011f\u00fcn\u00fc sa\u011flayan Osmanl\u0131 \u0130mparatorlu\u011fu, Balkanlara y\u00f6nelik seferlerine h\u0131z vermi\u015fti. Ancak Bat\u0131\u2019ya at\u0131lan her ad\u0131mda Do\u011fu\u2019da fitne ate\u015fi k\u00f6r\u00fcklenmekteydi.Diri olmak i\u00e7in bir olunmal\u0131yd\u0131. Karde\u015f co\u011frafyalarla ayn\u0131 sancak alt\u0131nda toplanmal\u0131 ve hep birlikte ayn\u0131 hedefe do\u011fru ko\u015fulmal\u0131yd\u0131.Dedesi Fatih Sultan Mehmet gibi fetih a\u015fk\u0131yla yan\u0131p tutu\u015fan torunu, satran\u00e7taki ustal\u0131\u011f\u0131n\u0131 saltanat\u0131nda da konu\u015fturuyordu. Yeni hedef art\u0131k Do\u011fu\u2019ydu\u2026Yavuz olup k\u0131l\u0131\u00e7la nizam\u0131n kurulu\u015funa, Selim olup merhametle adaletin sa\u011flan\u0131\u015f\u0131na, cesaret ve zek\u00e2yla tarihin yaz\u0131l\u0131\u015f\u0131na tan\u0131k olman i\u00e7in Yavuz Sultan Selim seni bekliyor.<\/p>\n","protected":false},"excerpt":{"rendered":"<p>\u0130stanbul\u2019un fethi ile birlikte toprak b\u00fct\u00fcnl\u00fc\u011f\u00fcn\u00fc sa\u011flayan Osmanl\u0131 \u0130mparatorlu\u011fu, Balkanlara y\u00f6nelik seferlerine h\u0131z vermi\u015fti. Ancak Bat\u0131\u2019ya at\u0131lan her ad\u0131mda Do\u011fu\u2019da fitne ate\u015fi k\u00f6r\u00fcklenmekteydi.Diri olmak i\u00e7in bir<span class=\"excerpt-hellip\"> [\u2026]<\/span><\/p>\n","protected":false},"featured_media":0,"template":"","meta":{"_monsterinsights_skip_tracking":false,"_monsterinsights_sitenote_active":false,"_monsterinsights_sitenote_note":"","_monsterinsights_sitenote_category":0},"product_brand":[],"product_cat":[13946,12304],"product_tag":[],"class_list":{"0":"post-716131","1":"product","2":"type-product","3":"status-publish","5":"product_cat-biyografi-otobiyografi","6":"product_cat-tarih","7":"pa_cilt-ciltsiz","8":"pa_tur-kitap","9":"pa_yayinevi-acayip-kitaplar","10":"pa_yazar-yigit-recep-efe","12":"first","13":"instock","14":"sale","15":"shipping-taxable","16":"purchasable","17":"product-type-simple"},"_links":{"self":[{"href":"https:\/\/roveyayinevi.com.tr\/index.php\/wp-json\/wp\/v2\/product\/716131","targetHints":{"allow":["GET"]}}],"collection":[{"href":"https:\/\/roveyayinevi.com.tr\/index.php\/wp-json\/wp\/v2\/product"}],"about":[{"href":"https:\/\/roveyayinevi.com.tr\/index.php\/wp-json\/wp\/v2\/types\/product"}],"wp:attachment":[{"href":"https:\/\/roveyayinevi.com.tr\/index.php\/wp-json\/wp\/v2\/media?parent=716131"}],"wp:term":[{"taxonomy":"product_brand","embeddable":true,"href":"https:\/\/roveyayinevi.com.tr\/index.php\/wp-json\/wp\/v2\/product_brand?post=716131"},{"taxonomy":"product_cat","embeddable":true,"href":"https:\/\/roveyayinevi.com.tr\/index.php\/wp-json\/wp\/v2\/product_cat?post=716131"},{"taxonomy":"product_tag","embeddable":true,"href":"https:\/\/roveyayinevi.com.tr\/index.php\/wp-json\/wp\/v2\/product_tag?post=716131"}],"curies":[{"name":"wp","href":"https:\/\/api.w.org\/{rel}","templated":true}]}}