{"id":716130,"date":"2025-08-27T17:38:43","date_gmt":"2025-08-27T14:38:43","guid":{"rendered":"https:\/\/roveyayinevi.com.tr\/index.php\/urun\/sultan-alp-arslan-kumandan-3\/"},"modified":"2026-04-16T02:24:31","modified_gmt":"2026-04-15T23:24:31","slug":"sultan-alp-arslan-kumandan-3","status":"publish","type":"product","link":"https:\/\/roveyayinevi.com.tr\/index.php\/urun\/sultan-alp-arslan-kumandan-3\/","title":{"rendered":"Sultan Alp Arslan: Kumandan 3"},"content":{"rendered":"<p>T\u00fcrklerin y\u00fczy\u0131llar \u00f6nce Asya bozk\u0131rlar\u0131ndan ayr\u0131larak ba\u015flatt\u0131\u011f\u0131 yeni yurt aray\u0131\u015f\u0131 devam ediyordu. \u0130nsanl\u0131k, kab\u0131na s\u0131\u011fmayan bu cesur millet taraf\u0131ndan kurulan yeni bir devletin tarih sahnesine \u00e7\u0131k\u0131\u015f\u0131na tan\u0131k oluyordu.B\u00fcy\u00fck Sel\u00e7uklu Devleti ile Horasan\u2019dan parlayan k\u0131v\u0131lc\u0131m k\u0131sa s\u00fcrede Mezopotamya\u2019ya kadar ula\u015fm\u0131\u015ft\u0131. Ge\u00e7ti\u011fi co\u011frafyalarda y\u00fcrekleri \u0131s\u0131tmakta, zul\u00fcm alt\u0131nda inleyen insanlara umut olmaktayd\u0131.Bizans \u0130mparatorlu\u011fu, 200 bin ki\u015filik ordusuyla bu gen\u00e7 devletin ba\u015f\u0131ndaki gen\u00e7 sultana ve T\u00fcrklere &#8220;Dur!\u201d demek i\u00e7in yola \u00e7\u0131km\u0131\u015ft\u0131.Anadolu\u2019nun T\u00fcrk milletine kap\u0131lar\u0131n\u0131 a\u00e7\u0131\u015f\u0131na, y\u00fcrekleri cesaret ve azimle atan 40 bin kartal\u0131n kahramanl\u0131\u011f\u0131na tan\u0131k olman i\u00e7in Sultan Alp Arslan seni bekliyor.<\/p>\n","protected":false},"excerpt":{"rendered":"<p>T\u00fcrklerin y\u00fczy\u0131llar \u00f6nce Asya bozk\u0131rlar\u0131ndan ayr\u0131larak ba\u015flatt\u0131\u011f\u0131 yeni yurt aray\u0131\u015f\u0131 devam ediyordu. \u0130nsanl\u0131k, kab\u0131na s\u0131\u011fmayan bu cesur millet taraf\u0131ndan kurulan yeni bir devletin tarih sahnesine \u00e7\u0131k\u0131\u015f\u0131na<span class=\"excerpt-hellip\"> [\u2026]<\/span><\/p>\n","protected":false},"featured_media":0,"template":"","meta":{"_monsterinsights_skip_tracking":false,"_monsterinsights_sitenote_active":false,"_monsterinsights_sitenote_note":"","_monsterinsights_sitenote_category":0},"product_brand":[],"product_cat":[13946,12304],"product_tag":[],"class_list":{"0":"post-716130","1":"product","2":"type-product","3":"status-publish","5":"product_cat-biyografi-otobiyografi","6":"product_cat-tarih","7":"pa_tur-kitap","8":"pa_yayinevi-acayip-kitaplar","9":"pa_yazar-yigit-recep-efe","11":"first","12":"instock","13":"sale","14":"shipping-taxable","15":"purchasable","16":"product-type-simple"},"_links":{"self":[{"href":"https:\/\/roveyayinevi.com.tr\/index.php\/wp-json\/wp\/v2\/product\/716130","targetHints":{"allow":["GET"]}}],"collection":[{"href":"https:\/\/roveyayinevi.com.tr\/index.php\/wp-json\/wp\/v2\/product"}],"about":[{"href":"https:\/\/roveyayinevi.com.tr\/index.php\/wp-json\/wp\/v2\/types\/product"}],"wp:attachment":[{"href":"https:\/\/roveyayinevi.com.tr\/index.php\/wp-json\/wp\/v2\/media?parent=716130"}],"wp:term":[{"taxonomy":"product_brand","embeddable":true,"href":"https:\/\/roveyayinevi.com.tr\/index.php\/wp-json\/wp\/v2\/product_brand?post=716130"},{"taxonomy":"product_cat","embeddable":true,"href":"https:\/\/roveyayinevi.com.tr\/index.php\/wp-json\/wp\/v2\/product_cat?post=716130"},{"taxonomy":"product_tag","embeddable":true,"href":"https:\/\/roveyayinevi.com.tr\/index.php\/wp-json\/wp\/v2\/product_tag?post=716130"}],"curies":[{"name":"wp","href":"https:\/\/api.w.org\/{rel}","templated":true}]}}