{"id":716129,"date":"2025-08-27T17:38:43","date_gmt":"2025-08-27T14:38:43","guid":{"rendered":"https:\/\/roveyayinevi.com.tr\/index.php\/urun\/mustafa-kemal-ataturk-kumandan-2\/"},"modified":"2026-04-16T02:24:31","modified_gmt":"2026-04-15T23:24:31","slug":"mustafa-kemal-ataturk-kumandan-2","status":"publish","type":"product","link":"https:\/\/roveyayinevi.com.tr\/index.php\/urun\/mustafa-kemal-ataturk-kumandan-2\/","title":{"rendered":"Mustafa Kemal Atat\u00fcrk: Kumandan 2"},"content":{"rendered":"<p>Avrupa devletlerinin s\u00f6m\u00fcrgecilik yar\u0131\u015f\u0131nda s\u0131ra Osmanl\u0131 Devleti&#8217;ne gelmi\u015fti. Afrika, Amerika, Hindistan ve Avustralya&#8217;da oldu\u011fu gibi bu topraklar\u0131 da hi\u00e7 zorlanmadan ele ge\u00e7irip aralar\u0131nda payla\u015facaklar\u0131n\u0131 d\u00fc\u015f\u00fcn\u00fcyorlard\u0131.Ancak hesap edemedikleri bir \u015fey vard\u0131: \u0130nsanl\u0131k tarihi boyunca zincir vurulamam\u0131\u015f h\u00fcrriyet d\u00fc\u015fk\u00fcn\u00fc bir millet&#8230;Erke\u011fiyle kad\u0131n\u0131yla, genciyle ya\u015fl\u0131s\u0131yla kanlar\u0131n\u0131n son damlas\u0131na kadar vatanlar\u0131n\u0131 savunacak \u00e7\u0131lg\u0131n bir millet&#8230;Ve bu milleti aya\u011fa kald\u0131racak korkusuz bir kumandan; Mustafa Kemal&#8230;D\u00f6rt bir koldan sald\u0131ran onlarca devlete kar\u015f\u0131 verilen amans\u0131z m\u00fccadeleye, cesaret ve fedak\u00e2rl\u0131kla tarihin yaz\u0131l\u0131\u015f\u0131na tan\u0131k olman i\u00e7in Mustafa Kemal Atat\u00fcrk seni bekliyor.<\/p>\n","protected":false},"excerpt":{"rendered":"<p>Avrupa devletlerinin s\u00f6m\u00fcrgecilik yar\u0131\u015f\u0131nda s\u0131ra Osmanl\u0131 Devleti&#8217;ne gelmi\u015fti. Afrika, Amerika, Hindistan ve Avustralya&#8217;da oldu\u011fu gibi bu topraklar\u0131 da hi\u00e7 zorlanmadan ele ge\u00e7irip aralar\u0131nda payla\u015facaklar\u0131n\u0131 d\u00fc\u015f\u00fcn\u00fcyorlard\u0131.Ancak hesap<span class=\"excerpt-hellip\"> [\u2026]<\/span><\/p>\n","protected":false},"featured_media":0,"template":"","meta":{"_monsterinsights_skip_tracking":false,"_monsterinsights_sitenote_active":false,"_monsterinsights_sitenote_note":"","_monsterinsights_sitenote_category":0},"product_brand":[],"product_cat":[12530,12304],"product_tag":[],"class_list":{"0":"post-716129","1":"product","2":"type-product","3":"status-publish","5":"product_cat-mustafa-kemal-ataturk","6":"product_cat-tarih","7":"pa_cilt-ciltsiz","8":"pa_tur-kitap","9":"pa_yayinevi-acayip-kitaplar","10":"pa_yazar-yigit-recep-efe","12":"first","13":"instock","14":"sale","15":"shipping-taxable","16":"purchasable","17":"product-type-simple"},"_links":{"self":[{"href":"https:\/\/roveyayinevi.com.tr\/index.php\/wp-json\/wp\/v2\/product\/716129","targetHints":{"allow":["GET"]}}],"collection":[{"href":"https:\/\/roveyayinevi.com.tr\/index.php\/wp-json\/wp\/v2\/product"}],"about":[{"href":"https:\/\/roveyayinevi.com.tr\/index.php\/wp-json\/wp\/v2\/types\/product"}],"wp:attachment":[{"href":"https:\/\/roveyayinevi.com.tr\/index.php\/wp-json\/wp\/v2\/media?parent=716129"}],"wp:term":[{"taxonomy":"product_brand","embeddable":true,"href":"https:\/\/roveyayinevi.com.tr\/index.php\/wp-json\/wp\/v2\/product_brand?post=716129"},{"taxonomy":"product_cat","embeddable":true,"href":"https:\/\/roveyayinevi.com.tr\/index.php\/wp-json\/wp\/v2\/product_cat?post=716129"},{"taxonomy":"product_tag","embeddable":true,"href":"https:\/\/roveyayinevi.com.tr\/index.php\/wp-json\/wp\/v2\/product_tag?post=716129"}],"curies":[{"name":"wp","href":"https:\/\/api.w.org\/{rel}","templated":true}]}}