{"id":716127,"date":"2025-08-27T17:38:41","date_gmt":"2025-08-27T14:38:41","guid":{"rendered":"https:\/\/roveyayinevi.com.tr\/index.php\/urun\/kod-adi-39-vatikani-yikmak\/"},"modified":"2026-04-16T02:24:31","modified_gmt":"2026-04-15T23:24:31","slug":"kod-adi-39-vatikani-yikmak","status":"publish","type":"product","link":"https:\/\/roveyayinevi.com.tr\/index.php\/urun\/kod-adi-39-vatikani-yikmak\/","title":{"rendered":"Kod Ad\u0131: 39 Vatikan\u2019\u0131 Y\u0131kmak"},"content":{"rendered":"<p>Yakla\u015f\u0131k 1700 y\u0131ld\u0131r d\u00fcnyan\u0131n en b\u00fcy\u00fck din\u00ee grubunu y\u00f6neten Papalar, ticari, siyasi ve asker\u00ee alanlardaki \u00e7al\u0131\u015fmalar\u0131yla da tarih sahnesinde yer alm\u0131\u015flard\u0131r.\u0130slamiyet\u2019in do\u011fu\u015fu ile arad\u0131\u011f\u0131 d\u00fc\u015fman\u0131 bulup pozisyonunu g\u00fc\u00e7lendiren Papalar, 1095 y\u0131l\u0131nda Kud\u00fcs\u2019\u00fcn M\u00fcsl\u00fcmanlar\u0131n elinden al\u0131nmas\u0131 i\u00e7in ilk Ha\u00e7l\u0131 Seferini organize etmi\u015flerdir. Bu tarihten g\u00fcn\u00fcm\u00fcze gizli veya a\u00e7\u0131ktan M\u00fcsl\u00fcmanlarla olan m\u00fccadelesini devam ettiren Vatikan, bin y\u0131l ge\u00e7mesine ra\u011fmen Anadolu\u2019ya ve Orta Do\u011fu\u2019ya ili\u015fkin beyhude hayallerinden vazge\u00e7memi\u015ftir.Aforoz etme ve enterdi ilan\u0131 ile Hristiyan krallar\u0131 ve halklar\u0131 buyru\u011fu alt\u0131na alan Papalar, g\u00f6n\u00fcll\u00fc ve g\u00f6n\u00fcls\u00fcz toplad\u0131klar\u0131 ba\u011f\u0131\u015flarla b\u00fcy\u00fck bir ekonomik g\u00fcce kavu\u015fmu\u015flard\u0131r. Co\u011frafi ke\u015fiflerle birlikte kurduklar\u0131 din\u00ee sistemi yeni co\u011frafyalara ta\u015f\u0131yarak d\u00fcnya \u00e7ap\u0131nda siyasi bir g\u00fc\u00e7 elde etmi\u015flerdir.Bu kitapla Vatikan\u2019\u0131n arkas\u0131ndaki gizli g\u00fc\u00e7lerin nas\u0131l \u00e7al\u0131\u015ft\u0131\u011f\u0131na \u015fahit olacak, hangi sebeplerden dolay\u0131 kendi sonunu getirdi\u011fini ibretle okuyacaks\u0131n\u0131z.<\/p>\n","protected":false},"excerpt":{"rendered":"<p>Yakla\u015f\u0131k 1700 y\u0131ld\u0131r d\u00fcnyan\u0131n en b\u00fcy\u00fck din\u00ee grubunu y\u00f6neten Papalar, ticari, siyasi ve asker\u00ee alanlardaki \u00e7al\u0131\u015fmalar\u0131yla da tarih sahnesinde yer alm\u0131\u015flard\u0131r.\u0130slamiyet\u2019in do\u011fu\u015fu ile arad\u0131\u011f\u0131 d\u00fc\u015fman\u0131 bulup<span class=\"excerpt-hellip\"> [\u2026]<\/span><\/p>\n","protected":false},"featured_media":0,"template":"","meta":{"_monsterinsights_skip_tracking":false,"_monsterinsights_sitenote_active":false,"_monsterinsights_sitenote_note":"","_monsterinsights_sitenote_category":0},"product_brand":[],"product_cat":[13072,12291],"product_tag":[],"class_list":{"0":"post-716127","1":"product","2":"type-product","3":"status-publish","5":"product_cat-arastirma-inceleme-referans","6":"product_cat-edebiyat","7":"pa_cilt-ciltsiz","8":"pa_tur-kitap","9":"pa_yayinevi-eftalya-kitap","10":"pa_yazar-ali-kuzu","12":"first","13":"instock","14":"sale","15":"shipping-taxable","16":"purchasable","17":"product-type-simple"},"_links":{"self":[{"href":"https:\/\/roveyayinevi.com.tr\/index.php\/wp-json\/wp\/v2\/product\/716127","targetHints":{"allow":["GET"]}}],"collection":[{"href":"https:\/\/roveyayinevi.com.tr\/index.php\/wp-json\/wp\/v2\/product"}],"about":[{"href":"https:\/\/roveyayinevi.com.tr\/index.php\/wp-json\/wp\/v2\/types\/product"}],"wp:attachment":[{"href":"https:\/\/roveyayinevi.com.tr\/index.php\/wp-json\/wp\/v2\/media?parent=716127"}],"wp:term":[{"taxonomy":"product_brand","embeddable":true,"href":"https:\/\/roveyayinevi.com.tr\/index.php\/wp-json\/wp\/v2\/product_brand?post=716127"},{"taxonomy":"product_cat","embeddable":true,"href":"https:\/\/roveyayinevi.com.tr\/index.php\/wp-json\/wp\/v2\/product_cat?post=716127"},{"taxonomy":"product_tag","embeddable":true,"href":"https:\/\/roveyayinevi.com.tr\/index.php\/wp-json\/wp\/v2\/product_tag?post=716127"}],"curies":[{"name":"wp","href":"https:\/\/api.w.org\/{rel}","templated":true}]}}