{"id":716126,"date":"2025-08-27T17:38:41","date_gmt":"2025-08-27T14:38:41","guid":{"rendered":"https:\/\/roveyayinevi.com.tr\/index.php\/urun\/fatih-sultan-mehmet-kumandan-1\/"},"modified":"2026-04-16T02:24:31","modified_gmt":"2026-04-15T23:24:31","slug":"fatih-sultan-mehmet-kumandan-1","status":"publish","type":"product","link":"https:\/\/roveyayinevi.com.tr\/index.php\/urun\/fatih-sultan-mehmet-kumandan-1\/","title":{"rendered":"Fatih Sultan Mehmet: Kumandan 1"},"content":{"rendered":"<p>Y\u00fczlerce y\u0131ld\u0131r onlarca kumandan\u0131n, binlerce askerin y\u0131kamad\u0131\u011f\u0131 g\u00fc\u00e7l\u00fc duvarlar\u0131n arkas\u0131nda Bizans \u0130mparatoru kendini g\u00fcvende hissediyordu. Daha \u00f6nce oldu\u011fu gibi T\u00fcrklerin yine h\u00fcsrana u\u011frayaca\u011f\u0131ndan \u00e7ok fazla emindi. Nereden bilebilirdi ki; ya\u015f\u0131tlar\u0131 \u00e7elik \u00e7omak oynarken bir \u00e7ocu\u011fun bin y\u0131ll\u0131k bir imparatorlu\u011fu y\u0131kma hayali kurdu\u011funu&#8230; O \u00e7ocu\u011fun her g\u00fcn\u00fcn\u00fc ve gecesini &#8216;kutlu zafer&#8217;e haz\u0131rlanarak ge\u00e7irdi\u011fini&#8230; Hen\u00fcz yirmi bir ya\u015f\u0131nda padi\u015fah olan II. Mehmet&#8217;in fetih m\u00fcjdesiyle yan\u0131p tutu\u015ftu\u011funu&#8230; Bizans surlar\u0131n\u0131n y\u0131k\u0131larak orta \u00e7a\u011f\u0131n karanl\u0131\u011fa g\u00f6m\u00fcld\u00fc\u011f\u00fcne, cesaret ve kararl\u0131l\u0131kla tarihin yaz\u0131l\u0131\u015f\u0131na tan\u0131k olman i\u00e7in Fatih Sultan Mehmet seni bekliyor.<\/p>\n","protected":false},"excerpt":{"rendered":"<p>Y\u00fczlerce y\u0131ld\u0131r onlarca kumandan\u0131n, binlerce askerin y\u0131kamad\u0131\u011f\u0131 g\u00fc\u00e7l\u00fc duvarlar\u0131n arkas\u0131nda Bizans \u0130mparatoru kendini g\u00fcvende hissediyordu. Daha \u00f6nce oldu\u011fu gibi T\u00fcrklerin yine h\u00fcsrana u\u011frayaca\u011f\u0131ndan \u00e7ok fazla emindi.<span class=\"excerpt-hellip\"> [\u2026]<\/span><\/p>\n","protected":false},"featured_media":0,"template":"","meta":{"_monsterinsights_skip_tracking":false,"_monsterinsights_sitenote_active":false,"_monsterinsights_sitenote_note":"","_monsterinsights_sitenote_category":0},"product_brand":[],"product_cat":[13946,12304],"product_tag":[],"class_list":{"0":"post-716126","1":"product","2":"type-product","3":"status-publish","5":"product_cat-biyografi-otobiyografi","6":"product_cat-tarih","7":"pa_cilt-ciltsiz","8":"pa_tur-kitap","9":"pa_yayinevi-acayip-kitaplar","10":"pa_yazar-yigit-recep-efe","12":"first","13":"instock","14":"sale","15":"shipping-taxable","16":"purchasable","17":"product-type-simple"},"_links":{"self":[{"href":"https:\/\/roveyayinevi.com.tr\/index.php\/wp-json\/wp\/v2\/product\/716126","targetHints":{"allow":["GET"]}}],"collection":[{"href":"https:\/\/roveyayinevi.com.tr\/index.php\/wp-json\/wp\/v2\/product"}],"about":[{"href":"https:\/\/roveyayinevi.com.tr\/index.php\/wp-json\/wp\/v2\/types\/product"}],"wp:attachment":[{"href":"https:\/\/roveyayinevi.com.tr\/index.php\/wp-json\/wp\/v2\/media?parent=716126"}],"wp:term":[{"taxonomy":"product_brand","embeddable":true,"href":"https:\/\/roveyayinevi.com.tr\/index.php\/wp-json\/wp\/v2\/product_brand?post=716126"},{"taxonomy":"product_cat","embeddable":true,"href":"https:\/\/roveyayinevi.com.tr\/index.php\/wp-json\/wp\/v2\/product_cat?post=716126"},{"taxonomy":"product_tag","embeddable":true,"href":"https:\/\/roveyayinevi.com.tr\/index.php\/wp-json\/wp\/v2\/product_tag?post=716126"}],"curies":[{"name":"wp","href":"https:\/\/api.w.org\/{rel}","templated":true}]}}