{"id":716125,"date":"2025-08-27T17:38:40","date_gmt":"2025-08-27T14:38:40","guid":{"rendered":"https:\/\/roveyayinevi.com.tr\/index.php\/urun\/bob-endise-etmemeyi-ogretiyor\/"},"modified":"2026-04-03T02:30:53","modified_gmt":"2026-04-02T23:30:53","slug":"bob-endise-etmemeyi-ogretiyor","status":"publish","type":"product","link":"https:\/\/roveyayinevi.com.tr\/index.php\/urun\/bob-endise-etmemeyi-ogretiyor\/","title":{"rendered":"Bob Endi\u015fe Etmemeyi \u00d6\u011fretiyor"},"content":{"rendered":"<p>Max endi\u015felenir dururdu. Hem de \u00e7ok. Oysa k\u00f6pe\u011fi Bob hi\u00e7 endi\u015felenmezdi. Hem de hi\u00e7. Kimsenin kendisini sevmeyece\u011finden ya da birilerinin onu \u00e7ok fazla sevece\u011finden, \u00e7ok kal\u0131n giyinmi\u015f olmaktan ya da yeterince kal\u0131n giyinmemi\u015f olmaktan endi\u015felenirdi. Hatta uzayl\u0131lar\u0131n onu ka\u00e7\u0131raca\u011f\u0131 d\u00fc\u015f\u00fcncesinden bile endi\u015felenirdi. Neyse ki Bob vard\u0131. Bob, endi\u015felerle ba\u015fa \u00e7\u0131kman\u0131n en iyi yolunun onlar\u0131 bir arkada\u015fla payla\u015fmak oldu\u011funu g\u00f6sterebilirdi. Endi\u015felerimizi arkada\u015flar\u0131m\u0131zla payla\u015fman\u0131n \u00f6nemi hakk\u0131nda harika bir \u00f6yk\u00fc\u2026 <\/p>\n","protected":false},"excerpt":{"rendered":"<p>Max endi\u015felenir dururdu. Hem de \u00e7ok. Oysa k\u00f6pe\u011fi Bob hi\u00e7 endi\u015felenmezdi. Hem de hi\u00e7. Kimsenin kendisini sevmeyece\u011finden ya da birilerinin onu \u00e7ok fazla sevece\u011finden, \u00e7ok kal\u0131n<span class=\"excerpt-hellip\"> [\u2026]<\/span><\/p>\n","protected":false},"featured_media":0,"template":"","meta":{"_monsterinsights_skip_tracking":false,"_monsterinsights_sitenote_active":false,"_monsterinsights_sitenote_note":"","_monsterinsights_sitenote_category":0},"product_brand":[],"product_cat":[12274,12284],"product_tag":[],"class_list":{"0":"post-716125","1":"product","2":"type-product","3":"status-publish","5":"product_cat-cocuk-ve-genclik-kitaplari","6":"product_cat-hikayeler","7":"pa_cilt-ciltsiz","8":"pa_tur-kitap","9":"pa_yayinevi-1001-cicek-kitaplar","10":"pa_yazar-matthew-morgan","12":"first","13":"instock","14":"sale","15":"shipping-taxable","16":"purchasable","17":"product-type-simple"},"_links":{"self":[{"href":"https:\/\/roveyayinevi.com.tr\/index.php\/wp-json\/wp\/v2\/product\/716125","targetHints":{"allow":["GET"]}}],"collection":[{"href":"https:\/\/roveyayinevi.com.tr\/index.php\/wp-json\/wp\/v2\/product"}],"about":[{"href":"https:\/\/roveyayinevi.com.tr\/index.php\/wp-json\/wp\/v2\/types\/product"}],"wp:attachment":[{"href":"https:\/\/roveyayinevi.com.tr\/index.php\/wp-json\/wp\/v2\/media?parent=716125"}],"wp:term":[{"taxonomy":"product_brand","embeddable":true,"href":"https:\/\/roveyayinevi.com.tr\/index.php\/wp-json\/wp\/v2\/product_brand?post=716125"},{"taxonomy":"product_cat","embeddable":true,"href":"https:\/\/roveyayinevi.com.tr\/index.php\/wp-json\/wp\/v2\/product_cat?post=716125"},{"taxonomy":"product_tag","embeddable":true,"href":"https:\/\/roveyayinevi.com.tr\/index.php\/wp-json\/wp\/v2\/product_tag?post=716125"}],"curies":[{"name":"wp","href":"https:\/\/api.w.org\/{rel}","templated":true}]}}