{"id":716122,"date":"2025-08-27T17:38:38","date_gmt":"2025-08-27T14:38:38","guid":{"rendered":"https:\/\/roveyayinevi.com.tr\/index.php\/urun\/bilkent-senfoni-orkestrasinin-turkiye-muzik-hayatindaki-rolu\/"},"modified":"2026-04-16T02:24:31","modified_gmt":"2026-04-15T23:24:31","slug":"bilkent-senfoni-orkestrasinin-turkiye-muzik-hayatindaki-rolu","status":"publish","type":"product","link":"https:\/\/roveyayinevi.com.tr\/index.php\/urun\/bilkent-senfoni-orkestrasinin-turkiye-muzik-hayatindaki-rolu\/","title":{"rendered":"Bilkent Senfoni Orkestras\u0131n\u0131n T\u00fcrkiye M\u00fczik Hayat\u0131ndaki Rol\u00fc"},"content":{"rendered":"<p>Bu kitapta Eyl\u00fcl 1993 kurulan Bilkent Senfoni Orkestras\u0131 geli\u015fiminin tarihsel ve teorik bilimsel analizi ilk defa veriliyor. Uluslararas\u0131 olmas\u0131yla birlikte, ayn\u0131 zamanda d\u00fcnyada ilk defa farkl\u0131 \u00fclke ve milletlerden olan sanat\u00e7\u0131lar bir araya gelip, orkestran\u0131n daimi kadrosunu olu\u015fturmu\u015flar. \u0130lk denemeye ra\u011fmen, orkestra k\u0131sa s\u00fcrede en y\u00fcksek yarat\u0131c\u0131 sonu\u00e7lar\u0131 elde etmi\u015f oldu. Bilkent \u00dcniversitesi b\u00fcnyesinde kurulan Bilkent Senfoni Orkestras\u0131, kurulu\u015fundan itibaren \u00fcniversite kurucusu \u0130hsan Do\u011framac\u0131 taraf\u0131ndan finanse ediliyordu. En \u00f6nemli \u00f6zelli\u011fi, T\u00fcrkiye\u2019de ve d\u00fcnyada tek \u00f6zel uluslararas\u0131 sanat toplulu\u011fu olmas\u0131d\u0131r. Bu kitapta  orkestran\u0131n kurulu\u015f nedenleri ve olu\u015fum s\u00fcreci anlat\u0131l\u0131yor. Herhalde bu orkestra d\u00fcnyada s\u00fcrekli faaliyet g\u00f6steren tek uluslararas\u0131 sanat toplulu\u011fudur. Orkestran\u0131n kendine \u00f6zg\u00fc profesyonel g\u00f6r\u00fcn\u00fcm ve beceri kazanma nedenleri uluslararas\u0131 kadro politikas\u0131 ve repertuvar planlamas\u0131ndan kaynaklanmaktad\u0131r. Orkestran\u0131n repertuvar politikas\u0131 ise her y\u0131l Viyana klasik m\u00fczik temsilcilerinin senfonileri, Frans\u0131z romantik ve empressionist bestecilerinin eserlerini yorumlamak idi. \u00d6zel olarak en b\u00fcy\u00fck \u00f6nem Rus klasik m\u00fczi\u011fine veriliyordu. Rus m\u00fczi\u011fi kapsam\u0131na Sovyet Rus d\u00f6nemine ait besteciler de dahildirler. Kuruldu\u011fu ilk g\u00fcnden itibaren, Bilkent orkestras\u0131n\u0131n repertuvar konsepsiyas\u0131 senfoni eserlerinin yeni y\u00f6ntemlerle yorumlama fikrine tabi olmu\u015ftur. Orkestra bu yorumlar\u0131 \u00e7e\u015fitli Avrupa ve Rus okullar\u0131n\u0131 temsil eden orkestra \u015fefleri yapacakt\u0131.Bu \u00e7al\u0131\u015fmada ilk defa; Alman esrlerini Alman \u015fefiyle, Frans\u0131z eserleri Frans\u0131z \u015fefiyle, Rus eserleri Rus \u015fefiyle analizleri yap\u0131l\u0131yor. <\/p>\n","protected":false},"excerpt":{"rendered":"<p>Bu kitapta Eyl\u00fcl 1993 kurulan Bilkent Senfoni Orkestras\u0131 geli\u015fiminin tarihsel ve teorik bilimsel analizi ilk defa veriliyor. Uluslararas\u0131 olmas\u0131yla birlikte, ayn\u0131 zamanda d\u00fcnyada ilk defa farkl\u0131<span class=\"excerpt-hellip\"> [\u2026]<\/span><\/p>\n","protected":false},"featured_media":0,"template":"","meta":{"_monsterinsights_skip_tracking":false,"_monsterinsights_sitenote_active":false,"_monsterinsights_sitenote_note":"","_monsterinsights_sitenote_category":0},"product_brand":[],"product_cat":[14556],"product_tag":[],"class_list":{"0":"post-716122","1":"product","2":"type-product","3":"status-publish","5":"product_cat-muzik","6":"pa_cilt-ciltsiz","7":"pa_tur-kitap","8":"pa_yayinevi-kultur-ajans-yayinlari","9":"pa_yazar-arif-mohsunoglu","11":"first","12":"instock","13":"sale","14":"shipping-taxable","15":"purchasable","16":"product-type-simple"},"_links":{"self":[{"href":"https:\/\/roveyayinevi.com.tr\/index.php\/wp-json\/wp\/v2\/product\/716122","targetHints":{"allow":["GET"]}}],"collection":[{"href":"https:\/\/roveyayinevi.com.tr\/index.php\/wp-json\/wp\/v2\/product"}],"about":[{"href":"https:\/\/roveyayinevi.com.tr\/index.php\/wp-json\/wp\/v2\/types\/product"}],"wp:attachment":[{"href":"https:\/\/roveyayinevi.com.tr\/index.php\/wp-json\/wp\/v2\/media?parent=716122"}],"wp:term":[{"taxonomy":"product_brand","embeddable":true,"href":"https:\/\/roveyayinevi.com.tr\/index.php\/wp-json\/wp\/v2\/product_brand?post=716122"},{"taxonomy":"product_cat","embeddable":true,"href":"https:\/\/roveyayinevi.com.tr\/index.php\/wp-json\/wp\/v2\/product_cat?post=716122"},{"taxonomy":"product_tag","embeddable":true,"href":"https:\/\/roveyayinevi.com.tr\/index.php\/wp-json\/wp\/v2\/product_tag?post=716122"}],"curies":[{"name":"wp","href":"https:\/\/api.w.org\/{rel}","templated":true}]}}