{"id":716121,"date":"2025-08-27T17:38:38","date_gmt":"2025-08-27T14:38:38","guid":{"rendered":"https:\/\/roveyayinevi.com.tr\/index.php\/urun\/sosyal-medya-ve-algi-yonetimi\/"},"modified":"2026-04-16T02:24:31","modified_gmt":"2026-04-15T23:24:31","slug":"sosyal-medya-ve-algi-yonetimi","status":"publish","type":"product","link":"https:\/\/roveyayinevi.com.tr\/index.php\/urun\/sosyal-medya-ve-algi-yonetimi\/","title":{"rendered":"Sosyal Medya ve Alg\u0131 Y\u00f6netimi"},"content":{"rendered":"<p>Sosyal medya ve istihbarat\u0131, alg\u0131 y\u00f6netimi ve propagandas\u0131 son y\u0131llarda \u00e7ok \u00f6n plandad\u0131r. Bu alan sadece kurumlara de\u011fil s\u0131radan insanlara da bu uygulamalar\u0131 yapma olana\u011f\u0131 vermektedir. Belki de sosyal medyan\u0131n insanl\u0131\u011fa sa\u011flad\u0131\u011f\u0131 en \u00f6nemli imk\u00e2nlar-dan biri de bu olanaklar\u0131 g\u00f6reli olarak e\u015fit miktarda sunmas\u0131d\u0131r. Bu alanda yap\u0131lan \u00e7al\u0131\u015fmalar\u0131n \u00f6nemine inanan ve etkisini g\u00f6ren \u00fclkeler, y\u00fcksek b\u00fct\u00e7eli sosyal medya istihbarat yap\u0131lar\u0131 olu\u015fturmu\u015f ve bu uygulamay\u0131 hayata ge\u00e7irmi\u015flerdir. Ayn\u0131 zaman-da bu \u00fclkeler, AR-GE \u00e7al\u0131\u015fmalar\u0131, \u00fcniversiteler ile i\u015f birli\u011fi gibi destekleyici ve geli\u015ftirici faaliyetler yapmakta ve \u201cSosyal medya-dan efektif daha fazla nas\u0131l yararlan\u0131l\u0131r?\u201d sorusunun yan\u0131t\u0131n\u0131 ara-maktad\u0131r. Ve art\u0131k d\u00fcnya, sosyal medya \u00fczerinden istihbarat sa\u011flayan, alg\u0131 ve propaganday\u0131 etkin yapan \u00fclkeler ile bu uygulamalara maruz kalan \u00fclkeler diye ikiye ayr\u0131lm\u0131\u015ft\u0131r. Bu \u00e7al\u0131\u015fmay\u0131 yapmama d\u00f6n\u00fck en \u00f6nemli motivasyon da \u00fclkemizin s\u00fcrekli sosyal medya \u00fczerinden alg\u0131 y\u00f6netimine maruz kalmas\u0131 ve bunun neticesinde de s\u00fcrekli defans yapmas\u0131d\u0131r. Umar\u0131m gelecek birka\u00e7 y\u0131lda \u00fclkemizde yukar\u0131da anlat\u0131lan \u00f6zelliklerde yap\u0131lar olu\u015fturulacakt\u0131r. Sosyal medya istihbarat\u0131na giri\u015f niteli\u011fi ta\u015f\u0131yan bu eserde, giri\u015f temas\u0131 alg\u0131 y\u00f6netimidir. \u0130lerleyen zamanlarda farkl\u0131 temalar\u0131 da ele alaca\u011f\u0131z.<\/p>\n","protected":false},"excerpt":{"rendered":"<p>Sosyal medya ve istihbarat\u0131, alg\u0131 y\u00f6netimi ve propagandas\u0131 son y\u0131llarda \u00e7ok \u00f6n plandad\u0131r. Bu alan sadece kurumlara de\u011fil s\u0131radan insanlara da bu uygulamalar\u0131 yapma olana\u011f\u0131 vermektedir.<span class=\"excerpt-hellip\"> [\u2026]<\/span><\/p>\n","protected":false},"featured_media":0,"template":"","meta":{"_monsterinsights_skip_tracking":false,"_monsterinsights_sitenote_active":false,"_monsterinsights_sitenote_note":"","_monsterinsights_sitenote_category":0},"product_brand":[],"product_cat":[22061,13488],"product_tag":[],"class_list":{"0":"post-716121","1":"product","2":"type-product","3":"status-publish","5":"product_cat-sosyal-medya-ve-iletisim","6":"product_cat-toplum-ve-insan","7":"pa_cilt-ciltsiz","8":"pa_tur-kitap","9":"pa_yayinevi-ani-yayincilik","10":"pa_yazar-levent-eraslan","12":"first","13":"instock","14":"sale","15":"shipping-taxable","16":"purchasable","17":"product-type-simple"},"_links":{"self":[{"href":"https:\/\/roveyayinevi.com.tr\/index.php\/wp-json\/wp\/v2\/product\/716121","targetHints":{"allow":["GET"]}}],"collection":[{"href":"https:\/\/roveyayinevi.com.tr\/index.php\/wp-json\/wp\/v2\/product"}],"about":[{"href":"https:\/\/roveyayinevi.com.tr\/index.php\/wp-json\/wp\/v2\/types\/product"}],"wp:attachment":[{"href":"https:\/\/roveyayinevi.com.tr\/index.php\/wp-json\/wp\/v2\/media?parent=716121"}],"wp:term":[{"taxonomy":"product_brand","embeddable":true,"href":"https:\/\/roveyayinevi.com.tr\/index.php\/wp-json\/wp\/v2\/product_brand?post=716121"},{"taxonomy":"product_cat","embeddable":true,"href":"https:\/\/roveyayinevi.com.tr\/index.php\/wp-json\/wp\/v2\/product_cat?post=716121"},{"taxonomy":"product_tag","embeddable":true,"href":"https:\/\/roveyayinevi.com.tr\/index.php\/wp-json\/wp\/v2\/product_tag?post=716121"}],"curies":[{"name":"wp","href":"https:\/\/api.w.org\/{rel}","templated":true}]}}