{"id":716116,"date":"2025-08-27T17:38:34","date_gmt":"2025-08-27T14:38:34","guid":{"rendered":"https:\/\/roveyayinevi.com.tr\/index.php\/urun\/nobel-konusmasi-gunter-grass\/"},"modified":"2026-04-16T02:24:31","modified_gmt":"2026-04-15T23:24:31","slug":"nobel-konusmasi-gunter-grass","status":"publish","type":"product","link":"https:\/\/roveyayinevi.com.tr\/index.php\/urun\/nobel-konusmasi-gunter-grass\/","title":{"rendered":"Nobel Konu\u015fmas\u0131 &#8211; G\u00fcnter Grass"},"content":{"rendered":"<p>\u201c[Yazarlar\u0131n] en k\u00f6t\u00fc su\u00e7lar\u0131, kitaplar\u0131nda, tarihsel s\u00fcre\u00e7te kazananlarla i\u015fbirli\u011fi yapmay\u0131p, aksine kaybedenlerin, anlatacak \u00e7ok \u015feyi oldu\u011fu halde bir t\u00fcrl\u00fc s\u00f6z alamayanlar\u0131n bir kenarda durdu\u011fu yerlerde dola\u015fmaktan keyif almalar\u0131d\u0131r.\u201dAuschwitz uygarl\u0131k tarihinde bir kopu\u015f ve onulmaz bir k\u0131r\u0131lma noktas\u0131yd\u0131. G\u00fcnter Grass, 1999\u2019da yapt\u0131\u011f\u0131 Nobel Edebiyat \u00d6d\u00fcl\u00fc konu\u015fmas\u0131nda, Adorno\u2019nun o \u00fcnl\u00fc \u201cAuschwitz\u2019ten sonra \u015fiir yazmak barbarcad\u0131r\u201d uyar\u0131s\u0131n\u0131n etraf\u0131ndan nas\u0131l doland\u0131\u011f\u0131n\u0131 anlat\u0131yor: \u201cNeyse, biz yine de yazd\u0131k.\u201d<\/p>\n","protected":false},"excerpt":{"rendered":"<p>\u201c[Yazarlar\u0131n] en k\u00f6t\u00fc su\u00e7lar\u0131, kitaplar\u0131nda, tarihsel s\u00fcre\u00e7te kazananlarla i\u015fbirli\u011fi yapmay\u0131p, aksine kaybedenlerin, anlatacak \u00e7ok \u015feyi oldu\u011fu halde bir t\u00fcrl\u00fc s\u00f6z alamayanlar\u0131n bir kenarda durdu\u011fu yerlerde dola\u015fmaktan<span class=\"excerpt-hellip\"> [\u2026]<\/span><\/p>\n","protected":false},"featured_media":0,"template":"","meta":{"_monsterinsights_skip_tracking":false,"_monsterinsights_sitenote_active":false,"_monsterinsights_sitenote_note":"","_monsterinsights_sitenote_category":0},"product_brand":[],"product_cat":[13072,12291],"product_tag":[],"class_list":{"0":"post-716116","1":"product","2":"type-product","3":"status-publish","5":"product_cat-arastirma-inceleme-referans","6":"product_cat-edebiyat","7":"pa_cilt-ciltsiz","8":"pa_tur-kitap","9":"pa_yayinevi-kirmizi-kedi-yayinevi","10":"pa_yazar-gunter-grass","12":"first","13":"instock","14":"sale","15":"shipping-taxable","16":"purchasable","17":"product-type-simple"},"_links":{"self":[{"href":"https:\/\/roveyayinevi.com.tr\/index.php\/wp-json\/wp\/v2\/product\/716116","targetHints":{"allow":["GET"]}}],"collection":[{"href":"https:\/\/roveyayinevi.com.tr\/index.php\/wp-json\/wp\/v2\/product"}],"about":[{"href":"https:\/\/roveyayinevi.com.tr\/index.php\/wp-json\/wp\/v2\/types\/product"}],"wp:attachment":[{"href":"https:\/\/roveyayinevi.com.tr\/index.php\/wp-json\/wp\/v2\/media?parent=716116"}],"wp:term":[{"taxonomy":"product_brand","embeddable":true,"href":"https:\/\/roveyayinevi.com.tr\/index.php\/wp-json\/wp\/v2\/product_brand?post=716116"},{"taxonomy":"product_cat","embeddable":true,"href":"https:\/\/roveyayinevi.com.tr\/index.php\/wp-json\/wp\/v2\/product_cat?post=716116"},{"taxonomy":"product_tag","embeddable":true,"href":"https:\/\/roveyayinevi.com.tr\/index.php\/wp-json\/wp\/v2\/product_tag?post=716116"}],"curies":[{"name":"wp","href":"https:\/\/api.w.org\/{rel}","templated":true}]}}