{"id":716115,"date":"2025-08-27T17:38:34","date_gmt":"2025-08-27T14:38:34","guid":{"rendered":"https:\/\/roveyayinevi.com.tr\/index.php\/urun\/sistemik-cinsel-terapi-el-kitabi\/"},"modified":"2026-04-16T02:24:31","modified_gmt":"2026-04-15T23:24:31","slug":"sistemik-cinsel-terapi-el-kitabi","status":"publish","type":"product","link":"https:\/\/roveyayinevi.com.tr\/index.php\/urun\/sistemik-cinsel-terapi-el-kitabi\/","title":{"rendered":"Sistemik Cinsel Terapi El Kitab\u0131"},"content":{"rendered":"<p>gerek ba\u015flang\u0131\u00e7 d\u00fczeyindeki gerekse deneyimli cinsel terapistler ve \u00e7ift terapistleri sistemler aras\u0131 yakla\u015f\u0131m ile bak\u0131\u015f a\u00e7\u0131lar\u0131n\u0131 geni\u015fleterek literat\u00fcrde \u00e7ok az rastlanan \u015fu konularda \u00f6nemli bilgiler edineceklerdir: T\u00fcm cinsel i\u015flev bozukluklar\u0131n\u0131n b\u00fct\u00fcn y\u00f6nleriyle de\u011ferlendirilmesi; \u00e7e\u015fitli tedavi ilkelerinin ve tekniklerinin uygulanmas\u0131; etik ve ahlaki ikilemlerin ve \u00e7ekincelerin ele al\u0131nmas\u0131, cinsel davran\u0131\u015flar\u0131n farkl\u0131 d\u0131\u015favurumlar\u0131n\u0131n anla\u015f\u0131lmas\u0131 ve t\u0131bbi sorunlar\u0131n cinselli\u011fe etkilerinin saptanmas\u0131&#8230; Kitapta ayr\u0131ca DSM-5\u2019te yer alan g\u00fcncel tan\u0131 kriterlerinin yan\u0131 s\u0131ra, erotik masaj (duyu oda\u011f\u0131 tekni\u011fi) ve cinsel davran\u0131\u015f \u00e7e\u015fitlili\u011fi konusunda ayr\u0131nt\u0131l\u0131 bilgiler de sunulmu\u015ftur&#8230; cinsel terapistlere ve \u00e7ift terapistlerine cinsel terapilerin karma\u015f\u0131kl\u0131\u011f\u0131nda yol g\u00f6stermek ve daha etkili tedavi uygulamalar\u0131na yard\u0131mc\u0131 olmak amac\u0131 ile cinsel sorunlar\u0131n \u00e7ok y\u00f6nl\u00fc sistemler aras\u0131 bak\u0131\u015f a\u00e7\u0131s\u0131yla bireyler, \u00e7iftler, aileler ve di\u011fer ba\u011flamsal fakt\u00f6rler a\u00e7\u0131s\u0131ndan anla\u015f\u0131lmas\u0131na ve tedavisine y\u00f6nelik e\u015fsiz bir yakla\u015f\u0131m sunmaktad\u0131r&#8230; <\/p>\n","protected":false},"excerpt":{"rendered":"<p>gerek ba\u015flang\u0131\u00e7 d\u00fczeyindeki gerekse deneyimli cinsel terapistler ve \u00e7ift terapistleri sistemler aras\u0131 yakla\u015f\u0131m ile bak\u0131\u015f a\u00e7\u0131lar\u0131n\u0131 geni\u015fleterek literat\u00fcrde \u00e7ok az rastlanan \u015fu konularda \u00f6nemli bilgiler edineceklerdir:<span class=\"excerpt-hellip\"> [\u2026]<\/span><\/p>\n","protected":false},"featured_media":0,"template":"","meta":{"_monsterinsights_skip_tracking":false,"_monsterinsights_sitenote_active":false,"_monsterinsights_sitenote_note":"","_monsterinsights_sitenote_category":0},"product_brand":[],"product_cat":[17502,13488],"product_tag":[],"class_list":{"0":"post-716115","1":"product","2":"type-product","3":"status-publish","5":"product_cat-cinsellik","6":"product_cat-toplum-ve-insan","7":"pa_cilt-ciltsiz","8":"pa_tur-kitap","9":"pa_yayinevi-pusula-yayinevi-ankara","10":"pa_yazar-kolektif","12":"first","13":"instock","14":"sale","15":"shipping-taxable","16":"purchasable","17":"product-type-simple"},"_links":{"self":[{"href":"https:\/\/roveyayinevi.com.tr\/index.php\/wp-json\/wp\/v2\/product\/716115","targetHints":{"allow":["GET"]}}],"collection":[{"href":"https:\/\/roveyayinevi.com.tr\/index.php\/wp-json\/wp\/v2\/product"}],"about":[{"href":"https:\/\/roveyayinevi.com.tr\/index.php\/wp-json\/wp\/v2\/types\/product"}],"wp:attachment":[{"href":"https:\/\/roveyayinevi.com.tr\/index.php\/wp-json\/wp\/v2\/media?parent=716115"}],"wp:term":[{"taxonomy":"product_brand","embeddable":true,"href":"https:\/\/roveyayinevi.com.tr\/index.php\/wp-json\/wp\/v2\/product_brand?post=716115"},{"taxonomy":"product_cat","embeddable":true,"href":"https:\/\/roveyayinevi.com.tr\/index.php\/wp-json\/wp\/v2\/product_cat?post=716115"},{"taxonomy":"product_tag","embeddable":true,"href":"https:\/\/roveyayinevi.com.tr\/index.php\/wp-json\/wp\/v2\/product_tag?post=716115"}],"curies":[{"name":"wp","href":"https:\/\/api.w.org\/{rel}","templated":true}]}}