{"id":716114,"date":"2025-08-27T17:38:33","date_gmt":"2025-08-27T14:38:33","guid":{"rendered":"https:\/\/roveyayinevi.com.tr\/index.php\/urun\/kimlik-siyaseti\/"},"modified":"2026-04-16T02:24:31","modified_gmt":"2026-04-15T23:24:31","slug":"kimlik-siyaseti","status":"publish","type":"product","link":"https:\/\/roveyayinevi.com.tr\/index.php\/urun\/kimlik-siyaseti\/","title":{"rendered":"Kimlik Siyaseti"},"content":{"rendered":"<p>Kimlik, \u00f6zellikle k\u00fcreselle\u015fmenin etkinli\u011fini geni\u015fletti\u011fi 2000\u2019li y\u0131llar\u0131n ba\u015f\u0131ndan itibaren siyasetin merkezinde yer alan bir kategori haline gelmi\u015ftir. Bireye toplumsalla\u015fma s\u00fcre\u00e7leri i\u00e7erisinde kazand\u0131r\u0131lan normatif unsurlar olarak tan\u0131mlayabilece\u011fimiz kimlik kavram\u0131, bir yere, bir objeye ya da bir kolektiviteye aidiyet yaratt\u0131\u011f\u0131 i\u00e7in ehemmiyet ta\u015f\u0131maktad\u0131r. Nitekim psikolojik ve fizyolojik anlamda kendini g\u00fcvende hissetmesi i\u00e7in herkesin mutlaka bir kimli\u011fe sahip olmas\u0131 laz\u0131md\u0131r. Bu kimlik bir aileye mensubiyeti beraberinde getirebilece\u011fi gibi din\u00ee, mezheb\u00ee, \u0131rki, ulusal ve etnik bir kolektiviteden de kaynaklanabilir.Ku\u015fkusuz herkesin kendi kimli\u011fini \u00f6\u011frenme, kendi kimli\u011fini s\u00fcrd\u00fcrme ve kimlik sahibi olman\u0131n konforunu ya\u015fama hakk\u0131 vard\u0131r. Zira kimlik, me\u015fru ve toplumsal bir ger\u00e7eklik \u00fczerinden tan\u0131mlanan bir aidiyet unsurudur. Kimlik, tan\u0131m\u0131 gere\u011fi her ne kadar \u00e7at\u0131\u015fmac\u0131 ve \u00f6tekilik yaratan unsurlar\u0131 b\u00fcnyesinde bar\u0131nd\u0131rm\u0131\u015f olsa da, birle\u015ftirici, uzla\u015ft\u0131r\u0131c\u0131 ve hedef olu\u015fturucu i\u015flevlere de sahip olan bir parametredir. Ancak burada kimli\u011fin istismar\u0131n\u0131 yaratan \u015fey, ulusal ve uluslararas\u0131 siyasete kurban edilmesidir ki bu durum, \u2018kimlik siyaseti\u2019 terimiyle ifade edilir.T\u00fcm bu bilgilerin \u0131\u015f\u0131\u011f\u0131nda kimlik siyaseti, insan\u0131n salt insan olarak de\u011fil de etnik k\u00f6keni, dini, mezhebi ve ulusal k\u00f6keni \u00fczerinden siyasi analize tabi tutulmas\u0131d\u0131r. Ba\u015fka bir ifadeyle siyasetin, insanlar\u0131n aidiyetlerine ba\u011fl\u0131 olan \u015fekillenmesi, kimlik siyasetinin bir neticesidir. Bunun en bariz \u00f6rne\u011fi olarak, Suriye\u2019de ya\u015fanan i\u00e7 sava\u015f\u0131 g\u00f6sterebiliriz. Bug\u00fcn biz analistler Suriye\u2019deki insani dram yerine, Ezid\u00eeler, Marun\u00eeler, Keldan\u00eeler, Nusayr\u00eeler, K\u00fcrtler, T\u00fcrkmenler, Araplar, S\u00fcnn\u00eeler ve \u015ei\u00eeler ba\u011flam\u0131nda siyasi plan, kestirim ve stratejileri konu\u015fmak durumunda kalmaktay\u0131z. Bu durum insan merkezli bir d\u00fcnya kurmay\u0131 engellemekle kalm\u0131yor, gerek ulusal ve gerekse uluslararas\u0131 arenada yeni \u00e7at\u0131\u015fmalar\u0131n, yeni b\u00f6l\u00fcnmelerin, alg\u0131 operasyonlar\u0131n\u0131n, asimetrik m\u00fccadelelerin ve vek\u00e2let sava\u015flar\u0131n\u0131n nedeni h\u00e2line geliyor.Bu bak\u0131mdan elinizdeki kitap, kimlik siyasetinin nas\u0131l olu\u015fturuldu\u011funu, \u00e7at\u0131\u015fma ve krizlerden nas\u0131l beslendi\u011fini ve bizatihi bu siyaset tarz\u0131n\u0131n ne t\u00fcr krizlere yol a\u00e7t\u0131\u011f\u0131n\u0131 sosyolojik, toplumsal ve tarih\u00ee boyutlar\u0131yla ele almaktad\u0131r. Bu kitab\u0131n iddia etti\u011fi tez ve bu tezin en somut \u00f6rnekleri incelendi\u011finde g\u00f6r\u00fclecektir ki, son d\u00f6nem ya\u015fanan ve her g\u00fcn konu\u015ftu\u011fumuz krizlerin arkas\u0131nda da kimlik siyaseti yatmaktad\u0131r.<\/p>\n","protected":false},"excerpt":{"rendered":"<p>Kimlik, \u00f6zellikle k\u00fcreselle\u015fmenin etkinli\u011fini geni\u015fletti\u011fi 2000\u2019li y\u0131llar\u0131n ba\u015f\u0131ndan itibaren siyasetin merkezinde yer alan bir kategori haline gelmi\u015ftir. Bireye toplumsalla\u015fma s\u00fcre\u00e7leri i\u00e7erisinde kazand\u0131r\u0131lan normatif unsurlar olarak tan\u0131mlayabilece\u011fimiz<span class=\"excerpt-hellip\"> [\u2026]<\/span><\/p>\n","protected":false},"featured_media":0,"template":"","meta":{"_monsterinsights_skip_tracking":false,"_monsterinsights_sitenote_active":false,"_monsterinsights_sitenote_note":"","_monsterinsights_sitenote_category":0},"product_brand":[],"product_cat":[13059,12337],"product_tag":[],"class_list":{"0":"post-716114","1":"product","2":"type-product","3":"status-publish","5":"product_cat-diger-politika-siyaset","6":"product_cat-politika-siyaset","7":"pa_cilt-ciltsiz","8":"pa_tur-kitap","9":"pa_yayinevi-bilge-kultur-sanat","10":"pa_yazar-jan-berting","12":"first","13":"instock","14":"sale","15":"shipping-taxable","16":"purchasable","17":"product-type-simple"},"_links":{"self":[{"href":"https:\/\/roveyayinevi.com.tr\/index.php\/wp-json\/wp\/v2\/product\/716114","targetHints":{"allow":["GET"]}}],"collection":[{"href":"https:\/\/roveyayinevi.com.tr\/index.php\/wp-json\/wp\/v2\/product"}],"about":[{"href":"https:\/\/roveyayinevi.com.tr\/index.php\/wp-json\/wp\/v2\/types\/product"}],"wp:attachment":[{"href":"https:\/\/roveyayinevi.com.tr\/index.php\/wp-json\/wp\/v2\/media?parent=716114"}],"wp:term":[{"taxonomy":"product_brand","embeddable":true,"href":"https:\/\/roveyayinevi.com.tr\/index.php\/wp-json\/wp\/v2\/product_brand?post=716114"},{"taxonomy":"product_cat","embeddable":true,"href":"https:\/\/roveyayinevi.com.tr\/index.php\/wp-json\/wp\/v2\/product_cat?post=716114"},{"taxonomy":"product_tag","embeddable":true,"href":"https:\/\/roveyayinevi.com.tr\/index.php\/wp-json\/wp\/v2\/product_tag?post=716114"}],"curies":[{"name":"wp","href":"https:\/\/api.w.org\/{rel}","templated":true}]}}