{"id":716109,"date":"2025-08-27T17:38:29","date_gmt":"2025-08-27T14:38:29","guid":{"rendered":"https:\/\/roveyayinevi.com.tr\/index.php\/urun\/mari\/"},"modified":"2026-04-16T02:24:31","modified_gmt":"2026-04-15T23:24:31","slug":"mari","status":"publish","type":"product","link":"https:\/\/roveyayinevi.com.tr\/index.php\/urun\/mari\/","title":{"rendered":"Mari"},"content":{"rendered":"<p>Esma babaannemin an\u0131s\u0131na, Bu kitapta, ger\u00e7ek a\u015fk\u0131n sava\u015ftan bile \u00fcst\u00fcn oldu\u011fu anlat\u0131lmaktad\u0131r\u2026 Y\u0131l 1919\u2019dur. Anadolu, yokluk i\u00e7indedir. Emperyalizm bu co\u011frafyay\u0131 s\u00f6m\u00fcrge yapabilmek i\u00e7in t\u00fcm g\u00fcc\u00fc ile sald\u0131rmaktad\u0131r. Korkun\u00e7 bir sava\u015ftan Anadolu\u2019nun i\u00e7lerine ka\u00e7mak zorunda olan Esma, istemeden de olsa sava\u015f s\u0131ras\u0131nda \u00f6lm\u00fc\u015f ve ad\u0131 yine Esma olan ba\u015fka bir k\u0131z\u0131n yerine ge\u00e7mek zorunda kal\u0131r. Bir ailenin yan\u0131nda tarlada patates ekerek askerlere yard\u0131m eder. G\u00fcnlerden bir g\u00fcn Esma\u2019ya cepheden bir a\u015fk mektubu gelir. Bu mektubun yerine ge\u00e7ti\u011fi di\u011fer Esma\u2019ya geldi\u011fini anlayan bizim gen\u00e7 k\u0131z, s\u0131rf cephedeki bir askerin morali bozulmas\u0131n diye mektuplara, yerine ge\u00e7ti\u011fi Esma \u00f6lmemi\u015f gibi cevap yazmaya ba\u015flar. Lakin bu iyi niyetli davran\u0131\u015f ile kendi y\u00fcre\u011fine kabul ettiremeyece\u011fi bir ikilem yarat\u0131r. Hi\u00e7 tan\u0131madan bu g\u00fczel mektuplar\u0131 yazan bu gence \u00e2\u015f\u0131k olur. Sonras\u0131nda da emperyalizmi dize getiren bu co\u011frafya gibi ak\u0131l almaz \u015feyler ger\u00e7ekle\u015fir\u2026 <\/p>\n","protected":false},"excerpt":{"rendered":"<p>Esma babaannemin an\u0131s\u0131na, Bu kitapta, ger\u00e7ek a\u015fk\u0131n sava\u015ftan bile \u00fcst\u00fcn oldu\u011fu anlat\u0131lmaktad\u0131r\u2026 Y\u0131l 1919\u2019dur. Anadolu, yokluk i\u00e7indedir. Emperyalizm bu co\u011frafyay\u0131 s\u00f6m\u00fcrge yapabilmek i\u00e7in t\u00fcm g\u00fcc\u00fc ile<span class=\"excerpt-hellip\"> [\u2026]<\/span><\/p>\n","protected":false},"featured_media":0,"template":"","meta":{"_monsterinsights_skip_tracking":false,"_monsterinsights_sitenote_active":false,"_monsterinsights_sitenote_note":"","_monsterinsights_sitenote_category":0},"product_brand":[],"product_cat":[12291,12711],"product_tag":[],"class_list":{"0":"post-716109","1":"product","2":"type-product","3":"status-publish","5":"product_cat-edebiyat","6":"product_cat-roman-oyku","7":"pa_cilt-ciltsiz","8":"pa_tur-kitap","9":"pa_yayinevi-ayata-kitap","10":"pa_yazar-umit-alphan","12":"first","13":"instock","14":"sale","15":"shipping-taxable","16":"purchasable","17":"product-type-simple"},"_links":{"self":[{"href":"https:\/\/roveyayinevi.com.tr\/index.php\/wp-json\/wp\/v2\/product\/716109","targetHints":{"allow":["GET"]}}],"collection":[{"href":"https:\/\/roveyayinevi.com.tr\/index.php\/wp-json\/wp\/v2\/product"}],"about":[{"href":"https:\/\/roveyayinevi.com.tr\/index.php\/wp-json\/wp\/v2\/types\/product"}],"wp:attachment":[{"href":"https:\/\/roveyayinevi.com.tr\/index.php\/wp-json\/wp\/v2\/media?parent=716109"}],"wp:term":[{"taxonomy":"product_brand","embeddable":true,"href":"https:\/\/roveyayinevi.com.tr\/index.php\/wp-json\/wp\/v2\/product_brand?post=716109"},{"taxonomy":"product_cat","embeddable":true,"href":"https:\/\/roveyayinevi.com.tr\/index.php\/wp-json\/wp\/v2\/product_cat?post=716109"},{"taxonomy":"product_tag","embeddable":true,"href":"https:\/\/roveyayinevi.com.tr\/index.php\/wp-json\/wp\/v2\/product_tag?post=716109"}],"curies":[{"name":"wp","href":"https:\/\/api.w.org\/{rel}","templated":true}]}}