{"id":716102,"date":"2025-08-27T17:38:24","date_gmt":"2025-08-27T14:38:24","guid":{"rendered":"https:\/\/roveyayinevi.com.tr\/index.php\/urun\/deprem-bilimi\/"},"modified":"2025-09-23T04:55:52","modified_gmt":"2025-09-23T01:55:52","slug":"deprem-bilimi","status":"publish","type":"product","link":"https:\/\/roveyayinevi.com.tr\/index.php\/urun\/deprem-bilimi\/","title":{"rendered":"Deprem Bilimi"},"content":{"rendered":"<p>Giri\u015fGenel Bilgiler DepremsellikDepremlerin Yery\u00fcz\u00fcndeki Etkileri Temel Deprem ParametreleriEsnek DalgalarYerin Serbest Titre\u015fimleriZaman Uzakl\u0131k E\u011frileriDeprem Kay\u0131t AletleriOdak Mekanizmas\u0131 \u00c7\u00f6z\u00fcm\u00fc\u00d6nc\u00fc Art\u00e7\u0131 Sars\u0131nt\u0131lar ve Deprem Kas\u0131rgalar\u0131Depremlerin \u00d6nceden Kestirilmesi<\/p>\n","protected":false},"excerpt":{"rendered":"<p>Giri\u015fGenel Bilgiler DepremsellikDepremlerin Yery\u00fcz\u00fcndeki Etkileri Temel Deprem ParametreleriEsnek DalgalarYerin Serbest Titre\u015fimleriZaman Uzakl\u0131k E\u011frileriDeprem Kay\u0131t AletleriOdak Mekanizmas\u0131 \u00c7\u00f6z\u00fcm\u00fc\u00d6nc\u00fc Art\u00e7\u0131 Sars\u0131nt\u0131lar ve Deprem Kas\u0131rgalar\u0131Depremlerin \u00d6nceden Kestirilmesi<\/p>\n","protected":false},"featured_media":0,"template":"","meta":{"_monsterinsights_skip_tracking":false,"_monsterinsights_sitenote_active":false,"_monsterinsights_sitenote_note":"","_monsterinsights_sitenote_category":0},"product_brand":[],"product_cat":[13005,13010],"product_tag":[],"class_list":{"0":"post-716102","1":"product","2":"type-product","3":"status-publish","5":"product_cat-bilim-muhendislik","6":"product_cat-doga-bilimleri","7":"pa_cilt-ciltsiz","8":"pa_tur-kitap","9":"pa_yayinevi-gazi-kitabevi","10":"pa_yazar-kolektif","12":"first","13":"instock","14":"sale","15":"shipping-taxable","16":"purchasable","17":"product-type-simple"},"_links":{"self":[{"href":"https:\/\/roveyayinevi.com.tr\/index.php\/wp-json\/wp\/v2\/product\/716102","targetHints":{"allow":["GET"]}}],"collection":[{"href":"https:\/\/roveyayinevi.com.tr\/index.php\/wp-json\/wp\/v2\/product"}],"about":[{"href":"https:\/\/roveyayinevi.com.tr\/index.php\/wp-json\/wp\/v2\/types\/product"}],"wp:attachment":[{"href":"https:\/\/roveyayinevi.com.tr\/index.php\/wp-json\/wp\/v2\/media?parent=716102"}],"wp:term":[{"taxonomy":"product_brand","embeddable":true,"href":"https:\/\/roveyayinevi.com.tr\/index.php\/wp-json\/wp\/v2\/product_brand?post=716102"},{"taxonomy":"product_cat","embeddable":true,"href":"https:\/\/roveyayinevi.com.tr\/index.php\/wp-json\/wp\/v2\/product_cat?post=716102"},{"taxonomy":"product_tag","embeddable":true,"href":"https:\/\/roveyayinevi.com.tr\/index.php\/wp-json\/wp\/v2\/product_tag?post=716102"}],"curies":[{"name":"wp","href":"https:\/\/api.w.org\/{rel}","templated":true}]}}