{"id":716100,"date":"2025-08-27T17:38:23","date_gmt":"2025-08-27T14:38:23","guid":{"rendered":"https:\/\/roveyayinevi.com.tr\/index.php\/urun\/pratik-esya-hukuku\/"},"modified":"2026-04-16T02:24:31","modified_gmt":"2026-04-15T23:24:31","slug":"pratik-esya-hukuku","status":"publish","type":"product","link":"https:\/\/roveyayinevi.com.tr\/index.php\/urun\/pratik-esya-hukuku\/","title":{"rendered":"Pratik E\u015fya Hukuku"},"content":{"rendered":"<p>E\u015fya Kavram\u0131ZilyetlikTapu Sicili Ayn\u0131 HaklarM\u00fclkiyetPayl\u0131 M\u00fclkiyetTa\u015f\u0131nmaz M\u00fclkiyetiTa\u015f\u0131n\u0131r M\u00fclkiyetiS\u0131n\u0131rl\u0131 Ayn\u0131 Haklar<\/p>\n","protected":false},"excerpt":{"rendered":"<p>E\u015fya Kavram\u0131ZilyetlikTapu Sicili Ayn\u0131 HaklarM\u00fclkiyetPayl\u0131 M\u00fclkiyetTa\u015f\u0131nmaz M\u00fclkiyetiTa\u015f\u0131n\u0131r M\u00fclkiyetiS\u0131n\u0131rl\u0131 Ayn\u0131 Haklar<\/p>\n","protected":false},"featured_media":0,"template":"","meta":{"_monsterinsights_skip_tracking":false,"_monsterinsights_sitenote_active":false,"_monsterinsights_sitenote_note":"","_monsterinsights_sitenote_category":0},"product_brand":[],"product_cat":[15350,17602],"product_tag":[],"class_list":{"0":"post-716100","1":"product","2":"type-product","3":"status-publish","5":"product_cat-hukuk","6":"product_cat-hukuk-uzerine","7":"pa_cilt-ciltsiz","8":"pa_tur-kitap","9":"pa_yayinevi-gazi-kitabevi","10":"pa_yazar-oguz-sadik-aydos","12":"first","13":"instock","14":"sale","15":"shipping-taxable","16":"purchasable","17":"product-type-simple"},"_links":{"self":[{"href":"https:\/\/roveyayinevi.com.tr\/index.php\/wp-json\/wp\/v2\/product\/716100","targetHints":{"allow":["GET"]}}],"collection":[{"href":"https:\/\/roveyayinevi.com.tr\/index.php\/wp-json\/wp\/v2\/product"}],"about":[{"href":"https:\/\/roveyayinevi.com.tr\/index.php\/wp-json\/wp\/v2\/types\/product"}],"wp:attachment":[{"href":"https:\/\/roveyayinevi.com.tr\/index.php\/wp-json\/wp\/v2\/media?parent=716100"}],"wp:term":[{"taxonomy":"product_brand","embeddable":true,"href":"https:\/\/roveyayinevi.com.tr\/index.php\/wp-json\/wp\/v2\/product_brand?post=716100"},{"taxonomy":"product_cat","embeddable":true,"href":"https:\/\/roveyayinevi.com.tr\/index.php\/wp-json\/wp\/v2\/product_cat?post=716100"},{"taxonomy":"product_tag","embeddable":true,"href":"https:\/\/roveyayinevi.com.tr\/index.php\/wp-json\/wp\/v2\/product_tag?post=716100"}],"curies":[{"name":"wp","href":"https:\/\/api.w.org\/{rel}","templated":true}]}}