{"id":716096,"date":"2025-08-27T17:38:21","date_gmt":"2025-08-27T14:38:21","guid":{"rendered":"https:\/\/roveyayinevi.com.tr\/index.php\/urun\/sifon\/"},"modified":"2026-04-16T02:24:31","modified_gmt":"2026-04-15T23:24:31","slug":"sifon","status":"publish","type":"product","link":"https:\/\/roveyayinevi.com.tr\/index.php\/urun\/sifon\/","title":{"rendered":"Sifon"},"content":{"rendered":"<p>Kalabal\u0131k insan topluluklar\u0131n\u0131n k\u0131s\u0131tl\u0131 alanlarda bir arada ya\u015famas\u0131n\u0131 m\u00fcmk\u00fcn k\u0131lan hizmetler nedir diye sorsak, \u201csu tesisat\u0131\u201dndan mutlaka s\u00f6z etmemiz gerekir. Oysa temiz suyu evlerimize kadar ula\u015ft\u0131r\u0131p at\u0131klar\u0131m\u0131z\u0131 tahliye eden sistemin modern ya\u015fam i\u00e7in ta\u015f\u0131d\u0131\u011f\u0131 anlam genellikle g\u00f6zard\u0131 edilir.M\u00d6 3000\u2019de Harappal\u0131lar\u2019\u0131n in\u015fa etti\u011fi ilk su tesisat\u0131 sisteminden ba\u015flay\u0131p Roma hamamlar\u0131na, Orta\u00e7a\u011f manast\u0131rlar\u0131na, saraylardaki tuvalet \u00e2detlerinden kanalizasyon sisteminin var olmad\u0131\u011f\u0131 Londra\u2019n\u0131n zor zamanlar\u0131na uzanan ilgin\u00e7 \u00f6rneklerle su tesisat\u0131n\u0131n tarihini \u00f6zetleyen W. Hodding Carter, g\u00fcn\u00fcm\u00fczde uygulanan y\u00f6ntemleri, ar\u0131tma ve d\u00f6n\u00fc\u015ft\u00fcrme konusundaki ara\u015ft\u0131rmalar\u0131, geli\u015ftirilen yeni \u00fcr\u00fcnleri ve gelece\u011fin muhtemel teknolojilerini renkli bir anlat\u0131mla okura sunuyor.Su tesisat\u0131 konusuna duydu\u011fu ilgiden yola \u00e7\u0131kan Carter\u2019\u0131n \u015fahsi deneyimlerini ve g\u00f6zlemlerini tarihsel bilgilerle harmanlayarak, temiz su, tuvalet ve \u00e7evre i\u00e7in g\u00fcvenli kanalizasyon sistemlerinin insanl\u0131k i\u00e7in yaratt\u0131\u011f\u0131 fark\u0131 ortaya koydu\u011fu Sifon, su tesisat\u0131 ve at\u0131k konusuna ba\u015fka bir g\u00f6zle bakman\u0131z\u0131 sa\u011flayacak ilgin\u00e7 ve \u00f6\u011fretici bir \u00e7al\u0131\u015fma.<\/p>\n","protected":false},"excerpt":{"rendered":"<p>Kalabal\u0131k insan topluluklar\u0131n\u0131n k\u0131s\u0131tl\u0131 alanlarda bir arada ya\u015famas\u0131n\u0131 m\u00fcmk\u00fcn k\u0131lan hizmetler nedir diye sorsak, \u201csu tesisat\u0131\u201dndan mutlaka s\u00f6z etmemiz gerekir. Oysa temiz suyu evlerimize kadar ula\u015ft\u0131r\u0131p<span class=\"excerpt-hellip\"> [\u2026]<\/span><\/p>\n","protected":false},"featured_media":0,"template":"","meta":{"_monsterinsights_skip_tracking":false,"_monsterinsights_sitenote_active":false,"_monsterinsights_sitenote_note":"","_monsterinsights_sitenote_category":0},"product_brand":[],"product_cat":[13005,37328],"product_tag":[],"class_list":{"0":"post-716096","1":"product","2":"type-product","3":"status-publish","5":"product_cat-bilim-muhendislik","6":"product_cat-diger-bilim-muhendislik","7":"pa_cilt-ciltsiz","8":"pa_tur-kitap","9":"pa_yayinevi-koc-universitesi-yayinlari","10":"pa_yazar-w-hodding-carter","12":"first","13":"instock","14":"sale","15":"shipping-taxable","16":"purchasable","17":"product-type-simple"},"_links":{"self":[{"href":"https:\/\/roveyayinevi.com.tr\/index.php\/wp-json\/wp\/v2\/product\/716096","targetHints":{"allow":["GET"]}}],"collection":[{"href":"https:\/\/roveyayinevi.com.tr\/index.php\/wp-json\/wp\/v2\/product"}],"about":[{"href":"https:\/\/roveyayinevi.com.tr\/index.php\/wp-json\/wp\/v2\/types\/product"}],"wp:attachment":[{"href":"https:\/\/roveyayinevi.com.tr\/index.php\/wp-json\/wp\/v2\/media?parent=716096"}],"wp:term":[{"taxonomy":"product_brand","embeddable":true,"href":"https:\/\/roveyayinevi.com.tr\/index.php\/wp-json\/wp\/v2\/product_brand?post=716096"},{"taxonomy":"product_cat","embeddable":true,"href":"https:\/\/roveyayinevi.com.tr\/index.php\/wp-json\/wp\/v2\/product_cat?post=716096"},{"taxonomy":"product_tag","embeddable":true,"href":"https:\/\/roveyayinevi.com.tr\/index.php\/wp-json\/wp\/v2\/product_tag?post=716096"}],"curies":[{"name":"wp","href":"https:\/\/api.w.org\/{rel}","templated":true}]}}