{"id":716091,"date":"2025-08-27T17:38:17","date_gmt":"2025-08-27T14:38:17","guid":{"rendered":"https:\/\/roveyayinevi.com.tr\/index.php\/urun\/severek-dinliyoruz\/"},"modified":"2026-04-16T02:24:31","modified_gmt":"2026-04-15T23:24:31","slug":"severek-dinliyoruz","status":"publish","type":"product","link":"https:\/\/roveyayinevi.com.tr\/index.php\/urun\/severek-dinliyoruz\/","title":{"rendered":"Severek Dinliyoruz"},"content":{"rendered":"<p>Radyoculuk mesle\u011finde 25 y\u0131l\u0131 geride b\u0131rakan ve sevilerek dinlenen Nihat S\u0131rdar; samimi, e\u011flenceli, zaman zaman h\u00fcz\u00fcnlendiren bir dille hik\u00e2yelerini anlat\u0131yor. Bu anlat\u0131mda kendinizden mutlaka bir \u015feyler bulacaks\u0131n\u0131z. Eskiye dair ya\u015fananlardan bug\u00fcne kalanlar ve kalmayanlar\u2026 \u0130nsanlar, sokaklar, arabalar\u2026 S\u0131rdar\u2019da g\u00f6rece\u011finiz \u015fey sadece bir \u0130stanbul de\u011fil, memleket \u00f6zlemidir ayn\u0131 zamanda.Bu kitab\u0131n i\u00e7inde turneler, oteller, yay\u0131nlar, seyahatler, \u00fcz\u00fcnt\u00fcler, sevin\u00e7ler var. Bir foto\u011fraf\u0131n i\u00e7inden \u00e7\u0131kan say\u0131s\u0131z hik\u00e2ye, an\u0131 var.  Bir foto\u011fraf\u0131n i\u00e7inden \u00e7\u0131kan say\u0131s\u0131z hik\u00e2ye, an\u0131 var. Kimisini okurken \u201cben de\u201d diyece\u011finiz anlar, an\u0131lar koleksiyonunuzda yerini alacak. Y\u0131llard\u0131r severek dinledi\u011finiz Nihat S\u0131rdar\u2019\u0131 bir kez daha severek okuyacaks\u0131n\u0131z&#8230;  <\/p>\n","protected":false},"excerpt":{"rendered":"<p>Radyoculuk mesle\u011finde 25 y\u0131l\u0131 geride b\u0131rakan ve sevilerek dinlenen Nihat S\u0131rdar; samimi, e\u011flenceli, zaman zaman h\u00fcz\u00fcnlendiren bir dille hik\u00e2yelerini anlat\u0131yor. Bu anlat\u0131mda kendinizden mutlaka bir \u015feyler<span class=\"excerpt-hellip\"> [\u2026]<\/span><\/p>\n","protected":false},"featured_media":0,"template":"","meta":{"_monsterinsights_skip_tracking":false,"_monsterinsights_sitenote_active":false,"_monsterinsights_sitenote_note":"","_monsterinsights_sitenote_category":0},"product_brand":[],"product_cat":[18545,12291],"product_tag":[],"class_list":{"0":"post-716091","1":"product","2":"type-product","3":"status-publish","5":"product_cat-anlati","6":"product_cat-edebiyat","7":"pa_cilt-ciltsiz","8":"pa_tur-kitap","9":"pa_yayinevi-inkilap-kitabevi","10":"pa_yazar-nihat-sirdar","12":"first","13":"instock","14":"sale","15":"shipping-taxable","16":"purchasable","17":"product-type-simple"},"_links":{"self":[{"href":"https:\/\/roveyayinevi.com.tr\/index.php\/wp-json\/wp\/v2\/product\/716091","targetHints":{"allow":["GET"]}}],"collection":[{"href":"https:\/\/roveyayinevi.com.tr\/index.php\/wp-json\/wp\/v2\/product"}],"about":[{"href":"https:\/\/roveyayinevi.com.tr\/index.php\/wp-json\/wp\/v2\/types\/product"}],"wp:attachment":[{"href":"https:\/\/roveyayinevi.com.tr\/index.php\/wp-json\/wp\/v2\/media?parent=716091"}],"wp:term":[{"taxonomy":"product_brand","embeddable":true,"href":"https:\/\/roveyayinevi.com.tr\/index.php\/wp-json\/wp\/v2\/product_brand?post=716091"},{"taxonomy":"product_cat","embeddable":true,"href":"https:\/\/roveyayinevi.com.tr\/index.php\/wp-json\/wp\/v2\/product_cat?post=716091"},{"taxonomy":"product_tag","embeddable":true,"href":"https:\/\/roveyayinevi.com.tr\/index.php\/wp-json\/wp\/v2\/product_tag?post=716091"}],"curies":[{"name":"wp","href":"https:\/\/api.w.org\/{rel}","templated":true}]}}