{"id":716088,"date":"2025-08-27T17:38:16","date_gmt":"2025-08-27T14:38:16","guid":{"rendered":"https:\/\/roveyayinevi.com.tr\/index.php\/urun\/buyuk-kurt-kucuk-kurt-3-guzelim-portakal\/"},"modified":"2026-04-11T02:30:46","modified_gmt":"2026-04-10T23:30:46","slug":"buyuk-kurt-kucuk-kurt-3-guzelim-portakal","status":"publish","type":"product","link":"https:\/\/roveyayinevi.com.tr\/index.php\/urun\/buyuk-kurt-kucuk-kurt-3-guzelim-portakal\/","title":{"rendered":"B\u00fcy\u00fck Kurt K\u00fc\u00e7\u00fck Kurt 3- G\u00fczelim Portakal"},"content":{"rendered":"<p>B\u00fcy\u00fck Kurt ve K\u00fc\u00e7\u00fck Kurt d\u00fcnyan\u0131n en g\u00fczel portakal\u0131na rastlarlar.Ancak onu bulmalar\u0131yla kaybetmeleri bir olur.K\u00fc\u00e7\u00fck Kurt g\u00fczelim portakal\u0131n pe\u015fine d\u00fc\u015fer.B\u00fcy\u00fck Kurt ise K\u00fc\u00e7\u00fck Kurt`un pe\u015fine&#8230;O hi\u00e7 bilmedikleri beton ormanda kaybolan iki arkada\u015f, \u015fa\u015f\u0131rt\u0131c\u0131 bir maceraya s\u00fcr\u00fcklenir.Ali Nesin`in \u00e7evirisiyle okurla bulu\u015fan &#8220;B\u00fcy\u00fck Kurt &amp; K\u00fc\u00e7\u00fck Kurt&#8221; serisi hem hik\u00e2yesi hem de \u00e7izimleriyle sadece minik okurlar\u0131m\u0131z\u0131n de\u011fil b\u00fcy\u00fcklerin de kalbini \u00e7alacak.Nadine Brun-Cosme ve Olivier Tallec`ten yediden yetmi\u015fe her ya\u015fa seslenen dokunakl\u0131 bir arkada\u015fl\u0131k \u00f6yk\u00fcs\u00fc&#8230;\u0130ster ayr\u0131 ayr\u0131, ister set halinde \u00f6zel kutusunda sat\u0131n alabilece\u011finiz &#8220;B\u00fcy\u00fck Kurt &amp; K\u00fc\u00e7\u00fck Kurt&#8221; serisindeki kitaplar\u0131n tamam\u0131 a\u015fa\u011f\u0131daki gibidir:B\u00fcy\u00fck Kurt &amp; K\u00fc\u00e7\u00fck Kurt &#8211; Beklenmeyen MisafirB\u00fcy\u00fck Kurt &amp; K\u00fc\u00e7\u00fck Kurt &#8211; D\u00fc\u015fmek Bilmeyen YaprakB\u00fcy\u00fck Kurt &amp; K\u00fc\u00e7\u00fck Kurt &#8211; G\u00fczelim Portakal<\/p>\n","protected":false},"excerpt":{"rendered":"<p>B\u00fcy\u00fck Kurt ve K\u00fc\u00e7\u00fck Kurt d\u00fcnyan\u0131n en g\u00fczel portakal\u0131na rastlarlar.Ancak onu bulmalar\u0131yla kaybetmeleri bir olur.K\u00fc\u00e7\u00fck Kurt g\u00fczelim portakal\u0131n pe\u015fine d\u00fc\u015fer.B\u00fcy\u00fck Kurt ise K\u00fc\u00e7\u00fck Kurt`un pe\u015fine&#8230;O hi\u00e7<span class=\"excerpt-hellip\"> [\u2026]<\/span><\/p>\n","protected":false},"featured_media":0,"template":"","meta":{"_monsterinsights_skip_tracking":false,"_monsterinsights_sitenote_active":false,"_monsterinsights_sitenote_note":"","_monsterinsights_sitenote_category":0},"product_brand":[],"product_cat":[12274,12284],"product_tag":[],"class_list":{"0":"post-716088","1":"product","2":"type-product","3":"status-publish","5":"product_cat-cocuk-ve-genclik-kitaplari","6":"product_cat-hikayeler","7":"pa_cilt-ciltsiz","8":"pa_tur-kitap","9":"pa_yayinevi-nesin-yayinlari","10":"pa_yazar-nadine-brun-cosme","12":"first","13":"instock","14":"sale","15":"shipping-taxable","16":"purchasable","17":"product-type-simple"},"_links":{"self":[{"href":"https:\/\/roveyayinevi.com.tr\/index.php\/wp-json\/wp\/v2\/product\/716088","targetHints":{"allow":["GET"]}}],"collection":[{"href":"https:\/\/roveyayinevi.com.tr\/index.php\/wp-json\/wp\/v2\/product"}],"about":[{"href":"https:\/\/roveyayinevi.com.tr\/index.php\/wp-json\/wp\/v2\/types\/product"}],"wp:attachment":[{"href":"https:\/\/roveyayinevi.com.tr\/index.php\/wp-json\/wp\/v2\/media?parent=716088"}],"wp:term":[{"taxonomy":"product_brand","embeddable":true,"href":"https:\/\/roveyayinevi.com.tr\/index.php\/wp-json\/wp\/v2\/product_brand?post=716088"},{"taxonomy":"product_cat","embeddable":true,"href":"https:\/\/roveyayinevi.com.tr\/index.php\/wp-json\/wp\/v2\/product_cat?post=716088"},{"taxonomy":"product_tag","embeddable":true,"href":"https:\/\/roveyayinevi.com.tr\/index.php\/wp-json\/wp\/v2\/product_tag?post=716088"}],"curies":[{"name":"wp","href":"https:\/\/api.w.org\/{rel}","templated":true}]}}