{"id":716086,"date":"2025-08-27T17:38:15","date_gmt":"2025-08-27T14:38:15","guid":{"rendered":"https:\/\/roveyayinevi.com.tr\/index.php\/urun\/baho-golunun-sirri\/"},"modified":"2026-03-12T02:32:45","modified_gmt":"2026-03-11T23:32:45","slug":"baho-golunun-sirri","status":"publish","type":"product","link":"https:\/\/roveyayinevi.com.tr\/index.php\/urun\/baho-golunun-sirri\/","title":{"rendered":"Baho G\u00f6l\u00fc&#8217;n\u00fcn S\u0131rr\u0131"},"content":{"rendered":"<p>Baho,Diyarbak\u0131r&#8217;da ya\u015fayan bir \u00e7oband\u0131r ve geceleri g\u00f6l\u00fcn kenar\u0131nda y\u0131ld\u0131zlar\u0131 seyretmeyi \u00e7ok sever.Baho G\u00f6l\u00fc ad\u0131n\u0131 ve s\u0131rr\u0131n\u0131 ondan alm\u0131\u015ft\u0131r ve bu s\u0131r&#8230;<\/p>\n","protected":false},"excerpt":{"rendered":"<p>Baho,Diyarbak\u0131r&#8217;da ya\u015fayan bir \u00e7oband\u0131r ve geceleri g\u00f6l\u00fcn kenar\u0131nda y\u0131ld\u0131zlar\u0131 seyretmeyi \u00e7ok sever.Baho G\u00f6l\u00fc ad\u0131n\u0131 ve s\u0131rr\u0131n\u0131 ondan alm\u0131\u015ft\u0131r ve bu s\u0131r&#8230;<\/p>\n","protected":false},"featured_media":0,"template":"","meta":{"_monsterinsights_skip_tracking":false,"_monsterinsights_sitenote_active":false,"_monsterinsights_sitenote_note":"","_monsterinsights_sitenote_category":0},"product_brand":[],"product_cat":[12291,12711],"product_tag":[],"class_list":{"0":"post-716086","1":"product","2":"type-product","3":"status-publish","5":"product_cat-edebiyat","6":"product_cat-roman-oyku","7":"pa_cilt-ciltsiz","8":"pa_tur-kitap","9":"pa_yayinevi-kirmizi-cati-yayinlari","10":"pa_yazar-haldun-aciksozlu","12":"first","13":"instock","14":"sale","15":"shipping-taxable","16":"purchasable","17":"product-type-simple"},"_links":{"self":[{"href":"https:\/\/roveyayinevi.com.tr\/index.php\/wp-json\/wp\/v2\/product\/716086","targetHints":{"allow":["GET"]}}],"collection":[{"href":"https:\/\/roveyayinevi.com.tr\/index.php\/wp-json\/wp\/v2\/product"}],"about":[{"href":"https:\/\/roveyayinevi.com.tr\/index.php\/wp-json\/wp\/v2\/types\/product"}],"wp:attachment":[{"href":"https:\/\/roveyayinevi.com.tr\/index.php\/wp-json\/wp\/v2\/media?parent=716086"}],"wp:term":[{"taxonomy":"product_brand","embeddable":true,"href":"https:\/\/roveyayinevi.com.tr\/index.php\/wp-json\/wp\/v2\/product_brand?post=716086"},{"taxonomy":"product_cat","embeddable":true,"href":"https:\/\/roveyayinevi.com.tr\/index.php\/wp-json\/wp\/v2\/product_cat?post=716086"},{"taxonomy":"product_tag","embeddable":true,"href":"https:\/\/roveyayinevi.com.tr\/index.php\/wp-json\/wp\/v2\/product_tag?post=716086"}],"curies":[{"name":"wp","href":"https:\/\/api.w.org\/{rel}","templated":true}]}}