{"id":716085,"date":"2025-08-27T17:38:14","date_gmt":"2025-08-27T14:38:14","guid":{"rendered":"https:\/\/roveyayinevi.com.tr\/index.php\/urun\/oyun-bahcesi-2-birlikte-ogreniyoruz\/"},"modified":"2026-03-12T02:32:45","modified_gmt":"2026-03-11T23:32:45","slug":"oyun-bahcesi-2-birlikte-ogreniyoruz","status":"publish","type":"product","link":"https:\/\/roveyayinevi.com.tr\/index.php\/urun\/oyun-bahcesi-2-birlikte-ogreniyoruz\/","title":{"rendered":"Oyun Bah\u00e7esi 2 &#8211; Birlikte \u00d6\u011freniyoruz"},"content":{"rendered":"<p>Oyun Bah\u00e7esi adl\u0131 \u00e7al\u0131\u015fmam\u0131z\u0131n ilk kitab\u0131 &#8220;hayata haz\u0131rlan\u0131yoruz&#8221; ile ba\u015flad\u0131\u011f\u0131m\u0131z yolculuk devam ediyor. Bu kez &#8220;birlikte \u00f6\u011freniyoruz&#8221; ve \u00f6\u011frendiklerimizle geli\u015fimimizi s\u00fcrd\u00fcr\u00fcyoruz.Bu kitab\u0131m\u0131zda; ilk\u00f6\u011fretimlerin birinci kademesinde sahnelenebilecek oyun metinleri yer al\u0131yor.Oyun bah\u00e7elerimize daha \u00e7ok tiyatro  yaparak birlikte \u00f6\u011frenelim ve gelece\u011fin g\u00fczelliklerini hep birlikte yaratal\u0131m!Ba\u015flas\u0131n provalar..Ba\u015flas\u0131n oyunlar&#8230;Ve perde!<\/p>\n","protected":false},"excerpt":{"rendered":"<p>Oyun Bah\u00e7esi adl\u0131 \u00e7al\u0131\u015fmam\u0131z\u0131n ilk kitab\u0131 &#8220;hayata haz\u0131rlan\u0131yoruz&#8221; ile ba\u015flad\u0131\u011f\u0131m\u0131z yolculuk devam ediyor. Bu kez &#8220;birlikte \u00f6\u011freniyoruz&#8221; ve \u00f6\u011frendiklerimizle geli\u015fimimizi s\u00fcrd\u00fcr\u00fcyoruz.Bu kitab\u0131m\u0131zda; ilk\u00f6\u011fretimlerin birinci kademesinde sahnelenebilecek<span class=\"excerpt-hellip\"> [\u2026]<\/span><\/p>\n","protected":false},"featured_media":0,"template":"","meta":{"_monsterinsights_skip_tracking":false,"_monsterinsights_sitenote_active":false,"_monsterinsights_sitenote_note":"","_monsterinsights_sitenote_category":0},"product_brand":[],"product_cat":[12274,17859],"product_tag":[],"class_list":{"0":"post-716085","1":"product","2":"type-product","3":"status-publish","5":"product_cat-cocuk-ve-genclik-kitaplari","6":"product_cat-oyun-kitaplari","7":"pa_cilt-ciltsiz","8":"pa_tur-kitap","9":"pa_yayinevi-kirmizi-cati-yayinlari","10":"pa_yazar-haldun-aciksozlu","12":"first","13":"instock","14":"sale","15":"shipping-taxable","16":"purchasable","17":"product-type-simple"},"_links":{"self":[{"href":"https:\/\/roveyayinevi.com.tr\/index.php\/wp-json\/wp\/v2\/product\/716085","targetHints":{"allow":["GET"]}}],"collection":[{"href":"https:\/\/roveyayinevi.com.tr\/index.php\/wp-json\/wp\/v2\/product"}],"about":[{"href":"https:\/\/roveyayinevi.com.tr\/index.php\/wp-json\/wp\/v2\/types\/product"}],"wp:attachment":[{"href":"https:\/\/roveyayinevi.com.tr\/index.php\/wp-json\/wp\/v2\/media?parent=716085"}],"wp:term":[{"taxonomy":"product_brand","embeddable":true,"href":"https:\/\/roveyayinevi.com.tr\/index.php\/wp-json\/wp\/v2\/product_brand?post=716085"},{"taxonomy":"product_cat","embeddable":true,"href":"https:\/\/roveyayinevi.com.tr\/index.php\/wp-json\/wp\/v2\/product_cat?post=716085"},{"taxonomy":"product_tag","embeddable":true,"href":"https:\/\/roveyayinevi.com.tr\/index.php\/wp-json\/wp\/v2\/product_tag?post=716085"}],"curies":[{"name":"wp","href":"https:\/\/api.w.org\/{rel}","templated":true}]}}