{"id":716084,"date":"2025-08-27T17:38:13","date_gmt":"2025-08-27T14:38:13","guid":{"rendered":"https:\/\/roveyayinevi.com.tr\/index.php\/urun\/oyun-bahcesi-1-hayata-hazirlaniyoruz\/"},"modified":"2026-03-12T02:32:45","modified_gmt":"2026-03-11T23:32:45","slug":"oyun-bahcesi-1-hayata-hazirlaniyoruz","status":"publish","type":"product","link":"https:\/\/roveyayinevi.com.tr\/index.php\/urun\/oyun-bahcesi-1-hayata-hazirlaniyoruz\/","title":{"rendered":"Oyun Bah\u00e7esi 1 &#8211; Hayata Haz\u0131rlan\u0131yoruz"},"content":{"rendered":"<p>Oyun Bah\u00e7emize ho\u015f geldiniz.Elinizde \u00e7ocuklar\u0131n\u0131zla, \u00f6\u011frencilerinizle oynayabilece\u011finiz oyunlar\u0131m\u0131z var.Oyunlarla ya\u015farken hayat\u0131 \u00f6\u011frenece\u011fiz.Tiyatronun ve draman\u0131n olmazlar\u0131n\u0131 \u00f6\u011frenece\u011fiz.Sanat, &#8220;ben yapt\u0131m oldu!&#8221; c\u00fcmlesineki gibi naif ve f\u00fctursuzdur. Ba\u015flas\u0131n provalar..Ba\u015flas\u0131n oyunlar&#8230;Ve perde!..<\/p>\n","protected":false},"excerpt":{"rendered":"<p>Oyun Bah\u00e7emize ho\u015f geldiniz.Elinizde \u00e7ocuklar\u0131n\u0131zla, \u00f6\u011frencilerinizle oynayabilece\u011finiz oyunlar\u0131m\u0131z var.Oyunlarla ya\u015farken hayat\u0131 \u00f6\u011frenece\u011fiz.Tiyatronun ve draman\u0131n olmazlar\u0131n\u0131 \u00f6\u011frenece\u011fiz.Sanat, &#8220;ben yapt\u0131m oldu!&#8221; c\u00fcmlesineki gibi naif ve f\u00fctursuzdur. Ba\u015flas\u0131n provalar..Ba\u015flas\u0131n<span class=\"excerpt-hellip\"> [\u2026]<\/span><\/p>\n","protected":false},"featured_media":0,"template":"","meta":{"_monsterinsights_skip_tracking":false,"_monsterinsights_sitenote_active":false,"_monsterinsights_sitenote_note":"","_monsterinsights_sitenote_category":0},"product_brand":[],"product_cat":[12274,17859],"product_tag":[],"class_list":{"0":"post-716084","1":"product","2":"type-product","3":"status-publish","5":"product_cat-cocuk-ve-genclik-kitaplari","6":"product_cat-oyun-kitaplari","7":"pa_cilt-ciltsiz","8":"pa_tur-kitap","9":"pa_yayinevi-kirmizi-cati-yayinlari","10":"pa_yazar-haldun-aciksozlu","12":"first","13":"instock","14":"sale","15":"shipping-taxable","16":"purchasable","17":"product-type-simple"},"_links":{"self":[{"href":"https:\/\/roveyayinevi.com.tr\/index.php\/wp-json\/wp\/v2\/product\/716084","targetHints":{"allow":["GET"]}}],"collection":[{"href":"https:\/\/roveyayinevi.com.tr\/index.php\/wp-json\/wp\/v2\/product"}],"about":[{"href":"https:\/\/roveyayinevi.com.tr\/index.php\/wp-json\/wp\/v2\/types\/product"}],"wp:attachment":[{"href":"https:\/\/roveyayinevi.com.tr\/index.php\/wp-json\/wp\/v2\/media?parent=716084"}],"wp:term":[{"taxonomy":"product_brand","embeddable":true,"href":"https:\/\/roveyayinevi.com.tr\/index.php\/wp-json\/wp\/v2\/product_brand?post=716084"},{"taxonomy":"product_cat","embeddable":true,"href":"https:\/\/roveyayinevi.com.tr\/index.php\/wp-json\/wp\/v2\/product_cat?post=716084"},{"taxonomy":"product_tag","embeddable":true,"href":"https:\/\/roveyayinevi.com.tr\/index.php\/wp-json\/wp\/v2\/product_tag?post=716084"}],"curies":[{"name":"wp","href":"https:\/\/api.w.org\/{rel}","templated":true}]}}