{"id":716083,"date":"2025-08-27T17:38:12","date_gmt":"2025-08-27T14:38:12","guid":{"rendered":"https:\/\/roveyayinevi.com.tr\/index.php\/urun\/magara-duvarindan-yansimalar\/"},"modified":"2026-04-16T02:24:30","modified_gmt":"2026-04-15T23:24:30","slug":"magara-duvarindan-yansimalar","status":"publish","type":"product","link":"https:\/\/roveyayinevi.com.tr\/index.php\/urun\/magara-duvarindan-yansimalar\/","title":{"rendered":"Ma\u011fara Duvar\u0131ndan Yans\u0131malar"},"content":{"rendered":"<p>Bu eser, ba\u015f\u0131ndan beri ele ald\u0131\u011f\u0131m\u0131z b\u00f6l\u00fcnme, ayr\u0131\u015fma ve manip\u00fclasyonlara neden olan ve bundan sonra da etkinli\u011fini s\u00fcrd\u00fcrmesi m\u00fcmk\u00fcn g\u00f6r\u00fcnen, \u00f6nce zihnimizde olu\u015fup daha sonra hayat prati\u011fine d\u00f6n\u00fc\u015ft\u00fcrd\u00fc\u011f\u00fcm\u00fcz kolektif kimlik ve temsillerin sosyolojik, psikolojik, siyasi, k\u00fclt\u00fcrel bir \u00e7\u00f6z\u00fcmlemesini okuyucusuyla bulu\u015fturmay\u0131 hedeflemektedir.Elinizdeki kitap, art\u0131k hayat\u0131m\u0131z\u0131n her safhas\u0131n\u0131, neredeyse t\u00fcm toplumlar\u0131 ve bir b\u00fct\u00fcn olarak d\u00fcnyan\u0131n gelece\u011fini ilgilendiren bu paradigmal \u00f6n yarg\u0131lardan kurtulman\u0131n, hayata daha geni\u015f bir perspektiften bakabilmenin, bizi deveku\u015fu misali kendi i\u00e7imize hapseden ve ya\u015fant\u0131m\u0131z\u0131, d\u00fc\u015f\u00fcnce d\u00fcnyam\u0131z\u0131, ufkumuzu ve ili\u015fkilerimizi fakirle\u015ftiren yapay s\u0131n\u0131rlar\u0131 ve kategorik ayr\u0131\u015fmalar\u0131 bir yana b\u0131rakarak hayat\u0131n \u00f6z\u00fcn\u00fc ve esas\u0131n\u0131 yakalayabilmenin m\u00fcmk\u00fcn oldu\u011funu g\u00f6stermektedir. Elbette bu konuda yaz\u0131lm\u0131\u015f ve literat\u00fcrde sayg\u0131n yer edinmi\u015f pek \u00e7ok eser mevcuttur.Ancak bu \u00e7al\u0131\u015fman\u0131n di\u011ferlerinden fark\u0131, konunun \u00f6z\u00fcne inerek ve insan beyninin k\u0131vr\u0131mlar\u0131na n\u00fcfuz ederek insan ger\u00e7e\u011finin kognitif, bili\u015fsel ve duyu\u015fsal boyutlar\u0131yla b\u00fct\u00fcnle\u015fen insan davran\u0131\u015f\u0131n\u0131n mant\u0131ksal ve deneysel eylem analiziyle, insan\u0131n ni\u00e7in kolektif temsil ve semboller \u00fczerinden d\u00fcnyay\u0131 alg\u0131lad\u0131\u011f\u0131n\u0131 irdelemesi, bu alg\u0131laman\u0131n insan davran\u0131\u015f\u0131na yans\u0131yarak d\u0131\u015f d\u00fcnyaya yans\u0131mas\u0131, bu yans\u0131man\u0131n yaratt\u0131\u011f\u0131 rasynellik-irrasyonellik, d\u0131\u015flay\u0131c\u0131l\u0131k-ku\u015fat\u0131c\u0131l\u0131k, reformizm-muhafazak\u00e2rl\u0131k, eskilik-yenilik gibi olgular\u0131 g\u00fcncel \u00f6rnek vakalarla psikolojik ve sosyolojik boyutlar\u0131yla \u00e7\u00f6z\u00fcmlemesi, bu \u00e7\u00f6z\u00fcmlemenin bir yandan g\u00fcncel ulusal ve uluslararas\u0131 politikalarda ve k\u00fclt\u00fcrler aras\u0131 y\u00fczle\u015fmelerde yaratt\u0131\u011f\u0131 tesirleri g\u00f6zler \u00f6n\u00fcne sererken, \u00f6te yandan, ilgin\u00e7 bir bi\u00e7imde ve tarihte ilk defa olmak \u00fczere, ekonomik i\u015fletmeler d\u00fczeyinde ve \u00f6rg\u00fct k\u00fclt\u00fcr\u00fc ve felsefesi ba\u011flam\u0131nda, \u00f6zel kurumlar ve kamu kurumlar\u0131 a\u00e7\u0131s\u0131ndan mikro ve mezo d\u00fczeyde analizler yapmas\u0131 ve bu problemlerin \u00e7\u00f6z\u00fcm\u00fcn\u00fcn ne denli zor oldu\u011funun bilinci ve fark\u0131ndal\u0131\u011f\u0131 \u00e7er\u00e7evesinde sundu\u011fu uzun erimli \u00e7\u00f6z\u00fcm stratejileridir.<\/p>\n","protected":false},"excerpt":{"rendered":"<p>Bu eser, ba\u015f\u0131ndan beri ele ald\u0131\u011f\u0131m\u0131z b\u00f6l\u00fcnme, ayr\u0131\u015fma ve manip\u00fclasyonlara neden olan ve bundan sonra da etkinli\u011fini s\u00fcrd\u00fcrmesi m\u00fcmk\u00fcn g\u00f6r\u00fcnen, \u00f6nce zihnimizde olu\u015fup daha sonra hayat<span class=\"excerpt-hellip\"> [\u2026]<\/span><\/p>\n","protected":false},"featured_media":0,"template":"","meta":{"_monsterinsights_skip_tracking":false,"_monsterinsights_sitenote_active":false,"_monsterinsights_sitenote_note":"","_monsterinsights_sitenote_category":0},"product_brand":[],"product_cat":[12325,12324],"product_tag":[],"class_list":{"0":"post-716083","1":"product","2":"type-product","3":"status-publish","5":"product_cat-diger-sosyoloji","6":"product_cat-sosyoloji","7":"pa_cilt-ciltsiz","8":"pa_tur-kitap","9":"pa_yayinevi-bilge-kultur-sanat","10":"pa_yazar-jan-berting","12":"first","13":"instock","14":"sale","15":"shipping-taxable","16":"purchasable","17":"product-type-simple"},"_links":{"self":[{"href":"https:\/\/roveyayinevi.com.tr\/index.php\/wp-json\/wp\/v2\/product\/716083","targetHints":{"allow":["GET"]}}],"collection":[{"href":"https:\/\/roveyayinevi.com.tr\/index.php\/wp-json\/wp\/v2\/product"}],"about":[{"href":"https:\/\/roveyayinevi.com.tr\/index.php\/wp-json\/wp\/v2\/types\/product"}],"wp:attachment":[{"href":"https:\/\/roveyayinevi.com.tr\/index.php\/wp-json\/wp\/v2\/media?parent=716083"}],"wp:term":[{"taxonomy":"product_brand","embeddable":true,"href":"https:\/\/roveyayinevi.com.tr\/index.php\/wp-json\/wp\/v2\/product_brand?post=716083"},{"taxonomy":"product_cat","embeddable":true,"href":"https:\/\/roveyayinevi.com.tr\/index.php\/wp-json\/wp\/v2\/product_cat?post=716083"},{"taxonomy":"product_tag","embeddable":true,"href":"https:\/\/roveyayinevi.com.tr\/index.php\/wp-json\/wp\/v2\/product_tag?post=716083"}],"curies":[{"name":"wp","href":"https:\/\/api.w.org\/{rel}","templated":true}]}}