{"id":716082,"date":"2025-08-27T17:38:12","date_gmt":"2025-08-27T14:38:12","guid":{"rendered":"https:\/\/roveyayinevi.com.tr\/index.php\/urun\/buyuk-sehir-arastirmasi\/"},"modified":"2026-04-16T02:24:30","modified_gmt":"2026-04-15T23:24:30","slug":"buyuk-sehir-arastirmasi","status":"publish","type":"product","link":"https:\/\/roveyayinevi.com.tr\/index.php\/urun\/buyuk-sehir-arastirmasi\/","title":{"rendered":"B\u00fcy\u00fck \u015eehir Ara\u015ft\u0131rmas\u0131"},"content":{"rendered":"<p>\u015eehrimize ho\u015f geldiniz. Belediye Ba\u015fkan\u0131 ziyaretiniz s\u0131ras\u0131nda size rehberlik etmek i\u00e7in sab\u0131rs\u0131zlan\u0131yor. \u015eehirde gezebilmek, bir sonraki dura\u011f\u0131n\u0131z\u0131 bilebilmek i\u00e7in kar\u015f\u0131n\u0131za \u00e7\u0131kan ipu\u00e7lar\u0131n\u0131 de\u011ferlendirerek hareket etmelisiniz. B\u00fcy\u00fck \u015eehir Ara\u015ft\u0131rmas\u0131, saatlerce s\u00fcrecek bulmaca \u00e7\u00f6zme heyecan\u0131n\u0131n yan\u0131 s\u0131ra \u015fehir ya\u015fam\u0131 ve \u015fehirde ya\u015fayanlar hakk\u0131nda verdi\u011fi bilgilerle de b\u00fcy\u00fck bir keyif vaat ediyor. <\/p>\n","protected":false},"excerpt":{"rendered":"<p>\u015eehrimize ho\u015f geldiniz. Belediye Ba\u015fkan\u0131 ziyaretiniz s\u0131ras\u0131nda size rehberlik etmek i\u00e7in sab\u0131rs\u0131zlan\u0131yor. \u015eehirde gezebilmek, bir sonraki dura\u011f\u0131n\u0131z\u0131 bilebilmek i\u00e7in kar\u015f\u0131n\u0131za \u00e7\u0131kan ipu\u00e7lar\u0131n\u0131 de\u011ferlendirerek hareket etmelisiniz. B\u00fcy\u00fck<span class=\"excerpt-hellip\"> [\u2026]<\/span><\/p>\n","protected":false},"featured_media":0,"template":"","meta":{"_monsterinsights_skip_tracking":false,"_monsterinsights_sitenote_active":false,"_monsterinsights_sitenote_note":"","_monsterinsights_sitenote_category":0},"product_brand":[],"product_cat":[12274,12631],"product_tag":[],"class_list":{"0":"post-716082","1":"product","2":"type-product","3":"status-publish","5":"product_cat-cocuk-ve-genclik-kitaplari","6":"product_cat-diger-cocuk-ve-genclik-kitaplari","7":"pa_cilt-ciltsiz","8":"pa_tur-kitap","9":"pa_yayinevi-yapi-kredi-yayinlari","10":"pa_yazar-rosie-heywood","12":"first","13":"instock","14":"sale","15":"shipping-taxable","16":"purchasable","17":"product-type-simple"},"_links":{"self":[{"href":"https:\/\/roveyayinevi.com.tr\/index.php\/wp-json\/wp\/v2\/product\/716082","targetHints":{"allow":["GET"]}}],"collection":[{"href":"https:\/\/roveyayinevi.com.tr\/index.php\/wp-json\/wp\/v2\/product"}],"about":[{"href":"https:\/\/roveyayinevi.com.tr\/index.php\/wp-json\/wp\/v2\/types\/product"}],"wp:attachment":[{"href":"https:\/\/roveyayinevi.com.tr\/index.php\/wp-json\/wp\/v2\/media?parent=716082"}],"wp:term":[{"taxonomy":"product_brand","embeddable":true,"href":"https:\/\/roveyayinevi.com.tr\/index.php\/wp-json\/wp\/v2\/product_brand?post=716082"},{"taxonomy":"product_cat","embeddable":true,"href":"https:\/\/roveyayinevi.com.tr\/index.php\/wp-json\/wp\/v2\/product_cat?post=716082"},{"taxonomy":"product_tag","embeddable":true,"href":"https:\/\/roveyayinevi.com.tr\/index.php\/wp-json\/wp\/v2\/product_tag?post=716082"}],"curies":[{"name":"wp","href":"https:\/\/api.w.org\/{rel}","templated":true}]}}