{"id":716081,"date":"2025-08-27T17:38:11","date_gmt":"2025-08-27T14:38:11","guid":{"rendered":"https:\/\/roveyayinevi.com.tr\/index.php\/urun\/bitmeyen-gun-sen-de-oku\/"},"modified":"2026-04-03T02:30:52","modified_gmt":"2026-04-02T23:30:52","slug":"bitmeyen-gun-sen-de-oku","status":"publish","type":"product","link":"https:\/\/roveyayinevi.com.tr\/index.php\/urun\/bitmeyen-gun-sen-de-oku\/","title":{"rendered":"Bitmeyen G\u00fcn &#8211; Sen De Oku"},"content":{"rendered":"<p>Hi\u00e7 bitmeyen cuma g\u00fcn\u00fc!Kuzey, her g\u00fcn cuma gibi olsun istiyor. Bol yaramazl\u0131k ve ertesi g\u00fcn tatil! Sonraki sabah uyan\u0131yor ve takvime bak\u0131yor: cuma. Sonraki sabah yine cuma\u2026 sonra yine\u2026 yine\u2026 Nas\u0131l olur! Yine mi ayn\u0131 g\u00fcn? Acaba Kuzey, bu soruna bir \u00e7\u00f6z\u00fcm bulabilecek mi?Annie Dalton&#8217;\u0131n yaz\u0131p, Brett Hudson&#8217;\u0131n resimledi\u011fi Bitmeyen G\u00fcn, Tudem\u2019in, okumaya isteksiz ve okuma g\u00fc\u00e7l\u00fc\u011f\u00fc \u00e7eken \u00e7ocuklar i\u00e7in \u00f6zel olarak haz\u0131rlad\u0131\u011f\u0131 SEN de OKU koleksiyonundaki yerini al\u0131yor!Kelimelerle m\u00fccadele eden \u00e7ocuklar, bitmek bilmeyen bir cuma g\u00fcn\u00fcn\u00fcn tad\u0131n\u0131 \u00e7\u0131karmaya \u00e7al\u0131\u015f\u0131rken, okuma sevgisi kazan\u0131yor!<\/p>\n","protected":false},"excerpt":{"rendered":"<p>Hi\u00e7 bitmeyen cuma g\u00fcn\u00fc!Kuzey, her g\u00fcn cuma gibi olsun istiyor. Bol yaramazl\u0131k ve ertesi g\u00fcn tatil! Sonraki sabah uyan\u0131yor ve takvime bak\u0131yor: cuma. Sonraki sabah yine<span class=\"excerpt-hellip\"> [\u2026]<\/span><\/p>\n","protected":false},"featured_media":0,"template":"","meta":{"_monsterinsights_skip_tracking":false,"_monsterinsights_sitenote_active":false,"_monsterinsights_sitenote_note":"","_monsterinsights_sitenote_category":0},"product_brand":[],"product_cat":[12274,12284],"product_tag":[],"class_list":{"0":"post-716081","1":"product","2":"type-product","3":"status-publish","5":"product_cat-cocuk-ve-genclik-kitaplari","6":"product_cat-hikayeler","7":"pa_cilt-ciltsiz","8":"pa_tur-kitap","9":"pa_yayinevi-tudem-yayinlari","10":"pa_yazar-annie-dalton","12":"first","13":"instock","14":"sale","15":"shipping-taxable","16":"purchasable","17":"product-type-simple"},"_links":{"self":[{"href":"https:\/\/roveyayinevi.com.tr\/index.php\/wp-json\/wp\/v2\/product\/716081","targetHints":{"allow":["GET"]}}],"collection":[{"href":"https:\/\/roveyayinevi.com.tr\/index.php\/wp-json\/wp\/v2\/product"}],"about":[{"href":"https:\/\/roveyayinevi.com.tr\/index.php\/wp-json\/wp\/v2\/types\/product"}],"wp:attachment":[{"href":"https:\/\/roveyayinevi.com.tr\/index.php\/wp-json\/wp\/v2\/media?parent=716081"}],"wp:term":[{"taxonomy":"product_brand","embeddable":true,"href":"https:\/\/roveyayinevi.com.tr\/index.php\/wp-json\/wp\/v2\/product_brand?post=716081"},{"taxonomy":"product_cat","embeddable":true,"href":"https:\/\/roveyayinevi.com.tr\/index.php\/wp-json\/wp\/v2\/product_cat?post=716081"},{"taxonomy":"product_tag","embeddable":true,"href":"https:\/\/roveyayinevi.com.tr\/index.php\/wp-json\/wp\/v2\/product_tag?post=716081"}],"curies":[{"name":"wp","href":"https:\/\/api.w.org\/{rel}","templated":true}]}}