{"id":716080,"date":"2025-08-27T17:38:10","date_gmt":"2025-08-27T14:38:10","guid":{"rendered":"https:\/\/roveyayinevi.com.tr\/index.php\/urun\/ataturkun-hayvan-sevgisi\/"},"modified":"2026-04-16T02:24:30","modified_gmt":"2026-04-15T23:24:30","slug":"ataturkun-hayvan-sevgisi","status":"publish","type":"product","link":"https:\/\/roveyayinevi.com.tr\/index.php\/urun\/ataturkun-hayvan-sevgisi\/","title":{"rendered":"Atat\u00fcrk&#8217;\u00fcn Hayvan Sevgisi"},"content":{"rendered":"<p>\u00c7ocuk edebiyat\u0131m\u0131z\u0131n g\u00fc\u00e7l\u00fc kalemi Mavisel Yener, M. Kemal Atat\u00fcrk\u2019\u00fcn hayat\u0131n\u0131 edebiyat\u0131n diliyle yo\u011furarak \u00e7ocuklar\u0131n konuyla ilgili duyarl\u0131klar\u0131n\u0131 g\u00fc\u00e7lendiriyor, co\u015fku uyand\u0131r\u0131yor. \u00c7izgi roman d\u00fcnyas\u0131na e\u011flenceli bir davet yapan, bol s\u00fcrprizli bir kitap. \u00d6yk\u00fcle\u015ftirilmi\u015f an\u0131lar\u0131n penceresinden bakarken M. Kemal\u2019in ailesini, \u00e7ocuklu\u011funu, keskin zek\u00e2s\u0131n\u0131, okul y\u0131llar\u0131n\u0131, kurtulu\u015f m\u00fccadelesindeki inanc\u0131n\u0131, ileri g\u00f6r\u00fc\u015fl\u00fcl\u00fc\u011f\u00fcn\u00fc, kitapsever, hayvansever, do\u011fasever yan\u0131n\u0131, sanata verdi\u011fi \u00f6nemi, bar\u0131\u015f\u00e7\u0131l, merhametli, \u015fakac\u0131 ki\u015fili\u011finin kan\u0131tlar\u0131n\u0131 okumak ister misiniz? O halde a\u00e7\u0131n kitab\u0131n kap\u0131s\u0131n\u0131, buyurun i\u00e7eri\u2026<\/p>\n","protected":false},"excerpt":{"rendered":"<p>\u00c7ocuk edebiyat\u0131m\u0131z\u0131n g\u00fc\u00e7l\u00fc kalemi Mavisel Yener, M. Kemal Atat\u00fcrk\u2019\u00fcn hayat\u0131n\u0131 edebiyat\u0131n diliyle yo\u011furarak \u00e7ocuklar\u0131n konuyla ilgili duyarl\u0131klar\u0131n\u0131 g\u00fc\u00e7lendiriyor, co\u015fku uyand\u0131r\u0131yor. \u00c7izgi roman d\u00fcnyas\u0131na e\u011flenceli bir davet<span class=\"excerpt-hellip\"> [\u2026]<\/span><\/p>\n","protected":false},"featured_media":0,"template":"","meta":{"_monsterinsights_skip_tracking":false,"_monsterinsights_sitenote_active":false,"_monsterinsights_sitenote_note":"","_monsterinsights_sitenote_category":0},"product_brand":[],"product_cat":[12689,12274],"product_tag":[],"class_list":{"0":"post-716080","1":"product","2":"type-product","3":"status-publish","5":"product_cat-cizgi-roman-cocuk-ve-genclik-kitaplari","6":"product_cat-cocuk-ve-genclik-kitaplari","7":"pa_cilt-ciltsiz","8":"pa_tur-kitap","9":"pa_yayinevi-bilgi-yayinevi-cocuk","10":"pa_yazar-mavisel-yener","12":"first","13":"instock","14":"sale","15":"shipping-taxable","16":"purchasable","17":"product-type-simple"},"_links":{"self":[{"href":"https:\/\/roveyayinevi.com.tr\/index.php\/wp-json\/wp\/v2\/product\/716080","targetHints":{"allow":["GET"]}}],"collection":[{"href":"https:\/\/roveyayinevi.com.tr\/index.php\/wp-json\/wp\/v2\/product"}],"about":[{"href":"https:\/\/roveyayinevi.com.tr\/index.php\/wp-json\/wp\/v2\/types\/product"}],"wp:attachment":[{"href":"https:\/\/roveyayinevi.com.tr\/index.php\/wp-json\/wp\/v2\/media?parent=716080"}],"wp:term":[{"taxonomy":"product_brand","embeddable":true,"href":"https:\/\/roveyayinevi.com.tr\/index.php\/wp-json\/wp\/v2\/product_brand?post=716080"},{"taxonomy":"product_cat","embeddable":true,"href":"https:\/\/roveyayinevi.com.tr\/index.php\/wp-json\/wp\/v2\/product_cat?post=716080"},{"taxonomy":"product_tag","embeddable":true,"href":"https:\/\/roveyayinevi.com.tr\/index.php\/wp-json\/wp\/v2\/product_tag?post=716080"}],"curies":[{"name":"wp","href":"https:\/\/api.w.org\/{rel}","templated":true}]}}