{"id":716075,"date":"2025-08-27T17:38:07","date_gmt":"2025-08-27T14:38:07","guid":{"rendered":"https:\/\/roveyayinevi.com.tr\/index.php\/urun\/insan-ne-ile-yasar-14\/"},"modified":"2026-04-16T02:24:30","modified_gmt":"2026-04-15T23:24:30","slug":"insan-ne-ile-yasar-14","status":"publish","type":"product","link":"https:\/\/roveyayinevi.com.tr\/index.php\/urun\/insan-ne-ile-yasar-14\/","title":{"rendered":"\u0130nsan Ne ile Ya\u015far"},"content":{"rendered":"<p>D\u00fcnya k\u00fclt\u00fcr tarihi ele al\u0131nd\u0131\u011f\u0131nda; yazar, filozof ve h\u00fcmanizm yanl\u0131s\u0131 bir insan olan Lev Nikolayevi\u00e7 Tolstoy, bug\u00fcn\u00fcn \u015fartlar\u0131nda da soluksuz okunan ve pek \u00e7ok eserden ayr\u0131lan m\u00fckemmel yap\u0131tlara imza atm\u0131\u015ft\u0131r. Ku\u015fkusuz ki biz ve bizden sonraki ku\u015faklar da bu b\u00fcy\u00fck Rus yazar\u0131n eserlerini okuyacak ve onlara tekrar tekrar hayran kalacakt\u0131r. Devlet \u00f6d\u00fcl\u00fc sahibi, \u00fcnl\u00fc ressam Boris Diodorov, L.N. Tolstoy\u2019un halktan insanlar\u0131 anlatt\u0131\u011f\u0131 bu \u00f6yk\u00fclerin hepsini e\u015fsiz birer yap\u0131t olarak tan\u0131mlam\u0131\u015ft\u0131r. Bu \u00f6yk\u00fcler Tolstoy\u2019un Rus halk\u0131na b\u0131rakt\u0131\u011f\u0131 iyilik ve umut dolu birer vasiyettir. \u0130nsan\u0131n neyle ya\u015fad\u0131\u011f\u0131 sorusunun cevab\u0131n\u0131 Boris Diodorov, Tolstoy ile beraber bulmu\u015f ve okumay\u0131 bilmeyen insanlar i\u00e7in bu \u00f6yk\u00fclerin her birini tablolar\u0131na ta\u015f\u0131m\u0131\u015ft\u0131r. \u201cTolstoy\u2019un \u00f6yk\u00fclerini okuyunca Tanr\u0131\u2019y\u0131 t\u00fcm benli\u011fimle hissettim\u201d demi\u015ftir. <\/p>\n","protected":false},"excerpt":{"rendered":"<p>D\u00fcnya k\u00fclt\u00fcr tarihi ele al\u0131nd\u0131\u011f\u0131nda; yazar, filozof ve h\u00fcmanizm yanl\u0131s\u0131 bir insan olan Lev Nikolayevi\u00e7 Tolstoy, bug\u00fcn\u00fcn \u015fartlar\u0131nda da soluksuz okunan ve pek \u00e7ok eserden ayr\u0131lan<span class=\"excerpt-hellip\"> [\u2026]<\/span><\/p>\n","protected":false},"featured_media":0,"template":"","meta":{"_monsterinsights_skip_tracking":false,"_monsterinsights_sitenote_active":false,"_monsterinsights_sitenote_note":"","_monsterinsights_sitenote_category":0},"product_brand":[],"product_cat":[12291,12711],"product_tag":[],"class_list":{"0":"post-716075","1":"product","2":"type-product","3":"status-publish","5":"product_cat-edebiyat","6":"product_cat-roman-oyku","7":"pa_cilt-ciltsiz","8":"pa_tur-kitap","9":"pa_yayinevi-bilgi-yayinevi","10":"pa_yazar-lev-nikolayevic-tolstoy","12":"first","13":"instock","14":"sale","15":"shipping-taxable","16":"purchasable","17":"product-type-simple"},"_links":{"self":[{"href":"https:\/\/roveyayinevi.com.tr\/index.php\/wp-json\/wp\/v2\/product\/716075","targetHints":{"allow":["GET"]}}],"collection":[{"href":"https:\/\/roveyayinevi.com.tr\/index.php\/wp-json\/wp\/v2\/product"}],"about":[{"href":"https:\/\/roveyayinevi.com.tr\/index.php\/wp-json\/wp\/v2\/types\/product"}],"wp:attachment":[{"href":"https:\/\/roveyayinevi.com.tr\/index.php\/wp-json\/wp\/v2\/media?parent=716075"}],"wp:term":[{"taxonomy":"product_brand","embeddable":true,"href":"https:\/\/roveyayinevi.com.tr\/index.php\/wp-json\/wp\/v2\/product_brand?post=716075"},{"taxonomy":"product_cat","embeddable":true,"href":"https:\/\/roveyayinevi.com.tr\/index.php\/wp-json\/wp\/v2\/product_cat?post=716075"},{"taxonomy":"product_tag","embeddable":true,"href":"https:\/\/roveyayinevi.com.tr\/index.php\/wp-json\/wp\/v2\/product_tag?post=716075"}],"curies":[{"name":"wp","href":"https:\/\/api.w.org\/{rel}","templated":true}]}}