{"id":716073,"date":"2025-08-27T17:38:05","date_gmt":"2025-08-27T14:38:05","guid":{"rendered":"https:\/\/roveyayinevi.com.tr\/index.php\/urun\/plastik-ordekler-ucmaz\/"},"modified":"2026-04-16T02:24:30","modified_gmt":"2026-04-15T23:24:30","slug":"plastik-ordekler-ucmaz","status":"publish","type":"product","link":"https:\/\/roveyayinevi.com.tr\/index.php\/urun\/plastik-ordekler-ucmaz\/","title":{"rendered":"Plastik \u00d6rdekler U\u00e7maz"},"content":{"rendered":"<p>Plastik \u00d6rdek t\u00fcm g\u00fcn k\u00fcvette y\u00fczmekten b\u0131kt\u0131, usand\u0131. Banyo penceresinden g\u00f6rd\u00fc\u011f\u00fc ku\u015flar gibi u\u00e7mak istiyor o da. Ama nas\u0131l? Oyuncak arkada\u015flar\u0131 veriyor kafa kafaya, koyuluyorlar Plastik \u00d6rdek\u2019in hayalini ger\u00e7ekle\u015ftirmeye. Ne dersiniz? Plastik \u00d6rdek sonunda u\u00e7abilecek mi? <\/p>\n","protected":false},"excerpt":{"rendered":"<p>Plastik \u00d6rdek t\u00fcm g\u00fcn k\u00fcvette y\u00fczmekten b\u0131kt\u0131, usand\u0131. Banyo penceresinden g\u00f6rd\u00fc\u011f\u00fc ku\u015flar gibi u\u00e7mak istiyor o da. Ama nas\u0131l? Oyuncak arkada\u015flar\u0131 veriyor kafa kafaya, koyuluyorlar Plastik<span class=\"excerpt-hellip\"> [\u2026]<\/span><\/p>\n","protected":false},"featured_media":0,"template":"","meta":{"_monsterinsights_skip_tracking":false,"_monsterinsights_sitenote_active":false,"_monsterinsights_sitenote_note":"","_monsterinsights_sitenote_category":0},"product_brand":[],"product_cat":[12274,12518],"product_tag":[],"class_list":{"0":"post-716073","1":"product","2":"type-product","3":"status-publish","5":"product_cat-cocuk-ve-genclik-kitaplari","6":"product_cat-okul-oncesi-kitaplar","7":"pa_cilt-ciltsiz","8":"pa_tur-kitap","9":"pa_yayinevi-is-bankasi-kultur-yayinlari","10":"pa_yazar-sienna-williams","12":"first","13":"instock","14":"sale","15":"shipping-taxable","16":"purchasable","17":"product-type-simple"},"_links":{"self":[{"href":"https:\/\/roveyayinevi.com.tr\/index.php\/wp-json\/wp\/v2\/product\/716073","targetHints":{"allow":["GET"]}}],"collection":[{"href":"https:\/\/roveyayinevi.com.tr\/index.php\/wp-json\/wp\/v2\/product"}],"about":[{"href":"https:\/\/roveyayinevi.com.tr\/index.php\/wp-json\/wp\/v2\/types\/product"}],"wp:attachment":[{"href":"https:\/\/roveyayinevi.com.tr\/index.php\/wp-json\/wp\/v2\/media?parent=716073"}],"wp:term":[{"taxonomy":"product_brand","embeddable":true,"href":"https:\/\/roveyayinevi.com.tr\/index.php\/wp-json\/wp\/v2\/product_brand?post=716073"},{"taxonomy":"product_cat","embeddable":true,"href":"https:\/\/roveyayinevi.com.tr\/index.php\/wp-json\/wp\/v2\/product_cat?post=716073"},{"taxonomy":"product_tag","embeddable":true,"href":"https:\/\/roveyayinevi.com.tr\/index.php\/wp-json\/wp\/v2\/product_tag?post=716073"}],"curies":[{"name":"wp","href":"https:\/\/api.w.org\/{rel}","templated":true}]}}