{"id":716072,"date":"2025-08-27T17:38:04","date_gmt":"2025-08-27T14:38:04","guid":{"rendered":"https:\/\/roveyayinevi.com.tr\/index.php\/urun\/pesimdeki-canavar\/"},"modified":"2026-04-16T02:24:30","modified_gmt":"2026-04-15T23:24:30","slug":"pesimdeki-canavar","status":"publish","type":"product","link":"https:\/\/roveyayinevi.com.tr\/index.php\/urun\/pesimdeki-canavar\/","title":{"rendered":"Pe\u015fimdeki Canavar"},"content":{"rendered":"<p>Selin ba\u015f belas\u0131 bir canavarla tan\u0131\u015ft\u0131. Ve bu canavar onun pe\u015fini bir t\u00fcrl\u00fc b\u0131rakm\u0131yor! Onunla okula gidiyor, arkada\u015f\u0131n\u0131n evinde ortaya \u00e7\u0131k\u0131yor, bale dersine bile giriyor! Selin bu yap\u0131\u015fkan canavardan hi\u00e7 kurtulamayacak m\u0131? Yoksa canavar, Selin\u2019i \u015fa\u015f\u0131rt\u0131p utand\u0131racak m\u0131? Ne dersiniz? <\/p>\n","protected":false},"excerpt":{"rendered":"<p>Selin ba\u015f belas\u0131 bir canavarla tan\u0131\u015ft\u0131. Ve bu canavar onun pe\u015fini bir t\u00fcrl\u00fc b\u0131rakm\u0131yor! Onunla okula gidiyor, arkada\u015f\u0131n\u0131n evinde ortaya \u00e7\u0131k\u0131yor, bale dersine bile giriyor! Selin<span class=\"excerpt-hellip\"> [\u2026]<\/span><\/p>\n","protected":false},"featured_media":0,"template":"","meta":{"_monsterinsights_skip_tracking":false,"_monsterinsights_sitenote_active":false,"_monsterinsights_sitenote_note":"","_monsterinsights_sitenote_category":0},"product_brand":[],"product_cat":[12913,12274],"product_tag":[],"class_list":{"0":"post-716072","1":"product","2":"type-product","3":"status-publish","5":"product_cat-3-6-yas-kitaplari","6":"product_cat-cocuk-ve-genclik-kitaplari","7":"pa_cilt-ciltsiz","8":"pa_tur-kitap","9":"pa_yayinevi-is-bankasi-kultur-yayinlari","10":"pa_yazar-stephanie-moss","12":"first","13":"instock","14":"sale","15":"shipping-taxable","16":"purchasable","17":"product-type-simple"},"_links":{"self":[{"href":"https:\/\/roveyayinevi.com.tr\/index.php\/wp-json\/wp\/v2\/product\/716072","targetHints":{"allow":["GET"]}}],"collection":[{"href":"https:\/\/roveyayinevi.com.tr\/index.php\/wp-json\/wp\/v2\/product"}],"about":[{"href":"https:\/\/roveyayinevi.com.tr\/index.php\/wp-json\/wp\/v2\/types\/product"}],"wp:attachment":[{"href":"https:\/\/roveyayinevi.com.tr\/index.php\/wp-json\/wp\/v2\/media?parent=716072"}],"wp:term":[{"taxonomy":"product_brand","embeddable":true,"href":"https:\/\/roveyayinevi.com.tr\/index.php\/wp-json\/wp\/v2\/product_brand?post=716072"},{"taxonomy":"product_cat","embeddable":true,"href":"https:\/\/roveyayinevi.com.tr\/index.php\/wp-json\/wp\/v2\/product_cat?post=716072"},{"taxonomy":"product_tag","embeddable":true,"href":"https:\/\/roveyayinevi.com.tr\/index.php\/wp-json\/wp\/v2\/product_tag?post=716072"}],"curies":[{"name":"wp","href":"https:\/\/api.w.org\/{rel}","templated":true}]}}