{"id":716071,"date":"2025-08-27T17:38:04","date_gmt":"2025-08-27T14:38:04","guid":{"rendered":"https:\/\/roveyayinevi.com.tr\/index.php\/urun\/minik-farenin-yeni-arkadasi\/"},"modified":"2026-04-13T02:30:32","modified_gmt":"2026-04-12T23:30:32","slug":"minik-farenin-yeni-arkadasi","status":"publish","type":"product","link":"https:\/\/roveyayinevi.com.tr\/index.php\/urun\/minik-farenin-yeni-arkadasi\/","title":{"rendered":"Minik Farenin Yeni Arkada\u015f\u0131"},"content":{"rendered":"<p>Minik Fare arkada\u015f edinmeyi her \u015feyden \u00e7ok istiyor! Ve evine yakla\u015fan f ili g\u00f6r\u00fcnce \u00e7ok seviniyor. Ama bir sorun var. Fil ondan korkuyor! Ne dersiniz, Minik Fare, fili zarars\u0131z oldu\u011funa ikna edebilecek mi? Yan\u0131t\u0131 arkada\u015fl\u0131k hakk\u0131ndaki bu duygulu ve e\u011flenceli \u00f6yk\u00fcde.<\/p>\n","protected":false},"excerpt":{"rendered":"<p>Minik Fare arkada\u015f edinmeyi her \u015feyden \u00e7ok istiyor! Ve evine yakla\u015fan f ili g\u00f6r\u00fcnce \u00e7ok seviniyor. Ama bir sorun var. Fil ondan korkuyor! Ne dersiniz, Minik<span class=\"excerpt-hellip\"> [\u2026]<\/span><\/p>\n","protected":false},"featured_media":0,"template":"","meta":{"_monsterinsights_skip_tracking":false,"_monsterinsights_sitenote_active":false,"_monsterinsights_sitenote_note":"","_monsterinsights_sitenote_category":0},"product_brand":[],"product_cat":[12913,12274],"product_tag":[],"class_list":{"0":"post-716071","1":"product","2":"type-product","3":"status-publish","5":"product_cat-3-6-yas-kitaplari","6":"product_cat-cocuk-ve-genclik-kitaplari","7":"pa_cilt-ciltsiz","8":"pa_tur-kitap","9":"pa_yayinevi-is-bankasi-kultur-yayinlari","10":"pa_yazar-jo-lacey","12":"first","13":"instock","14":"sale","15":"shipping-taxable","16":"purchasable","17":"product-type-simple"},"_links":{"self":[{"href":"https:\/\/roveyayinevi.com.tr\/index.php\/wp-json\/wp\/v2\/product\/716071","targetHints":{"allow":["GET"]}}],"collection":[{"href":"https:\/\/roveyayinevi.com.tr\/index.php\/wp-json\/wp\/v2\/product"}],"about":[{"href":"https:\/\/roveyayinevi.com.tr\/index.php\/wp-json\/wp\/v2\/types\/product"}],"wp:attachment":[{"href":"https:\/\/roveyayinevi.com.tr\/index.php\/wp-json\/wp\/v2\/media?parent=716071"}],"wp:term":[{"taxonomy":"product_brand","embeddable":true,"href":"https:\/\/roveyayinevi.com.tr\/index.php\/wp-json\/wp\/v2\/product_brand?post=716071"},{"taxonomy":"product_cat","embeddable":true,"href":"https:\/\/roveyayinevi.com.tr\/index.php\/wp-json\/wp\/v2\/product_cat?post=716071"},{"taxonomy":"product_tag","embeddable":true,"href":"https:\/\/roveyayinevi.com.tr\/index.php\/wp-json\/wp\/v2\/product_tag?post=716071"}],"curies":[{"name":"wp","href":"https:\/\/api.w.org\/{rel}","templated":true}]}}