{"id":716070,"date":"2025-08-27T17:38:03","date_gmt":"2025-08-27T14:38:03","guid":{"rendered":"https:\/\/roveyayinevi.com.tr\/index.php\/urun\/minik-ayi-denize-gidiyor\/"},"modified":"2026-04-16T02:24:30","modified_gmt":"2026-04-15T23:24:30","slug":"minik-ayi-denize-gidiyor","status":"publish","type":"product","link":"https:\/\/roveyayinevi.com.tr\/index.php\/urun\/minik-ayi-denize-gidiyor\/","title":{"rendered":"Minik Ay\u0131 Denize Gidiyor"},"content":{"rendered":"<p>Minik Ay\u0131 kendini bildi bileli b\u00fcy\u00fck, masmavi denize gitmek istemi\u015fti! \u015eimdi mavi dalgalara ula\u015fmak i\u00e7in Baba Ay\u0131\u2019yla birlikte uzun bir yolculu\u011fa \u00e7\u0131k\u0131yorlar! Onlara kat\u0131lmak, ormandaki dostlar\u0131yla tan\u0131\u015fmak, yol boyunca yeni yerler ke\u015ffetmek ister misin? <\/p>\n","protected":false},"excerpt":{"rendered":"<p>Minik Ay\u0131 kendini bildi bileli b\u00fcy\u00fck, masmavi denize gitmek istemi\u015fti! \u015eimdi mavi dalgalara ula\u015fmak i\u00e7in Baba Ay\u0131\u2019yla birlikte uzun bir yolculu\u011fa \u00e7\u0131k\u0131yorlar! Onlara kat\u0131lmak, ormandaki dostlar\u0131yla<span class=\"excerpt-hellip\"> [\u2026]<\/span><\/p>\n","protected":false},"featured_media":0,"template":"","meta":{"_monsterinsights_skip_tracking":false,"_monsterinsights_sitenote_active":false,"_monsterinsights_sitenote_note":"","_monsterinsights_sitenote_category":0},"product_brand":[],"product_cat":[12913,12274],"product_tag":[],"class_list":{"0":"post-716070","1":"product","2":"type-product","3":"status-publish","5":"product_cat-3-6-yas-kitaplari","6":"product_cat-cocuk-ve-genclik-kitaplari","7":"pa_cilt-ciltsiz","8":"pa_tur-kitap","9":"pa_yayinevi-is-bankasi-kultur-yayinlari","10":"pa_yazar-melanie-joyce","12":"first","13":"instock","14":"sale","15":"shipping-taxable","16":"purchasable","17":"product-type-simple"},"_links":{"self":[{"href":"https:\/\/roveyayinevi.com.tr\/index.php\/wp-json\/wp\/v2\/product\/716070","targetHints":{"allow":["GET"]}}],"collection":[{"href":"https:\/\/roveyayinevi.com.tr\/index.php\/wp-json\/wp\/v2\/product"}],"about":[{"href":"https:\/\/roveyayinevi.com.tr\/index.php\/wp-json\/wp\/v2\/types\/product"}],"wp:attachment":[{"href":"https:\/\/roveyayinevi.com.tr\/index.php\/wp-json\/wp\/v2\/media?parent=716070"}],"wp:term":[{"taxonomy":"product_brand","embeddable":true,"href":"https:\/\/roveyayinevi.com.tr\/index.php\/wp-json\/wp\/v2\/product_brand?post=716070"},{"taxonomy":"product_cat","embeddable":true,"href":"https:\/\/roveyayinevi.com.tr\/index.php\/wp-json\/wp\/v2\/product_cat?post=716070"},{"taxonomy":"product_tag","embeddable":true,"href":"https:\/\/roveyayinevi.com.tr\/index.php\/wp-json\/wp\/v2\/product_tag?post=716070"}],"curies":[{"name":"wp","href":"https:\/\/api.w.org\/{rel}","templated":true}]}}