{"id":716069,"date":"2025-08-27T17:38:02","date_gmt":"2025-08-27T14:38:02","guid":{"rendered":"https:\/\/roveyayinevi.com.tr\/index.php\/urun\/tavsancik-ve-gece-macerasi\/"},"modified":"2026-04-16T02:24:30","modified_gmt":"2026-04-15T23:24:30","slug":"tavsancik-ve-gece-macerasi","status":"publish","type":"product","link":"https:\/\/roveyayinevi.com.tr\/index.php\/urun\/tavsancik-ve-gece-macerasi\/","title":{"rendered":"Tav\u015fanc\u0131k ve Gece Maceras\u0131"},"content":{"rendered":"<p>K\u00fc\u00e7\u00fck Tav\u015fanc\u0131k\u2019\u0131n uyku vakti gelmi\u015fti ama o hen\u00fcz uyumak istemiyordu! O, ormanda gece hayvanlar\u0131yla tan\u0131\u015fmak, bir gece tav\u015fan\u0131 olmak istiyordu! Tav\u015fanc\u0131k ve annesine bu heyecanl\u0131 gece maceras\u0131nda e\u015flik etmek ister misiniz? Haydi o zaman, ormana! <\/p>\n","protected":false},"excerpt":{"rendered":"<p>K\u00fc\u00e7\u00fck Tav\u015fanc\u0131k\u2019\u0131n uyku vakti gelmi\u015fti ama o hen\u00fcz uyumak istemiyordu! O, ormanda gece hayvanlar\u0131yla tan\u0131\u015fmak, bir gece tav\u015fan\u0131 olmak istiyordu! Tav\u015fanc\u0131k ve annesine bu heyecanl\u0131 gece<span class=\"excerpt-hellip\"> [\u2026]<\/span><\/p>\n","protected":false},"featured_media":0,"template":"","meta":{"_monsterinsights_skip_tracking":false,"_monsterinsights_sitenote_active":false,"_monsterinsights_sitenote_note":"","_monsterinsights_sitenote_category":0},"product_brand":[],"product_cat":[12913,12274],"product_tag":[],"class_list":{"0":"post-716069","1":"product","2":"type-product","3":"status-publish","5":"product_cat-3-6-yas-kitaplari","6":"product_cat-cocuk-ve-genclik-kitaplari","7":"pa_cilt-ciltsiz","8":"pa_tur-kitap","9":"pa_yayinevi-is-bankasi-kultur-yayinlari","10":"pa_yazar-melanie-joyce","12":"first","13":"instock","14":"sale","15":"shipping-taxable","16":"purchasable","17":"product-type-simple"},"_links":{"self":[{"href":"https:\/\/roveyayinevi.com.tr\/index.php\/wp-json\/wp\/v2\/product\/716069","targetHints":{"allow":["GET"]}}],"collection":[{"href":"https:\/\/roveyayinevi.com.tr\/index.php\/wp-json\/wp\/v2\/product"}],"about":[{"href":"https:\/\/roveyayinevi.com.tr\/index.php\/wp-json\/wp\/v2\/types\/product"}],"wp:attachment":[{"href":"https:\/\/roveyayinevi.com.tr\/index.php\/wp-json\/wp\/v2\/media?parent=716069"}],"wp:term":[{"taxonomy":"product_brand","embeddable":true,"href":"https:\/\/roveyayinevi.com.tr\/index.php\/wp-json\/wp\/v2\/product_brand?post=716069"},{"taxonomy":"product_cat","embeddable":true,"href":"https:\/\/roveyayinevi.com.tr\/index.php\/wp-json\/wp\/v2\/product_cat?post=716069"},{"taxonomy":"product_tag","embeddable":true,"href":"https:\/\/roveyayinevi.com.tr\/index.php\/wp-json\/wp\/v2\/product_tag?post=716069"}],"curies":[{"name":"wp","href":"https:\/\/api.w.org\/{rel}","templated":true}]}}