{"id":716068,"date":"2025-08-27T17:38:02","date_gmt":"2025-08-27T14:38:02","guid":{"rendered":"https:\/\/roveyayinevi.com.tr\/index.php\/urun\/kumesteki-buyuk-gizem\/"},"modified":"2026-04-16T02:24:30","modified_gmt":"2026-04-15T23:24:30","slug":"kumesteki-buyuk-gizem","status":"publish","type":"product","link":"https:\/\/roveyayinevi.com.tr\/index.php\/urun\/kumesteki-buyuk-gizem\/","title":{"rendered":"K\u00fcmesteki B\u00fcy\u00fck Gizem"},"content":{"rendered":"<p>Mutlu Dam \u00c7iftli\u011fi\u2019nde tavuklar gizemli bir \u015fekilde ortadan kayboluyor! Zavall\u0131 Tilki, \u00c7ift\u00e7i Ali\u2019nin tavuklar\u0131n\u0131 \u00e7almakla su\u00e7lan\u0131nca i\u015f ba\u015fa d\u00fc\u015ft\u00fc. Tilki bu gizemi \u00e7\u00f6zmeli, ad\u0131n\u0131 temizlemeliydi.  Su\u00e7luyu bulmak i\u00e7in geceyi bekleyip k\u00fcmese s\u00fcz\u00fcld\u00fc\u2026  Ama k\u00fcmeste onu b\u00fcy\u00fck bir s\u00fcrpriz bekliyordu! <\/p>\n","protected":false},"excerpt":{"rendered":"<p>Mutlu Dam \u00c7iftli\u011fi\u2019nde tavuklar gizemli bir \u015fekilde ortadan kayboluyor! Zavall\u0131 Tilki, \u00c7ift\u00e7i Ali\u2019nin tavuklar\u0131n\u0131 \u00e7almakla su\u00e7lan\u0131nca i\u015f ba\u015fa d\u00fc\u015ft\u00fc. Tilki bu gizemi \u00e7\u00f6zmeli, ad\u0131n\u0131 temizlemeliydi. Su\u00e7luyu<span class=\"excerpt-hellip\"> [\u2026]<\/span><\/p>\n","protected":false},"featured_media":0,"template":"","meta":{"_monsterinsights_skip_tracking":false,"_monsterinsights_sitenote_active":false,"_monsterinsights_sitenote_note":"","_monsterinsights_sitenote_category":0},"product_brand":[],"product_cat":[12913,12274],"product_tag":[],"class_list":{"0":"post-716068","1":"product","2":"type-product","3":"status-publish","5":"product_cat-3-6-yas-kitaplari","6":"product_cat-cocuk-ve-genclik-kitaplari","7":"pa_cilt-ciltsiz","8":"pa_tur-kitap","9":"pa_yayinevi-is-bankasi-kultur-yayinlari","10":"pa_yazar-melanie-joyce","12":"first","13":"instock","14":"sale","15":"shipping-taxable","16":"purchasable","17":"product-type-simple"},"_links":{"self":[{"href":"https:\/\/roveyayinevi.com.tr\/index.php\/wp-json\/wp\/v2\/product\/716068","targetHints":{"allow":["GET"]}}],"collection":[{"href":"https:\/\/roveyayinevi.com.tr\/index.php\/wp-json\/wp\/v2\/product"}],"about":[{"href":"https:\/\/roveyayinevi.com.tr\/index.php\/wp-json\/wp\/v2\/types\/product"}],"wp:attachment":[{"href":"https:\/\/roveyayinevi.com.tr\/index.php\/wp-json\/wp\/v2\/media?parent=716068"}],"wp:term":[{"taxonomy":"product_brand","embeddable":true,"href":"https:\/\/roveyayinevi.com.tr\/index.php\/wp-json\/wp\/v2\/product_brand?post=716068"},{"taxonomy":"product_cat","embeddable":true,"href":"https:\/\/roveyayinevi.com.tr\/index.php\/wp-json\/wp\/v2\/product_cat?post=716068"},{"taxonomy":"product_tag","embeddable":true,"href":"https:\/\/roveyayinevi.com.tr\/index.php\/wp-json\/wp\/v2\/product_tag?post=716068"}],"curies":[{"name":"wp","href":"https:\/\/api.w.org\/{rel}","templated":true}]}}