{"id":716067,"date":"2025-08-27T17:38:01","date_gmt":"2025-08-27T14:38:01","guid":{"rendered":"https:\/\/roveyayinevi.com.tr\/index.php\/urun\/kucuk-penguen-sudan-korkuyor\/"},"modified":"2026-04-16T02:24:30","modified_gmt":"2026-04-15T23:24:30","slug":"kucuk-penguen-sudan-korkuyor","status":"publish","type":"product","link":"https:\/\/roveyayinevi.com.tr\/index.php\/urun\/kucuk-penguen-sudan-korkuyor\/","title":{"rendered":"K\u00fc\u00e7\u00fck Penguen Sudan Korkuyor"},"content":{"rendered":"<p>K\u00fc\u00e7\u00fck Penguen arkada\u015flar\u0131yla oynamaya bay\u0131l\u0131yor ama k\u00fc\u00e7\u00fck bir sorun var.  K\u00fc\u00e7\u00fck Penguen sudan \u00e7ok korkuyor! O kadar korkuyor ki suda oynayan arkada\u015flar\u0131na kat\u0131lam\u0131yor. K\u00fc\u00e7\u00fck Penguen korkusunu yenebilecek, cesaretle k\u00f6p\u00fckl\u00fc dalgalara atlayabilecek mi? <\/p>\n","protected":false},"excerpt":{"rendered":"<p>K\u00fc\u00e7\u00fck Penguen arkada\u015flar\u0131yla oynamaya bay\u0131l\u0131yor ama k\u00fc\u00e7\u00fck bir sorun var. K\u00fc\u00e7\u00fck Penguen sudan \u00e7ok korkuyor! O kadar korkuyor ki suda oynayan arkada\u015flar\u0131na kat\u0131lam\u0131yor. K\u00fc\u00e7\u00fck Penguen korkusunu<span class=\"excerpt-hellip\"> [\u2026]<\/span><\/p>\n","protected":false},"featured_media":0,"template":"","meta":{"_monsterinsights_skip_tracking":false,"_monsterinsights_sitenote_active":false,"_monsterinsights_sitenote_note":"","_monsterinsights_sitenote_category":0},"product_brand":[],"product_cat":[12913,12274],"product_tag":[],"class_list":{"0":"post-716067","1":"product","2":"type-product","3":"status-publish","5":"product_cat-3-6-yas-kitaplari","6":"product_cat-cocuk-ve-genclik-kitaplari","7":"pa_cilt-ciltsiz","8":"pa_tur-kitap","9":"pa_yayinevi-is-bankasi-kultur-yayinlari","10":"pa_yazar-rachel-elliott","12":"first","13":"instock","14":"sale","15":"shipping-taxable","16":"purchasable","17":"product-type-simple"},"_links":{"self":[{"href":"https:\/\/roveyayinevi.com.tr\/index.php\/wp-json\/wp\/v2\/product\/716067","targetHints":{"allow":["GET"]}}],"collection":[{"href":"https:\/\/roveyayinevi.com.tr\/index.php\/wp-json\/wp\/v2\/product"}],"about":[{"href":"https:\/\/roveyayinevi.com.tr\/index.php\/wp-json\/wp\/v2\/types\/product"}],"wp:attachment":[{"href":"https:\/\/roveyayinevi.com.tr\/index.php\/wp-json\/wp\/v2\/media?parent=716067"}],"wp:term":[{"taxonomy":"product_brand","embeddable":true,"href":"https:\/\/roveyayinevi.com.tr\/index.php\/wp-json\/wp\/v2\/product_brand?post=716067"},{"taxonomy":"product_cat","embeddable":true,"href":"https:\/\/roveyayinevi.com.tr\/index.php\/wp-json\/wp\/v2\/product_cat?post=716067"},{"taxonomy":"product_tag","embeddable":true,"href":"https:\/\/roveyayinevi.com.tr\/index.php\/wp-json\/wp\/v2\/product_tag?post=716067"}],"curies":[{"name":"wp","href":"https:\/\/api.w.org\/{rel}","templated":true}]}}