{"id":716064,"date":"2025-08-27T17:37:59","date_gmt":"2025-08-27T14:37:59","guid":{"rendered":"https:\/\/roveyayinevi.com.tr\/index.php\/urun\/canim-dedecigim\/"},"modified":"2026-04-16T02:24:30","modified_gmt":"2026-04-15T23:24:30","slug":"canim-dedecigim","status":"publish","type":"product","link":"https:\/\/roveyayinevi.com.tr\/index.php\/urun\/canim-dedecigim\/","title":{"rendered":"Can\u0131m Dedeci\u011fim"},"content":{"rendered":"<p>Dede ay\u0131 ve onu \u00e7ok seven torununun ne\u015feli kahkahalar\u0131na ve birbirinden e\u011flenceli maceralar\u0131na kat\u0131lmak ister misiniz? Bir g\u00fcn bal\u0131k tutuyor, bir g\u00fcn havuzda oynuyorlar. U\u00e7urtma u\u00e7uruyor, parkta piknik yap\u0131yorlar! Dede ay\u0131 ve torunu birlikte harika zaman ge\u00e7iriyorlar! <\/p>\n","protected":false},"excerpt":{"rendered":"<p>Dede ay\u0131 ve onu \u00e7ok seven torununun ne\u015feli kahkahalar\u0131na ve birbirinden e\u011flenceli maceralar\u0131na kat\u0131lmak ister misiniz? Bir g\u00fcn bal\u0131k tutuyor, bir g\u00fcn havuzda oynuyorlar. U\u00e7urtma u\u00e7uruyor,<span class=\"excerpt-hellip\"> [\u2026]<\/span><\/p>\n","protected":false},"featured_media":0,"template":"","meta":{"_monsterinsights_skip_tracking":false,"_monsterinsights_sitenote_active":false,"_monsterinsights_sitenote_note":"","_monsterinsights_sitenote_category":0},"product_brand":[],"product_cat":[12913,12274],"product_tag":[],"class_list":{"0":"post-716064","1":"product","2":"type-product","3":"status-publish","5":"product_cat-3-6-yas-kitaplari","6":"product_cat-cocuk-ve-genclik-kitaplari","7":"pa_cilt-ciltsiz","8":"pa_tur-kitap","9":"pa_yayinevi-is-bankasi-kultur-yayinlari","10":"pa_yazar-melanie-joyce","12":"first","13":"instock","14":"sale","15":"shipping-taxable","16":"purchasable","17":"product-type-simple"},"_links":{"self":[{"href":"https:\/\/roveyayinevi.com.tr\/index.php\/wp-json\/wp\/v2\/product\/716064","targetHints":{"allow":["GET"]}}],"collection":[{"href":"https:\/\/roveyayinevi.com.tr\/index.php\/wp-json\/wp\/v2\/product"}],"about":[{"href":"https:\/\/roveyayinevi.com.tr\/index.php\/wp-json\/wp\/v2\/types\/product"}],"wp:attachment":[{"href":"https:\/\/roveyayinevi.com.tr\/index.php\/wp-json\/wp\/v2\/media?parent=716064"}],"wp:term":[{"taxonomy":"product_brand","embeddable":true,"href":"https:\/\/roveyayinevi.com.tr\/index.php\/wp-json\/wp\/v2\/product_brand?post=716064"},{"taxonomy":"product_cat","embeddable":true,"href":"https:\/\/roveyayinevi.com.tr\/index.php\/wp-json\/wp\/v2\/product_cat?post=716064"},{"taxonomy":"product_tag","embeddable":true,"href":"https:\/\/roveyayinevi.com.tr\/index.php\/wp-json\/wp\/v2\/product_tag?post=716064"}],"curies":[{"name":"wp","href":"https:\/\/api.w.org\/{rel}","templated":true}]}}