{"id":716062,"date":"2025-08-27T17:37:57","date_gmt":"2025-08-27T14:37:57","guid":{"rendered":"https:\/\/roveyayinevi.com.tr\/index.php\/urun\/buyudugum-zaman\/"},"modified":"2026-04-16T02:24:30","modified_gmt":"2026-04-15T23:24:30","slug":"buyudugum-zaman","status":"publish","type":"product","link":"https:\/\/roveyayinevi.com.tr\/index.php\/urun\/buyudugum-zaman\/","title":{"rendered":"B\u00fcy\u00fcd\u00fc\u011f\u00fcm Zaman"},"content":{"rendered":"<p>Biraz hayal g\u00fcc\u00fcyle her \u015fey m\u00fcmk\u00fcn! Uzaya \u00e7\u0131kmak, sahne performans\u0131 sergilemek, \u00e7\u0131lg\u0131n icatlar yapmak ve yeni yerler ke\u015ffetmek\u2026 T\u00fcm bunlar\u0131 yapmak i\u00e7in sab\u0131rs\u0131zlanan iki arkada\u015f\u0131n maceras\u0131na siz de kat\u0131l\u0131n. <\/p>\n","protected":false},"excerpt":{"rendered":"<p>Biraz hayal g\u00fcc\u00fcyle her \u015fey m\u00fcmk\u00fcn! Uzaya \u00e7\u0131kmak, sahne performans\u0131 sergilemek, \u00e7\u0131lg\u0131n icatlar yapmak ve yeni yerler ke\u015ffetmek\u2026 T\u00fcm bunlar\u0131 yapmak i\u00e7in sab\u0131rs\u0131zlanan iki arkada\u015f\u0131n maceras\u0131na<span class=\"excerpt-hellip\"> [\u2026]<\/span><\/p>\n","protected":false},"featured_media":0,"template":"","meta":{"_monsterinsights_skip_tracking":false,"_monsterinsights_sitenote_active":false,"_monsterinsights_sitenote_note":"","_monsterinsights_sitenote_category":0},"product_brand":[],"product_cat":[12913,12274],"product_tag":[],"class_list":{"0":"post-716062","1":"product","2":"type-product","3":"status-publish","5":"product_cat-3-6-yas-kitaplari","6":"product_cat-cocuk-ve-genclik-kitaplari","7":"pa_cilt-ciltsiz","8":"pa_tur-kitap","9":"pa_yayinevi-is-bankasi-kultur-yayinlari","10":"pa_yazar-melanie-joyce","12":"first","13":"instock","14":"sale","15":"shipping-taxable","16":"purchasable","17":"product-type-simple"},"_links":{"self":[{"href":"https:\/\/roveyayinevi.com.tr\/index.php\/wp-json\/wp\/v2\/product\/716062","targetHints":{"allow":["GET"]}}],"collection":[{"href":"https:\/\/roveyayinevi.com.tr\/index.php\/wp-json\/wp\/v2\/product"}],"about":[{"href":"https:\/\/roveyayinevi.com.tr\/index.php\/wp-json\/wp\/v2\/types\/product"}],"wp:attachment":[{"href":"https:\/\/roveyayinevi.com.tr\/index.php\/wp-json\/wp\/v2\/media?parent=716062"}],"wp:term":[{"taxonomy":"product_brand","embeddable":true,"href":"https:\/\/roveyayinevi.com.tr\/index.php\/wp-json\/wp\/v2\/product_brand?post=716062"},{"taxonomy":"product_cat","embeddable":true,"href":"https:\/\/roveyayinevi.com.tr\/index.php\/wp-json\/wp\/v2\/product_cat?post=716062"},{"taxonomy":"product_tag","embeddable":true,"href":"https:\/\/roveyayinevi.com.tr\/index.php\/wp-json\/wp\/v2\/product_tag?post=716062"}],"curies":[{"name":"wp","href":"https:\/\/api.w.org\/{rel}","templated":true}]}}