{"id":716061,"date":"2025-08-27T17:37:56","date_gmt":"2025-08-27T14:37:56","guid":{"rendered":"https:\/\/roveyayinevi.com.tr\/index.php\/urun\/bu-ses-de-ne-2\/"},"modified":"2026-04-08T02:31:20","modified_gmt":"2026-04-07T23:31:20","slug":"bu-ses-de-ne-2","status":"publish","type":"product","link":"https:\/\/roveyayinevi.com.tr\/index.php\/urun\/bu-ses-de-ne-2\/","title":{"rendered":"Bu Ses De Ne?"},"content":{"rendered":"<p>Bebe Tav\u015fan ile Bebe Porsuk orman\u0131n derinliklerinden gelen, g\u00fcrlemeyi and\u0131ran bir ses duydular ama bunun ne oldu\u011funu bir t\u00fcrl\u00fc anlayamad\u0131lar. Bebe Tav\u015fan korkuya kap\u0131l\u0131p akl\u0131na bir s\u00fcr\u00fc deh\u015fet verici \u015fey getirdi ama cesur Bebe Porsuk sesin kayna\u011f\u0131n\u0131 ke\u015ffetmeye kararl\u0131yd\u0131. Ne dersiniz? Sesin kayna\u011f\u0131na ula\u015fabilecekler mi? <\/p>\n","protected":false},"excerpt":{"rendered":"<p>Bebe Tav\u015fan ile Bebe Porsuk orman\u0131n derinliklerinden gelen, g\u00fcrlemeyi and\u0131ran bir ses duydular ama bunun ne oldu\u011funu bir t\u00fcrl\u00fc anlayamad\u0131lar. Bebe Tav\u015fan korkuya kap\u0131l\u0131p akl\u0131na bir<span class=\"excerpt-hellip\"> [\u2026]<\/span><\/p>\n","protected":false},"featured_media":0,"template":"","meta":{"_monsterinsights_skip_tracking":false,"_monsterinsights_sitenote_active":false,"_monsterinsights_sitenote_note":"","_monsterinsights_sitenote_category":0},"product_brand":[],"product_cat":[12274,12284],"product_tag":[],"class_list":{"0":"post-716061","1":"product","2":"type-product","3":"status-publish","5":"product_cat-cocuk-ve-genclik-kitaplari","6":"product_cat-hikayeler","7":"pa_cilt-ciltsiz","8":"pa_tur-kitap","9":"pa_yayinevi-is-bankasi-kultur-yayinlari","10":"pa_yazar-stephanie-moss","12":"first","13":"instock","14":"sale","15":"shipping-taxable","16":"purchasable","17":"product-type-simple"},"_links":{"self":[{"href":"https:\/\/roveyayinevi.com.tr\/index.php\/wp-json\/wp\/v2\/product\/716061","targetHints":{"allow":["GET"]}}],"collection":[{"href":"https:\/\/roveyayinevi.com.tr\/index.php\/wp-json\/wp\/v2\/product"}],"about":[{"href":"https:\/\/roveyayinevi.com.tr\/index.php\/wp-json\/wp\/v2\/types\/product"}],"wp:attachment":[{"href":"https:\/\/roveyayinevi.com.tr\/index.php\/wp-json\/wp\/v2\/media?parent=716061"}],"wp:term":[{"taxonomy":"product_brand","embeddable":true,"href":"https:\/\/roveyayinevi.com.tr\/index.php\/wp-json\/wp\/v2\/product_brand?post=716061"},{"taxonomy":"product_cat","embeddable":true,"href":"https:\/\/roveyayinevi.com.tr\/index.php\/wp-json\/wp\/v2\/product_cat?post=716061"},{"taxonomy":"product_tag","embeddable":true,"href":"https:\/\/roveyayinevi.com.tr\/index.php\/wp-json\/wp\/v2\/product_tag?post=716061"}],"curies":[{"name":"wp","href":"https:\/\/api.w.org\/{rel}","templated":true}]}}