{"id":716060,"date":"2025-08-27T17:37:56","date_gmt":"2025-08-27T14:37:56","guid":{"rendered":"https:\/\/roveyayinevi.com.tr\/index.php\/urun\/ben-yapmadim\/"},"modified":"2026-04-16T02:24:30","modified_gmt":"2026-04-15T23:24:30","slug":"ben-yapmadim","status":"publish","type":"product","link":"https:\/\/roveyayinevi.com.tr\/index.php\/urun\/ben-yapmadim\/","title":{"rendered":"Ben Yapmad\u0131m!"},"content":{"rendered":"<p>Su\u00e7u \u00fcstlenmek kolay de\u011fil!Yaramaz ikiz karde\u015fler Ozan ve Ela masay\u0131 da\u011f\u0131t\u0131p, merdiveni d\u00fc\u015f\u00fcr\u00fcp, \u00e7ikolatal\u0131 pastan\u0131n hepsini yediklerinde zavall\u0131 k\u00f6pekleri Pati\u2019yi su\u00e7lad\u0131lar.  Ama anne ve babalar\u0131 bu durumdan \u015f\u00fcphelendiler&#8230; Ger\u00e7ek su\u00e7lular\u0131n ortaya \u00e7\u0131kmas\u0131 \u00e7ok uzun s\u00fcrmeyecekti. <\/p>\n","protected":false},"excerpt":{"rendered":"<p>Su\u00e7u \u00fcstlenmek kolay de\u011fil!Yaramaz ikiz karde\u015fler Ozan ve Ela masay\u0131 da\u011f\u0131t\u0131p, merdiveni d\u00fc\u015f\u00fcr\u00fcp, \u00e7ikolatal\u0131 pastan\u0131n hepsini yediklerinde zavall\u0131 k\u00f6pekleri Pati\u2019yi su\u00e7lad\u0131lar. Ama anne ve babalar\u0131 bu<span class=\"excerpt-hellip\"> [\u2026]<\/span><\/p>\n","protected":false},"featured_media":0,"template":"","meta":{"_monsterinsights_skip_tracking":false,"_monsterinsights_sitenote_active":false,"_monsterinsights_sitenote_note":"","_monsterinsights_sitenote_category":0},"product_brand":[],"product_cat":[12913,12274],"product_tag":[],"class_list":{"0":"post-716060","1":"product","2":"type-product","3":"status-publish","5":"product_cat-3-6-yas-kitaplari","6":"product_cat-cocuk-ve-genclik-kitaplari","7":"pa_cilt-ciltsiz","8":"pa_tur-kitap","9":"pa_yayinevi-is-bankasi-kultur-yayinlari","10":"pa_yazar-lucy-barnard","12":"first","13":"instock","14":"sale","15":"shipping-taxable","16":"purchasable","17":"product-type-simple"},"_links":{"self":[{"href":"https:\/\/roveyayinevi.com.tr\/index.php\/wp-json\/wp\/v2\/product\/716060","targetHints":{"allow":["GET"]}}],"collection":[{"href":"https:\/\/roveyayinevi.com.tr\/index.php\/wp-json\/wp\/v2\/product"}],"about":[{"href":"https:\/\/roveyayinevi.com.tr\/index.php\/wp-json\/wp\/v2\/types\/product"}],"wp:attachment":[{"href":"https:\/\/roveyayinevi.com.tr\/index.php\/wp-json\/wp\/v2\/media?parent=716060"}],"wp:term":[{"taxonomy":"product_brand","embeddable":true,"href":"https:\/\/roveyayinevi.com.tr\/index.php\/wp-json\/wp\/v2\/product_brand?post=716060"},{"taxonomy":"product_cat","embeddable":true,"href":"https:\/\/roveyayinevi.com.tr\/index.php\/wp-json\/wp\/v2\/product_cat?post=716060"},{"taxonomy":"product_tag","embeddable":true,"href":"https:\/\/roveyayinevi.com.tr\/index.php\/wp-json\/wp\/v2\/product_tag?post=716060"}],"curies":[{"name":"wp","href":"https:\/\/api.w.org\/{rel}","templated":true}]}}