{"id":716056,"date":"2025-08-27T17:37:53","date_gmt":"2025-08-27T14:37:53","guid":{"rendered":"https:\/\/roveyayinevi.com.tr\/index.php\/urun\/muslumanlarin-gozuyle-hacli-seferleri\/"},"modified":"2026-04-16T02:24:30","modified_gmt":"2026-04-15T23:24:30","slug":"muslumanlarin-gozuyle-hacli-seferleri","status":"publish","type":"product","link":"https:\/\/roveyayinevi.com.tr\/index.php\/urun\/muslumanlarin-gozuyle-hacli-seferleri\/","title":{"rendered":"M\u00fcsl\u00fcmanlar\u0131n G\u00f6z\u00fcyle Ha\u00e7l\u0131 Seferleri"},"content":{"rendered":"<p>M\u00fcsl\u00fcmanlar\u0131n G\u00f6z\u00fcyle Ha\u00e7l\u0131 Seferleri, Ha\u00e7l\u0131 Seferleri konusunda Bat\u0131\u2019da kaleme al\u0131nm\u0131\u015f kitaplar\u0131n pek \u00e7o\u011fundan farkl\u0131 olarak, t\u00fcm ser\u00fcveni \u0130slam d\u00fcnyas\u0131n\u0131n bak\u0131\u015f a\u00e7\u0131s\u0131yla de\u011ferlendiriyor. \u0130slam d\u00fcnyas\u0131nda Ha\u00e7l\u0131 Seferleri \u0130slam ile H\u0131ristiyanl\u0131k aras\u0131ndaki m\u00fccadelenin sadece bir evresi ve sahnesi olarak g\u00f6r\u00fcld\u00fc\u011f\u00fc i\u00e7in, mercek alt\u0131na ald\u0131\u011f\u0131 d\u00f6nemi ve sahneyi, Bat\u0131l\u0131 yazarlar\u0131n genellikle yapt\u0131klar\u0131n\u0131n aksine, 11.-14. y\u00fczy\u0131llar ve Ortado\u011fu ile s\u0131n\u0131rl\u0131 tutmuyor. Ha\u00e7l\u0131 Seferleri ba\u015fl\u0131\u011f\u0131 alt\u0131nda, Bat\u0131l\u0131 devletler ile \u0130slam d\u00fcnyas\u0131 aras\u0131ndaki \u00e7at\u0131\u015fmalar\u0131 Aragon ve Kastilya krall\u0131klar\u0131n\u0131n End\u00fcl\u00fcs\u2019teki, Normanlar\u0131n Sicilya\u2019daki ve Osmanl\u0131lar\u0131n Rumeli\u2019deki fetihlerini de i\u00e7ine alacak \u015fekilde geni\u015fleterek inceliyor.Cobb orta\u00e7a\u011fdaki \u0130slam ve Ha\u00e7l\u0131 Seferlerini konu alan \u0130slam literat\u00fcr\u00fcn\u00fcn Bat\u0131l\u0131larca iyi bilinmemesinden kaynaklanan yanl\u0131\u015f anlamalar\u0131 d\u00fczeltiyor. &#8230; Cobb\u2019un tezleri hem \u015f\u0131k hem de sa\u011flam, akademik mahfillerin \u00f6tesine ge\u00e7en bir tart\u0131\u015fmaya b\u00fcy\u00fck katk\u0131 niteli\u011finde.\u201d The Times Literary Supplement   &#8220;Cobb, iyi bir \u00f6yk\u00fcy\u00fc \u00e7ok ustaca anlat\u0131yor, sarih ve \u00f6zg\u00fcn anlat\u0131m\u0131n\u0131 keyifli detaylarla s\u00fcsl\u00fcyor.\u201d Speculum <\/p>\n","protected":false},"excerpt":{"rendered":"<p>M\u00fcsl\u00fcmanlar\u0131n G\u00f6z\u00fcyle Ha\u00e7l\u0131 Seferleri, Ha\u00e7l\u0131 Seferleri konusunda Bat\u0131\u2019da kaleme al\u0131nm\u0131\u015f kitaplar\u0131n pek \u00e7o\u011fundan farkl\u0131 olarak, t\u00fcm ser\u00fcveni \u0130slam d\u00fcnyas\u0131n\u0131n bak\u0131\u015f a\u00e7\u0131s\u0131yla de\u011ferlendiriyor. \u0130slam d\u00fcnyas\u0131nda Ha\u00e7l\u0131 Seferleri<span class=\"excerpt-hellip\"> [\u2026]<\/span><\/p>\n","protected":false},"featured_media":0,"template":"","meta":{"_monsterinsights_skip_tracking":false,"_monsterinsights_sitenote_active":false,"_monsterinsights_sitenote_note":"","_monsterinsights_sitenote_category":0},"product_brand":[],"product_cat":[13517,12304],"product_tag":[],"class_list":{"0":"post-716056","1":"product","2":"type-product","3":"status-publish","5":"product_cat-osmanli-tarihi","6":"product_cat-tarih","7":"pa_cilt-ciltsiz","8":"pa_tur-kitap","9":"pa_yayinevi-say-yayinlari","10":"pa_yazar-paul-m-cobb","12":"first","13":"instock","14":"sale","15":"shipping-taxable","16":"purchasable","17":"product-type-simple"},"_links":{"self":[{"href":"https:\/\/roveyayinevi.com.tr\/index.php\/wp-json\/wp\/v2\/product\/716056","targetHints":{"allow":["GET"]}}],"collection":[{"href":"https:\/\/roveyayinevi.com.tr\/index.php\/wp-json\/wp\/v2\/product"}],"about":[{"href":"https:\/\/roveyayinevi.com.tr\/index.php\/wp-json\/wp\/v2\/types\/product"}],"wp:attachment":[{"href":"https:\/\/roveyayinevi.com.tr\/index.php\/wp-json\/wp\/v2\/media?parent=716056"}],"wp:term":[{"taxonomy":"product_brand","embeddable":true,"href":"https:\/\/roveyayinevi.com.tr\/index.php\/wp-json\/wp\/v2\/product_brand?post=716056"},{"taxonomy":"product_cat","embeddable":true,"href":"https:\/\/roveyayinevi.com.tr\/index.php\/wp-json\/wp\/v2\/product_cat?post=716056"},{"taxonomy":"product_tag","embeddable":true,"href":"https:\/\/roveyayinevi.com.tr\/index.php\/wp-json\/wp\/v2\/product_tag?post=716056"}],"curies":[{"name":"wp","href":"https:\/\/api.w.org\/{rel}","templated":true}]}}