{"id":716055,"date":"2025-08-27T17:37:52","date_gmt":"2025-08-27T14:37:52","guid":{"rendered":"https:\/\/roveyayinevi.com.tr\/index.php\/urun\/caylak-tatil-macerasi\/"},"modified":"2026-04-15T02:33:21","modified_gmt":"2026-04-14T23:33:21","slug":"caylak-tatil-macerasi","status":"publish","type":"product","link":"https:\/\/roveyayinevi.com.tr\/index.php\/urun\/caylak-tatil-macerasi\/","title":{"rendered":"\u00c7aylak Tatil Maceras\u0131"},"content":{"rendered":"<p>Ben \u00c7aylak, bu sefer uslu olaca\u011f\u0131m derken yine ortal\u0131\u011f\u0131 birbirine katt\u0131m. Kendini \u015fark\u0131c\u0131 sanan arkada\u015f\u0131m Memo\u2019yu da al\u0131p ailecek tatile \u00e7\u0131kt\u0131k. \u0130\u015fte orada t\u00fcm i\u015fler kar\u0131\u015ft\u0131. Bir de mahallemizde Nidan Faz Fidan Naz adl\u0131 k\u0131z beni \u00e7ok fena kand\u0131rd\u0131. \u00dcbers\u00fcper S\u00fcper arkada\u015f\u0131m Memo sayesinde bu tats\u0131z durumdan da kurtuldum. Olduk\u00e7a hareketli ge\u00e7en s\u00f6mestr tatilinde, hayat\u0131m\u0131 de\u011fi\u015ftirecek b\u00fcy\u00fck ama asl\u0131nda k\u00fc\u00e7\u00fcc\u00fck  bir haber de ald\u0131m. Merak ediyor musun? O zaman hemen ba\u015flayal\u0131m! Merhaba, ben \u00c7aylak! 3 deyince maceraya ba\u015fl\u0131yoruz. 1&#8230; 2&#8230; veeee 3! <\/p>\n","protected":false},"excerpt":{"rendered":"<p>Ben \u00c7aylak, bu sefer uslu olaca\u011f\u0131m derken yine ortal\u0131\u011f\u0131 birbirine katt\u0131m. Kendini \u015fark\u0131c\u0131 sanan arkada\u015f\u0131m Memo\u2019yu da al\u0131p ailecek tatile \u00e7\u0131kt\u0131k. \u0130\u015fte orada t\u00fcm i\u015fler kar\u0131\u015ft\u0131.<span class=\"excerpt-hellip\"> [\u2026]<\/span><\/p>\n","protected":false},"featured_media":0,"template":"","meta":{"_monsterinsights_skip_tracking":false,"_monsterinsights_sitenote_active":false,"_monsterinsights_sitenote_note":"","_monsterinsights_sitenote_category":0},"product_brand":[],"product_cat":[12274,12284],"product_tag":[],"class_list":{"0":"post-716055","1":"product","2":"type-product","3":"status-publish","5":"product_cat-cocuk-ve-genclik-kitaplari","6":"product_cat-hikayeler","7":"pa_cilt-ciltsiz","8":"pa_tur-kitap","9":"pa_yayinevi-yakamoz-yayinevi","10":"pa_yazar-deniz-eroztoprak","12":"first","13":"instock","14":"sale","15":"shipping-taxable","16":"purchasable","17":"product-type-simple"},"_links":{"self":[{"href":"https:\/\/roveyayinevi.com.tr\/index.php\/wp-json\/wp\/v2\/product\/716055","targetHints":{"allow":["GET"]}}],"collection":[{"href":"https:\/\/roveyayinevi.com.tr\/index.php\/wp-json\/wp\/v2\/product"}],"about":[{"href":"https:\/\/roveyayinevi.com.tr\/index.php\/wp-json\/wp\/v2\/types\/product"}],"wp:attachment":[{"href":"https:\/\/roveyayinevi.com.tr\/index.php\/wp-json\/wp\/v2\/media?parent=716055"}],"wp:term":[{"taxonomy":"product_brand","embeddable":true,"href":"https:\/\/roveyayinevi.com.tr\/index.php\/wp-json\/wp\/v2\/product_brand?post=716055"},{"taxonomy":"product_cat","embeddable":true,"href":"https:\/\/roveyayinevi.com.tr\/index.php\/wp-json\/wp\/v2\/product_cat?post=716055"},{"taxonomy":"product_tag","embeddable":true,"href":"https:\/\/roveyayinevi.com.tr\/index.php\/wp-json\/wp\/v2\/product_tag?post=716055"}],"curies":[{"name":"wp","href":"https:\/\/api.w.org\/{rel}","templated":true}]}}