{"id":716049,"date":"2025-08-27T17:37:48","date_gmt":"2025-08-27T14:37:48","guid":{"rendered":"https:\/\/roveyayinevi.com.tr\/index.php\/urun\/doganin-isaretlerini-okumanin-kaybolmus-sanati\/"},"modified":"2026-04-06T12:46:19","modified_gmt":"2026-04-06T09:46:19","slug":"doganin-isaretlerini-okumanin-kaybolmus-sanati","status":"publish","type":"product","link":"https:\/\/roveyayinevi.com.tr\/index.php\/urun\/doganin-isaretlerini-okumanin-kaybolmus-sanati\/","title":{"rendered":"Do\u011fan\u0131n \u0130\u015faretlerini Okuman\u0131n Kaybolmu\u015f Sanat\u0131"},"content":{"rendered":"<p>Yazar ve gezgin Tristan Gooley, do\u011fada, a\u00e7\u0131k arazilerde dola\u015f\u0131rken, ipu\u00e7lar\u0131 ile dolu do\u011fal bir d\u00fcnyan\u0131n fark\u0131na var\u0131r. A\u011fac\u0131n k\u00f6kleri g\u00fcne\u015fin y\u00f6n\u00fcn\u00fc belirtir. B\u00fcy\u00fckay\u0131, zaman\u0131 anlat\u0131r. Yan\u0131n\u0131zdan ge\u00e7en kelebek hava i\u00e7in bir ipucudur. Bir kumul, h\u00e2kim r\u00fczg\u00e2r\u0131 ortaya \u00e7\u0131kart\u0131r. Tar\u00e7\u0131n kokusu rak\u0131mdan bahseder. Tomurcuklanan bir \u00e7i\u00e7ek g\u00fcneyi i\u015faret eder. Gooley, Do\u011fan\u0131n \u0130\u015faretlerini Okuman\u0131n Kaybolmu\u015f Sanat\u0131 ile anavatan\u0131nda ve d\u00fcnyan\u0131n d\u00f6rt bir yan\u0131nda arazi y\u00fcr\u00fcy\u00fc\u015flerine onlarca y\u0131l harcayarak tahmin ve izleme y\u00f6ntemleri i\u00e7in elde etti\u011fi 850\u2019den fazla ipucunu payla\u015f\u0131yor. \u0130ster k\u0131y\u0131 \u015feridi boyunca ister k\u0131rlarda, ister da\u011flarda ister \u015fehirde, isterseniz gece y\u00fcr\u00fcy\u00fcn, bu kitap, arazinin, G\u00fcne\u015f\u2019in, Ay\u2019\u0131n, y\u0131ld\u0131zlar\u0131n, bitkilerin, hayvanlar\u0131n ve bulutlar\u0131n neleri a\u00e7\u0131klayabilece\u011fi konusunda m\u00fckemmel bir kaynak; yeter ki nas\u0131l etraf\u0131n\u0131za bakman\u0131z gerekti\u011fini bilin! \u201cYa\u015fad\u0131\u011f\u0131m\u0131z \u00e7a\u011f\u0131n h\u0131z\u0131na uyum sa\u011flamak i\u00e7in kendimize ya\u015fam alan\u0131 olarak se\u00e7ti\u011fimiz b\u00fcy\u00fck\u015fehirlerin beton ormanlar\u0131n\u0131n aras\u0131nda bilgisini kullanmay\u0131 unuttu\u011fumuz, ancak genlerimizde h\u00e2l\u00e2 kay\u0131tlar\u0131 bulunan do\u011fayla sohbetimizi yeniden ba\u015flatmam\u0131z\u0131n ipu\u00e7lar\u0131n\u0131 ta\u015f\u0131yan rehber bir kitap. \u00c7\u00fcnk\u00fc kaynakla ba\u011flant\u0131, \u00f6z\u00fcm\u00fczle ba\u011flant\u0131m\u0131z\u0131 g\u00fc\u00e7lendirir.\u201d Meltem G\u00fcner \u201cYery\u00fcz\u00fcn\u00fcn en kutsal kitab\u0131 do\u011fan\u0131n kendisidir. O nedenle yarat\u0131lm\u0131\u015f ve yarat\u0131lacak olan her canl\u0131n\u0131n \u00f6zg\u00fcrl\u00fc\u011f\u00fcne g\u00f6re derinle\u015fir ve s\u0131rlarla dolu sayfalar\u0131n\u0131 bir bir a\u00e7\u0131k eder. Bunu yaparak, yarat\u0131m\u0131n ak\u0131l almaz kusursuzlu\u011funa hayranl\u0131k uyand\u0131r\u0131rken, okuyucunun \u00f6z\u00fcn\u00fc derinle\u015ftirip, g\u00f6\u011f\u00fcn kutlu yasalar\u0131n\u0131 ruhuna, adeta ke\u00e7e i\u015fler gibi, sab\u0131rla yo\u011furur.  B\u00f6ylece \u00f6z\u00fc, binlerce y\u0131ld\u0131r atalar\u0131n\u0131n y\u00fcr\u00fcm\u00fc\u015f oldu\u011fu yoldaki ayak izlerini takip etmeyi \u00f6\u011frenir.  O yoldaki ger\u00e7ek ve gerekli olanla, ya\u015fam\u0131n yolunu ad\u0131m ad\u0131m y\u00fcr\u00fcrken, do\u011fan\u0131n b\u00fct\u00fcnl\u00fc\u011f\u00fcn\u00fc yans\u0131tan huzur ve dinginli\u011fi soluk soluk i\u00e7ine nak\u0131\u015flayan bir ki\u015fili\u011fe, bir bilgeli\u011fe eri\u015fir. Do\u011fa \u00fclke ve s\u0131n\u0131r tan\u0131mad\u0131\u011f\u0131 gibi, yasalar\u0131 ve i\u015faretleri de s\u0131n\u0131ra ba\u011fl\u0131 de\u011fildir. Do\u011fa tek bir dili konu\u015fur. \u0130\u015faretleri de grameridir.\u201d Asu Mansur<\/p>\n","protected":false},"excerpt":{"rendered":"<p>Yazar ve gezgin Tristan Gooley, do\u011fada, a\u00e7\u0131k arazilerde dola\u015f\u0131rken, ipu\u00e7lar\u0131 ile dolu do\u011fal bir d\u00fcnyan\u0131n fark\u0131na var\u0131r. A\u011fac\u0131n k\u00f6kleri g\u00fcne\u015fin y\u00f6n\u00fcn\u00fc belirtir. B\u00fcy\u00fckay\u0131, zaman\u0131 anlat\u0131r. Yan\u0131n\u0131zdan<span class=\"excerpt-hellip\"> [\u2026]<\/span><\/p>\n","protected":false},"featured_media":0,"template":"","meta":{"_monsterinsights_skip_tracking":false,"_monsterinsights_sitenote_active":false,"_monsterinsights_sitenote_note":"","_monsterinsights_sitenote_category":0},"product_brand":[],"product_cat":[52477],"product_tag":[],"class_list":{"0":"post-716049","1":"product","2":"type-product","3":"status-publish","5":"product_cat-arastirma","6":"pa_cilt-ciltsiz","7":"pa_tur-kitap","8":"pa_yayinevi-destek-yayinlari","9":"pa_yazar-tristan-gooley","11":"first","12":"instock","13":"sale","14":"shipping-taxable","15":"purchasable","16":"product-type-simple"},"_links":{"self":[{"href":"https:\/\/roveyayinevi.com.tr\/index.php\/wp-json\/wp\/v2\/product\/716049","targetHints":{"allow":["GET"]}}],"collection":[{"href":"https:\/\/roveyayinevi.com.tr\/index.php\/wp-json\/wp\/v2\/product"}],"about":[{"href":"https:\/\/roveyayinevi.com.tr\/index.php\/wp-json\/wp\/v2\/types\/product"}],"wp:attachment":[{"href":"https:\/\/roveyayinevi.com.tr\/index.php\/wp-json\/wp\/v2\/media?parent=716049"}],"wp:term":[{"taxonomy":"product_brand","embeddable":true,"href":"https:\/\/roveyayinevi.com.tr\/index.php\/wp-json\/wp\/v2\/product_brand?post=716049"},{"taxonomy":"product_cat","embeddable":true,"href":"https:\/\/roveyayinevi.com.tr\/index.php\/wp-json\/wp\/v2\/product_cat?post=716049"},{"taxonomy":"product_tag","embeddable":true,"href":"https:\/\/roveyayinevi.com.tr\/index.php\/wp-json\/wp\/v2\/product_tag?post=716049"}],"curies":[{"name":"wp","href":"https:\/\/api.w.org\/{rel}","templated":true}]}}