{"id":716047,"date":"2025-08-27T17:37:46","date_gmt":"2025-08-27T14:37:46","guid":{"rendered":"https:\/\/roveyayinevi.com.tr\/index.php\/urun\/bana-mutluluktan-bahset\/"},"modified":"2026-04-16T02:24:30","modified_gmt":"2026-04-15T23:24:30","slug":"bana-mutluluktan-bahset","status":"publish","type":"product","link":"https:\/\/roveyayinevi.com.tr\/index.php\/urun\/bana-mutluluktan-bahset\/","title":{"rendered":"Bana Mutluluktan Bahset"},"content":{"rendered":"<p>&#8220;Bir g\u00fcn yan\u0131nda olmam\u0131 istedi\u011fin ama bunun imk\u00e2ns\u0131z oldu\u011fu bir zaman gelirse g\u00f6zlerini s\u0131k\u0131ca kapat ve elini y\u00fcre\u011fine g\u00f6t\u00fcr. Ben senin g\u00f6zkapaklar\u0131n\u0131n ard\u0131ndaki karanl\u0131kta, kalbinin \u00e7arp\u0131nt\u0131s\u0131nda olaca\u011f\u0131m. Ne zaman bir vapura binsen sa\u00e7lar\u0131n\u0131n aras\u0131ndan ge\u00e7en r\u00fczg\u00e2r de\u011fil, parmaklar\u0131m olacak. Okudu\u011fun kitab\u0131n bir sat\u0131r\u0131nda ya da dinledi\u011fin bir \u015fark\u0131n\u0131n m\u00fczi\u011finde nefes almaya devam edece\u011fim. Ya\u011fmurlu bir g\u00fcnde omzunu \u00f6pen ya\u011fmur damlas\u0131 olabilirim. Belki de koklamak i\u00e7in uzand\u0131\u011f\u0131n bir \u00e7i\u00e7e\u011fin yapra\u011f\u0131ndan havalanan kelebek olaca\u011f\u0131m. Sen ne kadar hissetmek istersen ben o kadar var olmaya devam edece\u011fim&#8230; Y\u00fcre\u011finin perdelerini hi\u00e7bir zaman kapal\u0131 tutma. Ayd\u0131nl\u0131\u011f\u0131n i\u00e7eri girmesine izin ver. G\u00fclmek sana yak\u0131\u015f\u0131yor, y\u00fcz\u00fcn\u00fc asma&#8230; B\u00fcy\u00fck zorluklara g\u00f6\u011f\u00fcs germi\u015f insanlar\u0131n hakk\u0131d\u0131r mutluluk. Anlatmaya de\u011fer g\u00fcnlerin, i\u00e7inden geldi\u011fi gibi ya\u015fad\u0131\u011f\u0131n bir hayat\u0131n olsun. G\u00f6zlerini kapat\u0131p benimle konu\u015fmak istedi\u011fin zamanlar i\u00e7in g\u00fczel an\u0131lar biriktir. Nerede olsa tan\u0131r\u0131m h\u00fczn\u00fc, bana mutluluktan bahset&#8230;\u201d <\/p>\n","protected":false},"excerpt":{"rendered":"<p>&#8220;Bir g\u00fcn yan\u0131nda olmam\u0131 istedi\u011fin ama bunun imk\u00e2ns\u0131z oldu\u011fu bir zaman gelirse g\u00f6zlerini s\u0131k\u0131ca kapat ve elini y\u00fcre\u011fine g\u00f6t\u00fcr. Ben senin g\u00f6zkapaklar\u0131n\u0131n ard\u0131ndaki karanl\u0131kta, kalbinin \u00e7arp\u0131nt\u0131s\u0131nda<span class=\"excerpt-hellip\"> [\u2026]<\/span><\/p>\n","protected":false},"featured_media":0,"template":"","meta":{"_monsterinsights_skip_tracking":false,"_monsterinsights_sitenote_active":false,"_monsterinsights_sitenote_note":"","_monsterinsights_sitenote_category":0},"product_brand":[],"product_cat":[12291,12711],"product_tag":[],"class_list":{"0":"post-716047","1":"product","2":"type-product","3":"status-publish","5":"product_cat-edebiyat","6":"product_cat-roman-oyku","7":"pa_cilt-ciltsiz","8":"pa_tur-kitap","9":"pa_yayinevi-destek-yayinlari","10":"pa_yazar-ezgin-kilic","12":"first","13":"instock","14":"sale","15":"shipping-taxable","16":"purchasable","17":"product-type-simple"},"_links":{"self":[{"href":"https:\/\/roveyayinevi.com.tr\/index.php\/wp-json\/wp\/v2\/product\/716047","targetHints":{"allow":["GET"]}}],"collection":[{"href":"https:\/\/roveyayinevi.com.tr\/index.php\/wp-json\/wp\/v2\/product"}],"about":[{"href":"https:\/\/roveyayinevi.com.tr\/index.php\/wp-json\/wp\/v2\/types\/product"}],"wp:attachment":[{"href":"https:\/\/roveyayinevi.com.tr\/index.php\/wp-json\/wp\/v2\/media?parent=716047"}],"wp:term":[{"taxonomy":"product_brand","embeddable":true,"href":"https:\/\/roveyayinevi.com.tr\/index.php\/wp-json\/wp\/v2\/product_brand?post=716047"},{"taxonomy":"product_cat","embeddable":true,"href":"https:\/\/roveyayinevi.com.tr\/index.php\/wp-json\/wp\/v2\/product_cat?post=716047"},{"taxonomy":"product_tag","embeddable":true,"href":"https:\/\/roveyayinevi.com.tr\/index.php\/wp-json\/wp\/v2\/product_tag?post=716047"}],"curies":[{"name":"wp","href":"https:\/\/api.w.org\/{rel}","templated":true}]}}