{"id":716044,"date":"2025-08-27T17:37:44","date_gmt":"2025-08-27T14:37:44","guid":{"rendered":"https:\/\/roveyayinevi.com.tr\/index.php\/urun\/kolelige-kacis\/"},"modified":"2026-04-16T02:24:30","modified_gmt":"2026-04-15T23:24:30","slug":"kolelige-kacis","status":"publish","type":"product","link":"https:\/\/roveyayinevi.com.tr\/index.php\/urun\/kolelige-kacis\/","title":{"rendered":"K\u00f6leli\u011fe Ka\u00e7\u0131\u015f"},"content":{"rendered":"<p>D\u00fcnyan\u0131n seksen \u00fclkesini gezen gazeteci-yazar Mustafa Balbay, i\u00e7 sava\u015f co\u011frafyalar\u0131n\u0131 ayr\u0131ca inceledi. Nikaragua\u2019dan G\u00fcney Afrika Cumhuriyeti\u2019ne, Balkanlar\u2019dan Kafkaslar\u2019a, Irak\u2019tan Yemen\u2019e kadar kanl\u0131 i\u00e7 sava\u015flar\u0131n ya\u015fand\u0131\u011f\u0131 \u00fclkelerin sokaklar\u0131nda insan \u00f6yk\u00fcleri toplad\u0131. Bunlara gezi kitaplar\u0131nda yer verdi. Balbay, Suriye i\u00e7 sava\u015f\u0131ndan ka\u00e7\u0131p T\u00fcrkiye\u2019ye g\u00f6\u00e7 eden insanlar\u0131, b\u00fct\u00fcn bu g\u00f6zlem, inceleme ve deneyimlerinin \u0131\u015f\u0131\u011f\u0131nda romanla\u015ft\u0131rd\u0131. 2014 y\u0131l\u0131ndan itibaren bu konuyu ayr\u0131ca g\u00fcndemine ald\u0131. Kilis s\u0131n\u0131r\u0131na gitti, ya\u015fananlara tan\u0131kl\u0131k etti. Gaziantep, \u015eanl\u0131urfa\u2019da kamplar\u0131 ziyaret etti. 2 Eyl\u00fcl 2015\u2019te, Bodrum\u2019da Aylan Bebek\u2019in cesedinin sahile vurdu\u011fu g\u00fcnlerde, \u00f6zellikle Almanya\u2019ya ula\u015fmak i\u00e7in s\u0131n\u0131r kap\u0131lar\u0131na y\u00f6nelen Suriyelilerle \u0130stanbul\u2019dan Edirne\u2019ye yolculuk etti. Yer yer onlarla y\u00fcr\u00fcd\u00fc. Edirne-K\u0131rkp\u0131nar meydan\u0131nda uzun konu\u015fmalar yapt\u0131. \u0130zmir\u2019in Basmane semtinde kurulan umut ve can pazar\u0131nda defalarca dola\u015ft\u0131, Suriyelilerin aras\u0131na kar\u0131\u015ft\u0131. B\u00fct\u00fcn bunlardan dam\u0131tt\u0131klar\u0131n\u0131 bug\u00fcnlerden gelece\u011fe kalacak belgesel canl\u0131l\u0131\u011f\u0131nda bir roman olarak kaleme ald\u0131.<\/p>\n","protected":false},"excerpt":{"rendered":"<p>D\u00fcnyan\u0131n seksen \u00fclkesini gezen gazeteci-yazar Mustafa Balbay, i\u00e7 sava\u015f co\u011frafyalar\u0131n\u0131 ayr\u0131ca inceledi. Nikaragua\u2019dan G\u00fcney Afrika Cumhuriyeti\u2019ne, Balkanlar\u2019dan Kafkaslar\u2019a, Irak\u2019tan Yemen\u2019e kadar kanl\u0131 i\u00e7 sava\u015flar\u0131n ya\u015fand\u0131\u011f\u0131 \u00fclkelerin<span class=\"excerpt-hellip\"> [\u2026]<\/span><\/p>\n","protected":false},"featured_media":0,"template":"","meta":{"_monsterinsights_skip_tracking":false,"_monsterinsights_sitenote_active":false,"_monsterinsights_sitenote_note":"","_monsterinsights_sitenote_category":0},"product_brand":[],"product_cat":[12291,12711],"product_tag":[],"class_list":{"0":"post-716044","1":"product","2":"type-product","3":"status-publish","5":"product_cat-edebiyat","6":"product_cat-roman-oyku","7":"pa_cilt-ciltsiz","8":"pa_tur-kitap","9":"pa_yayinevi-bilgi-yayinevi","10":"pa_yazar-mustafa-balbay","12":"first","13":"instock","14":"sale","15":"shipping-taxable","16":"purchasable","17":"product-type-simple"},"_links":{"self":[{"href":"https:\/\/roveyayinevi.com.tr\/index.php\/wp-json\/wp\/v2\/product\/716044","targetHints":{"allow":["GET"]}}],"collection":[{"href":"https:\/\/roveyayinevi.com.tr\/index.php\/wp-json\/wp\/v2\/product"}],"about":[{"href":"https:\/\/roveyayinevi.com.tr\/index.php\/wp-json\/wp\/v2\/types\/product"}],"wp:attachment":[{"href":"https:\/\/roveyayinevi.com.tr\/index.php\/wp-json\/wp\/v2\/media?parent=716044"}],"wp:term":[{"taxonomy":"product_brand","embeddable":true,"href":"https:\/\/roveyayinevi.com.tr\/index.php\/wp-json\/wp\/v2\/product_brand?post=716044"},{"taxonomy":"product_cat","embeddable":true,"href":"https:\/\/roveyayinevi.com.tr\/index.php\/wp-json\/wp\/v2\/product_cat?post=716044"},{"taxonomy":"product_tag","embeddable":true,"href":"https:\/\/roveyayinevi.com.tr\/index.php\/wp-json\/wp\/v2\/product_tag?post=716044"}],"curies":[{"name":"wp","href":"https:\/\/api.w.org\/{rel}","templated":true}]}}