{"id":716041,"date":"2025-08-27T17:37:42","date_gmt":"2025-08-27T14:37:42","guid":{"rendered":"https:\/\/roveyayinevi.com.tr\/index.php\/urun\/iki-sesli-ezgi-yazma\/"},"modified":"2026-04-16T02:24:30","modified_gmt":"2026-04-15T23:24:30","slug":"iki-sesli-ezgi-yazma","status":"publish","type":"product","link":"https:\/\/roveyayinevi.com.tr\/index.php\/urun\/iki-sesli-ezgi-yazma\/","title":{"rendered":"\u0130ki Sesli Ezgi Yazma"},"content":{"rendered":"<p>\u00dclk\u00fc \u00d6zg\u00fcr, elinizdeki bu kitapla, m\u00fcziksel ezgi yazma alan\u0131ndaki deneyimlerini sadece kendisinin okutup mezun ettikleriyle de\u011fil, t\u00fcm m\u00fczik \u00f6\u011fretmenleriyle  payla\u015fmakta, \u00f6\u011frencilerinin \u00e7oksesli duyma ve yazma becerisini geli\u015ftirmek i\u00e7in \u00e7aba harcayan t\u00fcm \u00f6\u011fretmenlere yol g\u00f6stermektedir. Bu kitapta, yer alan \u00f6zg\u00fcn ezgilerin bir\u00e7o\u011fu, derslerde \u00f6\u011frencilere uygulanm\u0131\u015f ve yazar, \u00e7al\u0131\u015fmalar\u0131n\u0131 onlar\u0131n g\u00f6r\u00fc\u015flerini de alarak geli\u015ftirmi\u015ftir. Cesur yeniliklerle dolup ta\u015fan bu kitab\u0131n i\u00e7eri\u011fi: 1. Do\u011fu M\u00fczi\u011fi ile Bat\u0131 M\u00fczi\u011finin Kesi\u015fti\u011fi Yerde Bir \u00dclke : T\u00fcrkiye 2. T\u00fcrk M\u00fczi\u011finde Yap\u0131 3. Geleneksel ve \u00c7a\u011fda\u015f T\u00fcrk M\u00fcziklerinde Ses Sistemleri 4. T\u00fcrk M\u00fczi\u011finde D\u00fcz\u00fcm &#8211; Us\u00fcl &#8211; \u00d6l\u00e7\u00fc 5. T\u00fcrk M\u00fczi\u011findeki Makamlar <\/p>\n","protected":false},"excerpt":{"rendered":"<p>\u00dclk\u00fc \u00d6zg\u00fcr, elinizdeki bu kitapla, m\u00fcziksel ezgi yazma alan\u0131ndaki deneyimlerini sadece kendisinin okutup mezun ettikleriyle de\u011fil, t\u00fcm m\u00fczik \u00f6\u011fretmenleriyle payla\u015fmakta, \u00f6\u011frencilerinin \u00e7oksesli duyma ve yazma becerisini<span class=\"excerpt-hellip\"> [\u2026]<\/span><\/p>\n","protected":false},"featured_media":0,"template":"","meta":{"_monsterinsights_skip_tracking":false,"_monsterinsights_sitenote_active":false,"_monsterinsights_sitenote_note":"","_monsterinsights_sitenote_category":0},"product_brand":[],"product_cat":[14556,20810],"product_tag":[],"class_list":{"0":"post-716041","1":"product","2":"type-product","3":"status-publish","5":"product_cat-muzik","6":"product_cat-ogrenim-kitaplari","7":"pa_cilt-ciltsiz","8":"pa_tur-kitap","9":"pa_yayinevi-gazi-kitabevi","10":"pa_yazar-ulku-ozgur","12":"first","13":"instock","14":"sale","15":"shipping-taxable","16":"purchasable","17":"product-type-simple"},"_links":{"self":[{"href":"https:\/\/roveyayinevi.com.tr\/index.php\/wp-json\/wp\/v2\/product\/716041","targetHints":{"allow":["GET"]}}],"collection":[{"href":"https:\/\/roveyayinevi.com.tr\/index.php\/wp-json\/wp\/v2\/product"}],"about":[{"href":"https:\/\/roveyayinevi.com.tr\/index.php\/wp-json\/wp\/v2\/types\/product"}],"wp:attachment":[{"href":"https:\/\/roveyayinevi.com.tr\/index.php\/wp-json\/wp\/v2\/media?parent=716041"}],"wp:term":[{"taxonomy":"product_brand","embeddable":true,"href":"https:\/\/roveyayinevi.com.tr\/index.php\/wp-json\/wp\/v2\/product_brand?post=716041"},{"taxonomy":"product_cat","embeddable":true,"href":"https:\/\/roveyayinevi.com.tr\/index.php\/wp-json\/wp\/v2\/product_cat?post=716041"},{"taxonomy":"product_tag","embeddable":true,"href":"https:\/\/roveyayinevi.com.tr\/index.php\/wp-json\/wp\/v2\/product_tag?post=716041"}],"curies":[{"name":"wp","href":"https:\/\/api.w.org\/{rel}","templated":true}]}}