{"id":716040,"date":"2025-08-27T17:37:41","date_gmt":"2025-08-27T14:37:41","guid":{"rendered":"https:\/\/roveyayinevi.com.tr\/index.php\/urun\/yenilikcilik-ve-girisimcilik\/"},"modified":"2025-10-20T04:53:06","modified_gmt":"2025-10-20T01:53:06","slug":"yenilikcilik-ve-girisimcilik","status":"publish","type":"product","link":"https:\/\/roveyayinevi.com.tr\/index.php\/urun\/yenilikcilik-ve-girisimcilik\/","title":{"rendered":"Yenilik\u00e7ilik ve Giri\u015fimcilik"},"content":{"rendered":"<p>\u0130\u00e7indekiler     \u00d6ns\u00f6z \u0130\u00e7indekiler 1.B\u00f6l\u00fcm Giri\u015fimcilikle \u0130lgili Temel Kavramlar ve Tarihi Geli\u015fimi 2. B\u00f6l\u00fcm Giri\u015fimcilik ve Y\u00f6netim 3. b\u00f6l\u00fcm Giri\u015fimcilikte Yenilik\u00e7ilik ve Yarat\u0131c\u0131l\u0131k 4. B\u00f6l\u00fcm Neden \u0130\u015f Kurmak? \u0130\u015f Fikri, \u0130\u015f Plan\u0131 Haz\u0131rlama 5. B\u00f6l\u00fcm Giri\u015fimcilik ve Finans 6. B\u00f6l\u00fcm Giri\u015fimcilik Finansman\u0131 ve Te\u015fvik \u0130mkanlar\u0131 7. B\u00f6l\u00fcm Giri\u015fimcilik ve  Ekonomik B\u00fcy\u00fcme 8. B\u00f6l\u00fcm Giri\u015fimcilik ve Rekabet\u00e7ilik 9. B\u00f6l\u00fcm Giri\u015fimcilik ve Pazarlama 10. B\u00f6l\u00fcm  Giri\u015fimcilik ve K\u00fclt\u00fcr 11. B\u00f6l\u00fcm Giri\u015fimcilik, Etik, Sosyal Sorumluluk <\/p>\n","protected":false},"excerpt":{"rendered":"<p>\u0130\u00e7indekiler \u00d6ns\u00f6z \u0130\u00e7indekiler 1.B\u00f6l\u00fcm Giri\u015fimcilikle \u0130lgili Temel Kavramlar ve Tarihi Geli\u015fimi 2. B\u00f6l\u00fcm Giri\u015fimcilik ve Y\u00f6netim 3. b\u00f6l\u00fcm Giri\u015fimcilikte Yenilik\u00e7ilik ve Yarat\u0131c\u0131l\u0131k 4. B\u00f6l\u00fcm Neden \u0130\u015f<span class=\"excerpt-hellip\"> [\u2026]<\/span><\/p>\n","protected":false},"featured_media":0,"template":"","meta":{"_monsterinsights_skip_tracking":false,"_monsterinsights_sitenote_active":false,"_monsterinsights_sitenote_note":"","_monsterinsights_sitenote_category":0},"product_brand":[],"product_cat":[13772,12364],"product_tag":[],"class_list":{"0":"post-716040","1":"product","2":"type-product","3":"status-publish","5":"product_cat-basvuru-kitaplari","6":"product_cat-genel-konular","7":"pa_cilt-ciltsiz","8":"pa_tur-kitap","9":"pa_yayinevi-gazi-kitabevi","10":"pa_yazar-kolektif","12":"first","13":"instock","14":"sale","15":"shipping-taxable","16":"purchasable","17":"product-type-simple"},"_links":{"self":[{"href":"https:\/\/roveyayinevi.com.tr\/index.php\/wp-json\/wp\/v2\/product\/716040","targetHints":{"allow":["GET"]}}],"collection":[{"href":"https:\/\/roveyayinevi.com.tr\/index.php\/wp-json\/wp\/v2\/product"}],"about":[{"href":"https:\/\/roveyayinevi.com.tr\/index.php\/wp-json\/wp\/v2\/types\/product"}],"wp:attachment":[{"href":"https:\/\/roveyayinevi.com.tr\/index.php\/wp-json\/wp\/v2\/media?parent=716040"}],"wp:term":[{"taxonomy":"product_brand","embeddable":true,"href":"https:\/\/roveyayinevi.com.tr\/index.php\/wp-json\/wp\/v2\/product_brand?post=716040"},{"taxonomy":"product_cat","embeddable":true,"href":"https:\/\/roveyayinevi.com.tr\/index.php\/wp-json\/wp\/v2\/product_cat?post=716040"},{"taxonomy":"product_tag","embeddable":true,"href":"https:\/\/roveyayinevi.com.tr\/index.php\/wp-json\/wp\/v2\/product_tag?post=716040"}],"curies":[{"name":"wp","href":"https:\/\/api.w.org\/{rel}","templated":true}]}}