{"id":716039,"date":"2025-08-27T17:37:41","date_gmt":"2025-08-27T14:37:41","guid":{"rendered":"https:\/\/roveyayinevi.com.tr\/index.php\/urun\/bak-sen-su-ise\/"},"modified":"2026-04-16T02:24:30","modified_gmt":"2026-04-15T23:24:30","slug":"bak-sen-su-ise","status":"publish","type":"product","link":"https:\/\/roveyayinevi.com.tr\/index.php\/urun\/bak-sen-su-ise\/","title":{"rendered":"Bak Sen \u015eu \u0130\u015fe"},"content":{"rendered":"<p>\u0130lhan herkes gibi olmak istemeyen, farkl\u0131l\u0131klar\u0131n pe\u015fine d\u00fc\u015fen bir \u00e7ocuk.ok da meslekleri merak ediyor. Bir bakm\u0131\u015fs\u0131n\u0131z dolmu\u015f \u015fof\u00f6r\u00fc olmu\u015f ama \u00e7abucak vazge\u00e7mi\u015f. Neden mi? Engeller \u00e7\u0131km\u0131\u015f \u00f6n\u00fcne. Sonra bir bakm\u0131\u015fs\u0131n\u0131z ki gazetecili\u011fe merak salm\u0131\u015f. \u0130yi de nas\u0131l bir gazetecilik ki bu?Gazete satmaktan m\u0131 s\u00f6z ediyor, yoksa yaz\u0131 yazmaktan m\u0131? Ya pidecili\u011fe ne dersiniz? Peki, sizce babas\u0131 ne der bu i\u015fe? Yok can\u0131m, asl\u0131nda en iyisi kuyu bek\u00e7ili\u011fi galiba, ama o da ne kadar ger\u00e7ek\u00e7i? Ya kuyunun ciniyle ba\u015f\u0131 derde girerse? Bir ara akl\u0131na palya\u00e7o olmak geliyor \u0130lhan\u2019\u0131n. O da kolay de\u011fil can\u0131m!G\u00fclerken a\u011flatmak, a\u011flarken g\u00fcld\u00fcrmek, d\u00fc\u015f\u00fcnd\u00fcrmek, hayat\u0131 sorgulamak&#8230; Sonra ne mi oluyor? Bunu kitab\u0131 okumadan bilemeyiz ki!<\/p>\n","protected":false},"excerpt":{"rendered":"<p>\u0130lhan herkes gibi olmak istemeyen, farkl\u0131l\u0131klar\u0131n pe\u015fine d\u00fc\u015fen bir \u00e7ocuk.ok da meslekleri merak ediyor. Bir bakm\u0131\u015fs\u0131n\u0131z dolmu\u015f \u015fof\u00f6r\u00fc olmu\u015f ama \u00e7abucak vazge\u00e7mi\u015f. Neden mi? Engeller \u00e7\u0131km\u0131\u015f<span class=\"excerpt-hellip\"> [\u2026]<\/span><\/p>\n","protected":false},"featured_media":0,"template":"","meta":{"_monsterinsights_skip_tracking":false,"_monsterinsights_sitenote_active":false,"_monsterinsights_sitenote_note":"","_monsterinsights_sitenote_category":0},"product_brand":[],"product_cat":[12274,12284],"product_tag":[],"class_list":{"0":"post-716039","1":"product","2":"type-product","3":"status-publish","5":"product_cat-cocuk-ve-genclik-kitaplari","6":"product_cat-hikayeler","7":"pa_cilt-ciltsiz","8":"pa_tur-kitap","9":"pa_yayinevi-altin-kitaplar-cocuk-kitaplari","10":"pa_yazar-habib-bektas","12":"first","13":"instock","14":"sale","15":"shipping-taxable","16":"purchasable","17":"product-type-simple"},"_links":{"self":[{"href":"https:\/\/roveyayinevi.com.tr\/index.php\/wp-json\/wp\/v2\/product\/716039","targetHints":{"allow":["GET"]}}],"collection":[{"href":"https:\/\/roveyayinevi.com.tr\/index.php\/wp-json\/wp\/v2\/product"}],"about":[{"href":"https:\/\/roveyayinevi.com.tr\/index.php\/wp-json\/wp\/v2\/types\/product"}],"wp:attachment":[{"href":"https:\/\/roveyayinevi.com.tr\/index.php\/wp-json\/wp\/v2\/media?parent=716039"}],"wp:term":[{"taxonomy":"product_brand","embeddable":true,"href":"https:\/\/roveyayinevi.com.tr\/index.php\/wp-json\/wp\/v2\/product_brand?post=716039"},{"taxonomy":"product_cat","embeddable":true,"href":"https:\/\/roveyayinevi.com.tr\/index.php\/wp-json\/wp\/v2\/product_cat?post=716039"},{"taxonomy":"product_tag","embeddable":true,"href":"https:\/\/roveyayinevi.com.tr\/index.php\/wp-json\/wp\/v2\/product_tag?post=716039"}],"curies":[{"name":"wp","href":"https:\/\/api.w.org\/{rel}","templated":true}]}}