{"id":716038,"date":"2025-08-27T17:37:40","date_gmt":"2025-08-27T14:37:40","guid":{"rendered":"https:\/\/roveyayinevi.com.tr\/index.php\/urun\/istanbul-kareli-oykuler\/"},"modified":"2026-04-16T02:24:30","modified_gmt":"2026-04-15T23:24:30","slug":"istanbul-kareli-oykuler","status":"publish","type":"product","link":"https:\/\/roveyayinevi.com.tr\/index.php\/urun\/istanbul-kareli-oykuler\/","title":{"rendered":"\u0130stanbul Kareli \u00d6yk\u00fcler"},"content":{"rendered":"<p>Bir \u00f6yk\u00fc kitab\u0131na, d\u00fcnyan\u0131n en eski metropol\u00fcn\u00fcn ka\u00e7 rengi, ka\u00e7 semti, ka\u00e7 devri, ka\u00e7duygusu s\u0131\u011fabilir?G\u00fcvercin ve mart\u0131lar\u0131, sokak sat\u0131c\u0131lar\u0131n\u0131, g\u00fcnbat\u0131m\u0131n\u0131, ba\u015fka diyarlardan g\u00f6\u00e7\u00fcp gelmi\u015finsanlar\u0131 bir \u015fehre ait yapan nedir? Bir kentin insanlar\u0131, hayvanlar\u0131, sular\u0131, evleri yanyana ya\u015fad\u0131k\u00e7a birbirine benzer mi? Yoksa \u0130stanbul&#8217;un s\u0131rr\u0131, b\u00fct\u00fcn bunlara bir di\u011ferinebenzemeden bir arada ya\u015fayabilme olana\u011f\u0131 sunmas\u0131 m\u0131d\u0131r?Hac\u0131s\u0131, amelesi, Rum\u2019u, Ermeni\u2019si, tulumbac\u0131s\u0131, meczubu, katili, masalc\u0131s\u0131, heykelt\u0131ra\u015f\u0131,lokantac\u0131s\u0131, ko\u015fucusu. Suriyelisi, Roman\u2019\u0131, Bo\u011fazi\u00e7ilisi, \u015fark\u0131c\u0131s\u0131 ne yer, ne i\u00e7er, ne i\u00e7inya\u015far? Neyin kayg\u0131s\u0131n\u0131 duyar? Nas\u0131l sever? En \u00e7ok neyin hasretini \u00e7eker? \u0130stanbul b\u00fct\u00fcnbunlar\u0131 nas\u0131l, ne kadar derinden etkiler?\u0130stanbullu olmak as\u0131rlar evvel ne anlama gelirdi? Y\u00fcz y\u0131l \u00f6nce? 1950&#8217;lerde? Bizden \u00f6nceya\u015fam\u0131\u015f hem\u015ferilerimizi daha iyi tan\u0131d\u0131k\u00e7a, kendimizi de daha iyi anlam\u0131\u015f olur muyuz?Bu \u015fehrin hangi devrinde ya\u015fasak daha mutlu olurduk? Bug\u00fcn o devrin ne kadar\u0131n\u0131ya\u015fatabiliyoruz?\u0130stanbul&#8217;un kokusu Bo\u011fazi\u00e7i&#8217;nde mi daha yo\u011fun al\u0131n\u0131r, Emin\u00f6n\u00fc&#8217;nde mi? Bug\u00fcnK\u00fc\u00e7\u00fckpazar m\u0131 daha tekinsizdir, Tarlaba\u015f\u0131 m\u0131? S\u00fcleymaniye&#8217;nin haf\u0131zas\u0131 m\u0131 dahag\u00fc\u00e7l\u00fcd\u00fcr, Sultanahmet&#8217;inki mi? Galata sokaklar\u0131nda m\u0131 daha fazla say\u0131da yabanc\u0131 dilkonu\u015fulur, Kumkap\u0131&#8217;da m\u0131? Balat m\u0131 eski sakinlerini daha \u00e7ok \u00f6zler, Sulukule mi?Tolga G\u00fcm\u00fc\u015fay, b\u00fct\u00fcn bu sorulara ve daha nicelerine yan\u0131t ararken tutkunu oldu\u011fu\u0130stanbul&#8217;un tarih\u00ee semtlerini, e\u015fsiz manzaralar\u0131n\u0131, arka sokaklar\u0131n\u0131, kendi halindeinsanlar\u0131n\u0131 \u00f6nce foto\u011fraflad\u0131, sonra onlar i\u00e7in \u00f6yk\u00fcler yazd\u0131.\u0130stanbul Kareli \u00d6yk\u00fcler, foto\u011fraf\u0131n ger\u00e7ekli\u011fiyle edebiyat\u0131n olas\u0131l\u0131klar\u0131n\u0131 i\u00e7 i\u00e7ege\u00e7irerek d\u00fcnyan\u0131n en g\u00fczel kentlerinden birinde var olman\u0131n t\u00fcrl\u00fc hallerini ortayakoyuyor. \u0130stanbul&#8217;un g\u00fcndelik hayat\u0131ndan kareleri, bu \u015fehirde ya\u015faman\u0131nb\u00fcy\u00fcs\u00fcn\u00fc yans\u0131tan \u00f6yk\u00fclere d\u00f6n\u00fc\u015ft\u00fcr\u00fcyor.<\/p>\n","protected":false},"excerpt":{"rendered":"<p>Bir \u00f6yk\u00fc kitab\u0131na, d\u00fcnyan\u0131n en eski metropol\u00fcn\u00fcn ka\u00e7 rengi, ka\u00e7 semti, ka\u00e7 devri, ka\u00e7duygusu s\u0131\u011fabilir?G\u00fcvercin ve mart\u0131lar\u0131, sokak sat\u0131c\u0131lar\u0131n\u0131, g\u00fcnbat\u0131m\u0131n\u0131, ba\u015fka diyarlardan g\u00f6\u00e7\u00fcp gelmi\u015finsanlar\u0131 bir \u015fehre<span class=\"excerpt-hellip\"> [\u2026]<\/span><\/p>\n","protected":false},"featured_media":0,"template":"","meta":{"_monsterinsights_skip_tracking":false,"_monsterinsights_sitenote_active":false,"_monsterinsights_sitenote_note":"","_monsterinsights_sitenote_category":0},"product_brand":[],"product_cat":[12291,12711],"product_tag":[],"class_list":{"0":"post-716038","1":"product","2":"type-product","3":"status-publish","5":"product_cat-edebiyat","6":"product_cat-roman-oyku","7":"pa_cilt-ciltsiz","8":"pa_tur-kitap","9":"pa_yayinevi-altin-kitaplar","10":"pa_yazar-tolga-gumusay","12":"first","13":"instock","14":"sale","15":"shipping-taxable","16":"purchasable","17":"product-type-simple"},"_links":{"self":[{"href":"https:\/\/roveyayinevi.com.tr\/index.php\/wp-json\/wp\/v2\/product\/716038","targetHints":{"allow":["GET"]}}],"collection":[{"href":"https:\/\/roveyayinevi.com.tr\/index.php\/wp-json\/wp\/v2\/product"}],"about":[{"href":"https:\/\/roveyayinevi.com.tr\/index.php\/wp-json\/wp\/v2\/types\/product"}],"wp:attachment":[{"href":"https:\/\/roveyayinevi.com.tr\/index.php\/wp-json\/wp\/v2\/media?parent=716038"}],"wp:term":[{"taxonomy":"product_brand","embeddable":true,"href":"https:\/\/roveyayinevi.com.tr\/index.php\/wp-json\/wp\/v2\/product_brand?post=716038"},{"taxonomy":"product_cat","embeddable":true,"href":"https:\/\/roveyayinevi.com.tr\/index.php\/wp-json\/wp\/v2\/product_cat?post=716038"},{"taxonomy":"product_tag","embeddable":true,"href":"https:\/\/roveyayinevi.com.tr\/index.php\/wp-json\/wp\/v2\/product_tag?post=716038"}],"curies":[{"name":"wp","href":"https:\/\/api.w.org\/{rel}","templated":true}]}}