{"id":716032,"date":"2025-08-27T17:37:28","date_gmt":"2025-08-27T14:37:28","guid":{"rendered":"https:\/\/roveyayinevi.com.tr\/index.php\/urun\/caglar-buyukannesiyle-buyukbabasini-ziyaret-ediyor-ilk-okuma-kitabim\/"},"modified":"2026-04-12T02:29:31","modified_gmt":"2026-04-11T23:29:31","slug":"caglar-buyukannesiyle-buyukbabasini-ziyaret-ediyor-ilk-okuma-kitabim","status":"publish","type":"product","link":"https:\/\/roveyayinevi.com.tr\/index.php\/urun\/caglar-buyukannesiyle-buyukbabasini-ziyaret-ediyor-ilk-okuma-kitabim\/","title":{"rendered":"\u00c7a\u011flar B\u00fcy\u00fckannesiyle B\u00fcy\u00fckbabas\u0131n\u0131 Ziyaret Ediyor &#8211; \u0130lk Okuma Kitab\u0131m"},"content":{"rendered":"<p>Ya\u015fas\u0131n! \u00c7a\u011flar abisi F\u0131rat\u2019la birlikte hafta sonunu b\u00fcy\u00fckanne ve b\u00fcy\u00fckbabas\u0131n\u0131n evinde ge\u00e7irecekti. Tren yolculu\u011funun ard\u0131ndan \u00e7iftli\u011fe vard\u0131klar\u0131nda \u00f6nce odalar\u0131na yerle\u015ftiler. B\u00fcy\u00fckbaban\u0131n at\u00f6lyesinde k\u00fc\u00e7\u00fck bir macera ya\u015fad\u0131ktan sonra, b\u00fcy\u00fckannenin lezzetli makarnas\u0131n\u0131 aceleyle midelerine indirdiler. Daha yapacak \u00e7ok i\u015fleri vard\u0131&#8230;<\/p>\n","protected":false},"excerpt":{"rendered":"<p>Ya\u015fas\u0131n! \u00c7a\u011flar abisi F\u0131rat\u2019la birlikte hafta sonunu b\u00fcy\u00fckanne ve b\u00fcy\u00fckbabas\u0131n\u0131n evinde ge\u00e7irecekti. Tren yolculu\u011funun ard\u0131ndan \u00e7iftli\u011fe vard\u0131klar\u0131nda \u00f6nce odalar\u0131na yerle\u015ftiler. B\u00fcy\u00fckbaban\u0131n at\u00f6lyesinde k\u00fc\u00e7\u00fck bir macera ya\u015fad\u0131ktan<span class=\"excerpt-hellip\"> [\u2026]<\/span><\/p>\n","protected":false},"featured_media":0,"template":"","meta":{"_monsterinsights_skip_tracking":false,"_monsterinsights_sitenote_active":false,"_monsterinsights_sitenote_note":"","_monsterinsights_sitenote_category":0},"product_brand":[],"product_cat":[12274,12284],"product_tag":[],"class_list":{"0":"post-716032","1":"product","2":"type-product","3":"status-publish","5":"product_cat-cocuk-ve-genclik-kitaplari","6":"product_cat-hikayeler","7":"pa_cilt-ciltsiz","8":"pa_tur-kitap","9":"pa_yayinevi-is-bankasi-kultur-yayinlari","10":"pa_yazar-christian-tielmann","12":"first","13":"instock","14":"sale","15":"shipping-taxable","16":"purchasable","17":"product-type-simple"},"_links":{"self":[{"href":"https:\/\/roveyayinevi.com.tr\/index.php\/wp-json\/wp\/v2\/product\/716032","targetHints":{"allow":["GET"]}}],"collection":[{"href":"https:\/\/roveyayinevi.com.tr\/index.php\/wp-json\/wp\/v2\/product"}],"about":[{"href":"https:\/\/roveyayinevi.com.tr\/index.php\/wp-json\/wp\/v2\/types\/product"}],"wp:attachment":[{"href":"https:\/\/roveyayinevi.com.tr\/index.php\/wp-json\/wp\/v2\/media?parent=716032"}],"wp:term":[{"taxonomy":"product_brand","embeddable":true,"href":"https:\/\/roveyayinevi.com.tr\/index.php\/wp-json\/wp\/v2\/product_brand?post=716032"},{"taxonomy":"product_cat","embeddable":true,"href":"https:\/\/roveyayinevi.com.tr\/index.php\/wp-json\/wp\/v2\/product_cat?post=716032"},{"taxonomy":"product_tag","embeddable":true,"href":"https:\/\/roveyayinevi.com.tr\/index.php\/wp-json\/wp\/v2\/product_tag?post=716032"}],"curies":[{"name":"wp","href":"https:\/\/api.w.org\/{rel}","templated":true}]}}