{"id":716030,"date":"2025-08-27T17:37:27","date_gmt":"2025-08-27T14:37:27","guid":{"rendered":"https:\/\/roveyayinevi.com.tr\/index.php\/urun\/cilgin-tarih-ciltli\/"},"modified":"2026-04-16T02:24:29","modified_gmt":"2026-04-15T23:24:29","slug":"cilgin-tarih-ciltli","status":"publish","type":"product","link":"https:\/\/roveyayinevi.com.tr\/index.php\/urun\/cilgin-tarih-ciltli\/","title":{"rendered":"\u00c7\u0131lg\u0131n Tarih (Ciltli)"},"content":{"rendered":"<p>Yaz\u0131n\u0131n ilk icat edildi\u011fi Ta\u015f Devri\u2019ni, kavimlerin saf saf g\u00f6\u00e7lerini, \u0130stanbul\u2019un Fethi\u2019ni, d\u00fcnya sava\u015flar\u0131n\u0131, \u00c7anakkale\u2019de kahramanl\u0131k destan\u0131n\u0131, ve birbirinden \u00e7\u0131lg\u0131n tarihi olaylar\u0131n ayr\u0131nt\u0131lar\u0131\u2026 \u00c7\u0131lg\u0131n Tarih; garip, \u015fa\u015f\u0131rt\u0131c\u0131 ve aksiyon dolu tarihi olaylar\u0131n e\u011flenceli bir dille anlat\u0131ld\u0131\u011f\u0131 kitap&#8230; \u0130yi okumalar!<\/p>\n","protected":false},"excerpt":{"rendered":"<p>Yaz\u0131n\u0131n ilk icat edildi\u011fi Ta\u015f Devri\u2019ni, kavimlerin saf saf g\u00f6\u00e7lerini, \u0130stanbul\u2019un Fethi\u2019ni, d\u00fcnya sava\u015flar\u0131n\u0131, \u00c7anakkale\u2019de kahramanl\u0131k destan\u0131n\u0131, ve birbirinden \u00e7\u0131lg\u0131n tarihi olaylar\u0131n ayr\u0131nt\u0131lar\u0131\u2026 \u00c7\u0131lg\u0131n Tarih; garip,<span class=\"excerpt-hellip\"> [\u2026]<\/span><\/p>\n","protected":false},"featured_media":0,"template":"","meta":{"_monsterinsights_skip_tracking":false,"_monsterinsights_sitenote_active":false,"_monsterinsights_sitenote_note":"","_monsterinsights_sitenote_category":0},"product_brand":[],"product_cat":[13829,12274],"product_tag":[],"class_list":{"0":"post-716030","1":"product","2":"type-product","3":"status-publish","5":"product_cat-bilimsel-kitaplar","6":"product_cat-cocuk-ve-genclik-kitaplari","7":"pa_cilt-ciltli","8":"pa_tur-kitap","9":"pa_yayinevi-nesil-genc","10":"pa_yazar-yusuf-asal","12":"first","13":"instock","14":"sale","15":"shipping-taxable","16":"purchasable","17":"product-type-simple"},"_links":{"self":[{"href":"https:\/\/roveyayinevi.com.tr\/index.php\/wp-json\/wp\/v2\/product\/716030","targetHints":{"allow":["GET"]}}],"collection":[{"href":"https:\/\/roveyayinevi.com.tr\/index.php\/wp-json\/wp\/v2\/product"}],"about":[{"href":"https:\/\/roveyayinevi.com.tr\/index.php\/wp-json\/wp\/v2\/types\/product"}],"wp:attachment":[{"href":"https:\/\/roveyayinevi.com.tr\/index.php\/wp-json\/wp\/v2\/media?parent=716030"}],"wp:term":[{"taxonomy":"product_brand","embeddable":true,"href":"https:\/\/roveyayinevi.com.tr\/index.php\/wp-json\/wp\/v2\/product_brand?post=716030"},{"taxonomy":"product_cat","embeddable":true,"href":"https:\/\/roveyayinevi.com.tr\/index.php\/wp-json\/wp\/v2\/product_cat?post=716030"},{"taxonomy":"product_tag","embeddable":true,"href":"https:\/\/roveyayinevi.com.tr\/index.php\/wp-json\/wp\/v2\/product_tag?post=716030"}],"curies":[{"name":"wp","href":"https:\/\/api.w.org\/{rel}","templated":true}]}}