{"id":716025,"date":"2025-08-27T17:37:23","date_gmt":"2025-08-27T14:37:23","guid":{"rendered":"https:\/\/roveyayinevi.com.tr\/index.php\/urun\/cizmeyi-bilseydim\/"},"modified":"2026-04-16T02:24:29","modified_gmt":"2026-04-15T23:24:29","slug":"cizmeyi-bilseydim","status":"publish","type":"product","link":"https:\/\/roveyayinevi.com.tr\/index.php\/urun\/cizmeyi-bilseydim\/","title":{"rendered":"\u00c7izmeyi Bilseydim"},"content":{"rendered":"<p>Sera ile ressam halas\u0131 bir g\u00fcn\u00fc birlikte ge\u00e7irecekler ve yap\u0131lacaklar aras\u0131nda \u2018resim \u00e7izmek\u2019 ilk s\u0131rada! Peki, Sera ne \u00e7izecek? Ne ku\u015f \u00e7izmeyi biliyor ne de tav\u015fan&#8230; Manzara resmi yapsa, ama o da hi\u00e7 kolay de\u011fil hani. Peki \u00e7izim yapman\u0131n tek bir do\u011frusu var m\u0131d\u0131r? Ku\u015fa benzemeyen bir ku\u015f \u00e7izimi olabilir mi?K\u00fc\u00e7\u00fck bir k\u0131z\u0131n, ressam halas\u0131n\u0131n at\u00f6lyesinde ge\u00e7irdi\u011fi bir g\u00fcn\u00fc anlatan bu \u00f6yk\u00fc, sanat ve \u00f6zg\u00fcnl\u00fck konular\u0131n\u0131 ele al\u0131yor. Sera\u2019n\u0131n bilmedi\u011fini s\u00f6yledi\u011fi \u2018\u00e7izmek\u2019, aralar\u0131na ger\u00e7ek\u00fcst\u00fcc\u00fc ressam Ren\u00e9 Magritte\u2019in sessizce kat\u0131lmas\u0131yla bamba\u015fka bir eyleme d\u00f6n\u00fc\u015f\u00fcyor. \u00d6yle ya, Magritte\u2019in resimlerinde g\u00f6rd\u00fc\u011f\u00fcm\u00fcz ku\u015f, asl\u0131nda o ku\u015fa ne kadar benzese de ressam\u0131n g\u00f6z\u00fcnden ve elinden yans\u0131yan yepyeni bir \u2018\u015fey\u2019dir.Deneyimli yazar Siml\u00e2 Sunay bizleri at\u00f6lyede, \u00e7izimle dolu bir g\u00fcne davet ediyor. Yarat\u0131c\u0131l\u0131k \u00fczerine \u00e7\u0131kt\u0131\u011f\u0131m\u0131z bu yolculuk, Zeycan Alk\u0131\u015f\u2019\u0131n detayl\u0131 \u00e7izimleriyle ger\u00e7ek\u00fcst\u00fc bir mek\u00e2nda canlan\u0131yor.<\/p>\n","protected":false},"excerpt":{"rendered":"<p>Sera ile ressam halas\u0131 bir g\u00fcn\u00fc birlikte ge\u00e7irecekler ve yap\u0131lacaklar aras\u0131nda \u2018resim \u00e7izmek\u2019 ilk s\u0131rada! Peki, Sera ne \u00e7izecek? Ne ku\u015f \u00e7izmeyi biliyor ne de tav\u015fan&#8230;<span class=\"excerpt-hellip\"> [\u2026]<\/span><\/p>\n","protected":false},"featured_media":0,"template":"","meta":{"_monsterinsights_skip_tracking":false,"_monsterinsights_sitenote_active":false,"_monsterinsights_sitenote_note":"","_monsterinsights_sitenote_category":0},"product_brand":[],"product_cat":[12274,12284],"product_tag":[],"class_list":{"0":"post-716025","1":"product","2":"type-product","3":"status-publish","5":"product_cat-cocuk-ve-genclik-kitaplari","6":"product_cat-hikayeler","7":"pa_cilt-ciltsiz","8":"pa_tur-kitap","9":"pa_yayinevi-redhouse-kidz-yayinlari","10":"pa_yazar-simla-sunay","12":"first","13":"instock","14":"sale","15":"shipping-taxable","16":"purchasable","17":"product-type-simple"},"_links":{"self":[{"href":"https:\/\/roveyayinevi.com.tr\/index.php\/wp-json\/wp\/v2\/product\/716025","targetHints":{"allow":["GET"]}}],"collection":[{"href":"https:\/\/roveyayinevi.com.tr\/index.php\/wp-json\/wp\/v2\/product"}],"about":[{"href":"https:\/\/roveyayinevi.com.tr\/index.php\/wp-json\/wp\/v2\/types\/product"}],"wp:attachment":[{"href":"https:\/\/roveyayinevi.com.tr\/index.php\/wp-json\/wp\/v2\/media?parent=716025"}],"wp:term":[{"taxonomy":"product_brand","embeddable":true,"href":"https:\/\/roveyayinevi.com.tr\/index.php\/wp-json\/wp\/v2\/product_brand?post=716025"},{"taxonomy":"product_cat","embeddable":true,"href":"https:\/\/roveyayinevi.com.tr\/index.php\/wp-json\/wp\/v2\/product_cat?post=716025"},{"taxonomy":"product_tag","embeddable":true,"href":"https:\/\/roveyayinevi.com.tr\/index.php\/wp-json\/wp\/v2\/product_tag?post=716025"}],"curies":[{"name":"wp","href":"https:\/\/api.w.org\/{rel}","templated":true}]}}