{"id":716024,"date":"2025-08-27T17:37:23","date_gmt":"2025-08-27T14:37:23","guid":{"rendered":"https:\/\/roveyayinevi.com.tr\/index.php\/urun\/mavisel-yener-ile-masal-atolyesi\/"},"modified":"2026-04-16T02:24:29","modified_gmt":"2026-04-15T23:24:29","slug":"mavisel-yener-ile-masal-atolyesi","status":"publish","type":"product","link":"https:\/\/roveyayinevi.com.tr\/index.php\/urun\/mavisel-yener-ile-masal-atolyesi\/","title":{"rendered":"Mavisel Yener ile Masal At\u00f6lyesi"},"content":{"rendered":"<p>\u015eiir At\u00f6lyesi ve \u00d6yk\u00fc At\u00f6lyesi kitaplar\u0131yla on binlerce \u00e7ocu\u011fa ula\u015fan usta yazar Mavisel Yener&#8217;in yeni kitab\u0131 Masal At\u00f6lyesi, ge\u00e7mi\u015ften g\u00fcn\u00fcm\u00fcze, kulaktan kula\u011fa, ku\u015faktan ku\u015fa\u011fa aktar\u0131lan bir edebi t\u00fcr olan masallara ve masal yazma s\u00fcrecine dair \u00e7e\u015fitli ipu\u00e7lar\u0131 sunan e\u011flenceli bir at\u00f6lye kitab\u0131.8 ya\u015f ve \u00fczeri \u00e7ocuklar\u0131n masals\u0131 bir yolculu\u011fa \u00e7\u0131karken yanlar\u0131nda bulundurmalar\u0131 gereken bu reng\u00e2renk ba\u015fvuru kayna\u011f\u0131, masal t\u00fcr\u00fc ile ilgili detayl\u0131 bilgiler bar\u0131nd\u0131rmas\u0131n\u0131n yan\u0131 s\u0131ra, okurlar\u0131n, \u00f6\u011fretmen ya da ebeveynlerin k\u0131lavuzlu\u011funa gerek duymadan, kendi ba\u015flar\u0131na yapabilecekleri etkinliklerden olu\u015fuyor.\u00dc\u00e7 boyutlu g\u00f6rselleri ve c\u0131v\u0131l c\u0131v\u0131l sayfa tasar\u0131m\u0131yla dikkat \u00e7eken bu esin verici kitap sayesinde, var olan bir masal\u0131 yeniden yazmak, yorumlamak ya da s\u0131f\u0131rdan bir masal karakteri yaratmak kolayla\u015f\u0131yor. Masal dinlemeyi, okumay\u0131 ve yazmay\u0131 sever misin? Yan\u0131t\u0131n \u201cevet\u201d ise bu kitap \u00e7ok i\u015fine yarayacak. Zaten masallara kim hay\u0131r diyebilir ki? Hayal kurman\u0131n s\u0131n\u0131rs\u0131zl\u0131\u011f\u0131n\u0131 hat\u0131rlatarak, esnek d\u00fc\u015f\u00fcnmeyi geli\u015ftiren Mavisel Yener ile Masal At\u00f6lyesi, zengin i\u00e7eri\u011fi ve etkinlik \u00e7e\u015fitlili\u011fiyle etkile\u015fimli bir masal deneyimi vadediyor. Masallar\u0131n nas\u0131l do\u011fdu\u011fundan masal ile \u00f6yk\u00fc aras\u0131ndaki farklara, masal t\u00fcrlerinden etkili masal anlat\u0131m\u0131na kadar, masal evreni hakk\u0131nda merak edilen pek \u00e7ok ayr\u0131nt\u0131ya yer veren bu renkli kitap, \u00e7ocuklar\u0131 kendi masallar\u0131n\u0131 yaratmaya davet ediyor. Okurlar\u0131n, masal t\u00fcr\u00fcn\u00fc daha iyi kavramalar\u0131 amac\u0131yla kitab\u0131nda anonim ve \u00f6zg\u00fcn masallara da yer veren Mavisel Yener, masal yaz\u0131m s\u00fcrecinde \u00e7ocuklara e\u015flik etmesi i\u00e7in Masalyus ad\u0131nda sevimli bir maskot karakter yarat\u0131yor. Yener, \u00e7ocuklar\u0131, kendi masallar\u0131n\u0131 kaleme almalar\u0131n\u0131 sa\u011flayarak bu kitab\u0131n ikinci yazar\u0131 olmaya y\u00fcreklendirirken, yery\u00fcz\u00fcndeki masallar\u0131n her ge\u00e7en g\u00fcn \u00e7o\u011falmas\u0131n\u0131, dilden dile, nesilden nesile uzanarak d\u00fc\u015fler diyar\u0131na ula\u015fmas\u0131n\u0131 \u00fcmit ediyor&#8230;<\/p>\n","protected":false},"excerpt":{"rendered":"<p>\u015eiir At\u00f6lyesi ve \u00d6yk\u00fc At\u00f6lyesi kitaplar\u0131yla on binlerce \u00e7ocu\u011fa ula\u015fan usta yazar Mavisel Yener&#8217;in yeni kitab\u0131 Masal At\u00f6lyesi, ge\u00e7mi\u015ften g\u00fcn\u00fcm\u00fcze, kulaktan kula\u011fa, ku\u015faktan ku\u015fa\u011fa aktar\u0131lan bir<span class=\"excerpt-hellip\"> [\u2026]<\/span><\/p>\n","protected":false},"featured_media":0,"template":"","meta":{"_monsterinsights_skip_tracking":false,"_monsterinsights_sitenote_active":false,"_monsterinsights_sitenote_note":"","_monsterinsights_sitenote_category":0},"product_brand":[],"product_cat":[12274,12284],"product_tag":[],"class_list":{"0":"post-716024","1":"product","2":"type-product","3":"status-publish","5":"product_cat-cocuk-ve-genclik-kitaplari","6":"product_cat-hikayeler","7":"pa_cilt-ciltsiz","8":"pa_tur-kitap","9":"pa_yayinevi-tudem-yayinlari","10":"pa_yazar-mavisel-yener","12":"first","13":"instock","14":"sale","15":"shipping-taxable","16":"purchasable","17":"product-type-simple"},"_links":{"self":[{"href":"https:\/\/roveyayinevi.com.tr\/index.php\/wp-json\/wp\/v2\/product\/716024","targetHints":{"allow":["GET"]}}],"collection":[{"href":"https:\/\/roveyayinevi.com.tr\/index.php\/wp-json\/wp\/v2\/product"}],"about":[{"href":"https:\/\/roveyayinevi.com.tr\/index.php\/wp-json\/wp\/v2\/types\/product"}],"wp:attachment":[{"href":"https:\/\/roveyayinevi.com.tr\/index.php\/wp-json\/wp\/v2\/media?parent=716024"}],"wp:term":[{"taxonomy":"product_brand","embeddable":true,"href":"https:\/\/roveyayinevi.com.tr\/index.php\/wp-json\/wp\/v2\/product_brand?post=716024"},{"taxonomy":"product_cat","embeddable":true,"href":"https:\/\/roveyayinevi.com.tr\/index.php\/wp-json\/wp\/v2\/product_cat?post=716024"},{"taxonomy":"product_tag","embeddable":true,"href":"https:\/\/roveyayinevi.com.tr\/index.php\/wp-json\/wp\/v2\/product_tag?post=716024"}],"curies":[{"name":"wp","href":"https:\/\/api.w.org\/{rel}","templated":true}]}}