{"id":716023,"date":"2025-08-27T17:37:22","date_gmt":"2025-08-27T14:37:22","guid":{"rendered":"https:\/\/roveyayinevi.com.tr\/index.php\/urun\/gelecegi-gorenler-turkiyenin-ilk-internet-girisimleri\/"},"modified":"2026-04-16T02:24:29","modified_gmt":"2026-04-15T23:24:29","slug":"gelecegi-gorenler-turkiyenin-ilk-internet-girisimleri","status":"publish","type":"product","link":"https:\/\/roveyayinevi.com.tr\/index.php\/urun\/gelecegi-gorenler-turkiyenin-ilk-internet-girisimleri\/","title":{"rendered":"Gelece\u011fi G\u00f6renler &#8211; T\u00fcrkiye\u2019nin \u0130lk \u0130nternet Giri\u015fimleri"},"content":{"rendered":"<p>Hayat\u0131n\u0131n tam merkezinde \u201cinternet\u201d olan g\u00fcn\u00fcm\u00fcz gen\u00e7li\u011finin aksine, onlar T\u00fcrkiye\u2019de internetin ilk g\u00fcnlerine tan\u0131kl\u0131k eden ve sanal d\u00fcnyaya ba\u011flanmak i\u00e7in zaman zaman uzun kuyruklarda s\u0131ra bekleyip yokluk y\u0131llar\u0131nda gelece\u011fi g\u00f6ren bir grup \u00e7\u0131lg\u0131n giri\u015fimciydi. \u0130\u00e7lerinden y\u00fckselen heyecan\u0131n pe\u015fine d\u00fc\u015f\u00fcp b\u00fcy\u00fcl\u00fc internet d\u00fcnyas\u0131n\u0131n kap\u0131s\u0131n\u0131 aralad\u0131lar ve 1990\u2019lar\u0131n ikinci yar\u0131s\u0131nda \u201cinternet giri\u015fimi\u201d kavram\u0131n\u0131 T\u00fcrkiye\u2019de filizlendirdiler. O d\u00f6nemde internet ba\u011flant\u0131s\u0131 \u00e7ok zay\u0131f ve ona eri\u015febilen ki\u015fi say\u0131s\u0131 \u00e7ok azd\u0131 fakat t\u0131pk\u0131 Silikon Vadisi\u2019nde oldu\u011fu gibi T\u00fcrkiye\u2019de de bu d\u00e2hi gen\u00e7ler internet giri\u015fimcili\u011fine soyunmaktan imtina etmemi\u015fti. Amazon, Google ve Yahoo!\u2019nundot-com patlamas\u0131ndan sa\u011f \u00e7\u0131kmas\u0131 gibi T\u00fcrkiye\u2019de de 2001 Ekonomik Krizi\u2019nden sa\u011f \u00e7\u0131kan s\u00f6z konusu giri\u015fimlerve onlar\u0131 takip edenler, .com giri\u015fimcili\u011finin ve internet ekonomisinin olu\u015fmas\u0131nda b\u00fcy\u00fck rol oynad\u0131. \u00dcretmeye ba\u015flamak i\u00e7in sahip olunmas\u0131 gereken tek \u015fey bir bilgisayar, internet ba\u011flant\u0131s\u0131 ve tecr\u00fcbeyle desteklenen bir motivasyondu. Kimi aileden giri\u015fimciydi, kimi ailesine ra\u011fmen bu yola girdi ama hepsi de gelece\u011fin ayak seslerini o g\u00fcnden duymu\u015ftu. \u00d6yle b\u00fcy\u00fck i\u015fler ba\u015fard\u0131lar ki bug\u00fcn bile etkileri s\u00fcr\u00fcyor. Mynet, Ek\u015fi S\u00f6zl\u00fck, \u0130tiraf.com, Pilli Network, Yemek sepeti gitti*gidiyor, Nokta Medya, Cember.net, Grou.ps, Webrazzi. \u0130\u015fte teknolojinin d\u00f6n\u00fc\u015f\u00fcm\u00fc, giri\u015fimcilik ve internet k\u00fclt\u00fcr\u00fc konular\u0131nda uzmanla\u015fan F\u0131rat Demirel\u2019in kaleminden d\u00fcn\u00fcn giri\u015fimleri, bug\u00fcn\u00fcn ba\u015far\u0131l\u0131 isimlerinin hik\u00e2yeleri\u2026 Hen\u00fcz internetin yeni yeni kullan\u0131lmaya ba\u015flad\u0131\u011f\u0131 bir d\u00f6nemde bazen dev bir \u015firketin y\u00f6netimini reddedip kendi i\u015fini kuran gen\u00e7 bir i\u015f adam\u0131n\u0131n hayat\u0131na, bazen g\u00fcl gibi mesle\u011fini b\u0131rak\u0131p \u00e7ok yeni bir alana odaklanan cesur m\u00fchendislerin d\u00fcnyas\u0131na konuk olacaks\u0131n\u0131z. Saatlerce bilgisayar ba\u015f\u0131ndan kalkmayan gen\u00e7lerin neler yapabilece\u011fini; kimi Almanya\u2019dan kimi de K\u0131br\u0131s\u2019tan d\u00f6nen giri\u015fimcilerin kendi \u00fclkelerine nas\u0131l de\u011fer katt\u0131klar\u0131n\u0131 okuyacaks\u0131n\u0131z. Ve belki de bu kitab\u0131 bitirdi\u011finizde daha fazla ses getirecek hik\u00e2yelerin \u00e7\u0131kmas\u0131na -bir giri\u015fimci, bir uzman veya bir destek\u00e7i olarak- siz vesile olacaks\u0131n\u0131z. Tabii e\u011fer m\u00fccadeleye at\u0131lmaya haz\u0131rsan\u0131z\u2026 <\/p>\n","protected":false},"excerpt":{"rendered":"<p>Hayat\u0131n\u0131n tam merkezinde \u201cinternet\u201d olan g\u00fcn\u00fcm\u00fcz gen\u00e7li\u011finin aksine, onlar T\u00fcrkiye\u2019de internetin ilk g\u00fcnlerine tan\u0131kl\u0131k eden ve sanal d\u00fcnyaya ba\u011flanmak i\u00e7in zaman zaman uzun kuyruklarda s\u0131ra bekleyip<span class=\"excerpt-hellip\"> [\u2026]<\/span><\/p>\n","protected":false},"featured_media":0,"template":"","meta":{"_monsterinsights_skip_tracking":false,"_monsterinsights_sitenote_active":false,"_monsterinsights_sitenote_note":"","_monsterinsights_sitenote_category":0},"product_brand":[],"product_cat":[13043,17647],"product_tag":[],"class_list":{"0":"post-716023","1":"product","2":"type-product","3":"status-publish","5":"product_cat-ekonomi","6":"product_cat-is-dunyasi","7":"pa_cilt-ciltsiz","8":"pa_tur-kitap","9":"pa_yayinevi-kronik-kitap","10":"pa_yazar-firat-demirel","12":"first","13":"instock","14":"sale","15":"shipping-taxable","16":"purchasable","17":"product-type-simple"},"_links":{"self":[{"href":"https:\/\/roveyayinevi.com.tr\/index.php\/wp-json\/wp\/v2\/product\/716023","targetHints":{"allow":["GET"]}}],"collection":[{"href":"https:\/\/roveyayinevi.com.tr\/index.php\/wp-json\/wp\/v2\/product"}],"about":[{"href":"https:\/\/roveyayinevi.com.tr\/index.php\/wp-json\/wp\/v2\/types\/product"}],"wp:attachment":[{"href":"https:\/\/roveyayinevi.com.tr\/index.php\/wp-json\/wp\/v2\/media?parent=716023"}],"wp:term":[{"taxonomy":"product_brand","embeddable":true,"href":"https:\/\/roveyayinevi.com.tr\/index.php\/wp-json\/wp\/v2\/product_brand?post=716023"},{"taxonomy":"product_cat","embeddable":true,"href":"https:\/\/roveyayinevi.com.tr\/index.php\/wp-json\/wp\/v2\/product_cat?post=716023"},{"taxonomy":"product_tag","embeddable":true,"href":"https:\/\/roveyayinevi.com.tr\/index.php\/wp-json\/wp\/v2\/product_tag?post=716023"}],"curies":[{"name":"wp","href":"https:\/\/api.w.org\/{rel}","templated":true}]}}